{"id":185831,"date":"2021-09-29T13:51:05","date_gmt":"2021-09-29T10:51:05","guid":{"rendered":"http:\/\/dev.tactic.net\/tuote\/15-minute-heist\/"},"modified":"2024-12-04T10:34:27","modified_gmt":"2024-12-04T08:34:27","slug":"15-minute-heist","status":"archive","type":"product","link":"https:\/\/games.tactic.net\/sv\/tuote\/15-minute-heist\/","title":{"rendered":"Tactic Gamestorm 15-Minute Heist"},"content":{"rendered":"<p>Ni \u00e4r ett g\u00e4ng m\u00e4stertjuvar som har best\u00e4mt er f\u00f6r att kamma hem storkovan. Ni ska stj\u00e4la guld ur ett bankvalv, transportera upp guldet i hissen och hinna smita innan larmet g\u00e5r. F\u00f6r att lyckas med den h\u00e4rstora st\u00f6ten m\u00e5ste ni verkligen kunna samarbeta \u2026 f\u00f6r alla lyckas eller misslyckas tillsammans.<\/p>\n","protected":false},"excerpt":{"rendered":"<p>Ni \u00e4r ett g\u00e4ng m\u00e4stertjuvar som har best\u00e4mt er f\u00f6r att kamma hem storkovan. Ni ska stj\u00e4la guld ur ett bankvalv, transportera upp guldet i hissen och hinna smita innan larmet g\u00e5r. F\u00f6r att lyckas med den h\u00e4rstora st\u00f6ten m\u00e5ste ni verkligen kunna samarbeta \u2026 f\u00f6r alla lyckas eller misslyckas tillsammans.<\/p>\n","protected":false},"featured_media":0,"template":"","meta":{"content-type":"","_monsterinsights_skip_tracking":false,"_monsterinsights_sitenote_active":false,"_monsterinsights_sitenote_note":"","_monsterinsights_sitenote_category":0},"product_brand":[],"product_cat":[1522,772],"product_tag":[1226,845],"brand":[{"id":881,"name":"Gamestorm Studio","slug":"gamestormstudio"}],"target-group":[],"discontinued":[],"class_list":{"0":"post-185831","1":"product","2":"type-product","3":"status-archive","5":"product_cat-strategispel-vuxenspel","6":"product_cat-strategispel","7":"product_tag-hastighet-sv","8":"product_tag-tillsammans","9":"brand-gamestormstudio","11":"first","12":"outofstock","13":"taxable","14":"shipping-taxable","15":"product-type-simple"},"aioseo_notices":[],"_links":{"self":[{"href":"https:\/\/games.tactic.net\/sv\/wp-json\/wp\/v2\/product\/185831","targetHints":{"allow":["GET"]}}],"collection":[{"href":"https:\/\/games.tactic.net\/sv\/wp-json\/wp\/v2\/product"}],"about":[{"href":"https:\/\/games.tactic.net\/sv\/wp-json\/wp\/v2\/types\/product"}],"wp:attachment":[{"href":"https:\/\/games.tactic.net\/sv\/wp-json\/wp\/v2\/media?parent=185831"}],"wp:term":[{"taxonomy":"product_brand","embeddable":true,"href":"https:\/\/games.tactic.net\/sv\/wp-json\/wp\/v2\/product_brand?post=185831"},{"taxonomy":"product_cat","embeddable":true,"href":"https:\/\/games.tactic.net\/sv\/wp-json\/wp\/v2\/product_cat?post=185831"},{"taxonomy":"product_tag","embeddable":true,"href":"https:\/\/games.tactic.net\/sv\/wp-json\/wp\/v2\/product_tag?post=185831"},{"taxonomy":"brand","embeddable":true,"href":"https:\/\/games.tactic.net\/sv\/wp-json\/wp\/v2\/brand?post=185831"},{"taxonomy":"target-group","embeddable":true,"href":"https:\/\/games.tactic.net\/sv\/wp-json\/wp\/v2\/target-group?post=185831"},{"taxonomy":"discontinued","embeddable":true,"href":"https:\/\/games.tactic.net\/sv\/wp-json\/wp\/v2\/discontinued?post=185831"}],"curies":[{"name":"wp","href":"https:\/\/api.w.org\/{rel}","templated":true}]}}