{"id":185801,"date":"2021-09-29T13:50:52","date_gmt":"2021-09-29T10:50:52","guid":{"rendered":"http:\/\/dev.tactic.net\/tuote\/flykten-fran-spokhuset\/"},"modified":"2024-11-05T15:46:07","modified_gmt":"2024-11-05T13:46:07","slug":"flykten-fran-spokhuset","status":"archive","type":"product","link":"https:\/\/games.tactic.net\/sv\/tuote\/flykten-fran-spokhuset\/","title":{"rendered":"Tactic Flykten fr\u00e5n Sp\u00f6kslottet"},"content":{"rendered":"<p>Det g\u00e5r en rysning l\u00e4ngs ryggraden! G\u00f6m dig i ett mystiskt slott och f\u00f6rs\u00f6k att undvika alla sp\u00f6ken som har best\u00e4mt sig f\u00f6r att leta upp inkr\u00e4ktaren. I detta sp\u00f6klika \u00e4ventyrsspel f\u00f6r hela familjen ska en av spelarna g\u00f6mma sig n\u00e5gonstans i slottet medan de andra spelarna \u00e4r sp\u00f6ken som ska f\u00f6rs\u00f6ka hitta den som har g\u00f6mt sig. Det blir ingen brist p\u00e5 sp\u00e4nning, och b\u00e5de den som har g\u00f6mt sig och de som letar kan samla po\u00e4ng \u00e4nda fram till slutet! Vem ska segra?<\/p>\n","protected":false},"excerpt":{"rendered":"<p>Det g\u00e5r en rysning l\u00e4ngs ryggraden! G\u00f6m dig i ett mystiskt slott och f\u00f6rs\u00f6k att undvika alla sp\u00f6ken som har best\u00e4mt sig f\u00f6r att leta upp inkr\u00e4ktaren. Det blir ingen brist p\u00e5 sp\u00e4nning, och b\u00e5de den som har g\u00f6mt sig och de som letar kan samla po\u00e4ng \u00e4nda fram till slutet! Vem ska segra?<\/p>\n","protected":false},"featured_media":0,"template":"","meta":{"content-type":"","_monsterinsights_skip_tracking":false,"_monsterinsights_sitenote_active":false,"_monsterinsights_sitenote_note":"","_monsterinsights_sitenote_category":0},"product_brand":[],"product_cat":[1461],"product_tag":[],"brand":[],"target-group":[],"discontinued":[],"class_list":{"0":"post-185801","1":"product","2":"type-product","3":"status-archive","5":"product_cat-bradspel","7":"first","8":"outofstock","9":"taxable","10":"shipping-taxable","11":"product-type-simple"},"aioseo_notices":[],"_links":{"self":[{"href":"https:\/\/games.tactic.net\/sv\/wp-json\/wp\/v2\/product\/185801","targetHints":{"allow":["GET"]}}],"collection":[{"href":"https:\/\/games.tactic.net\/sv\/wp-json\/wp\/v2\/product"}],"about":[{"href":"https:\/\/games.tactic.net\/sv\/wp-json\/wp\/v2\/types\/product"}],"wp:attachment":[{"href":"https:\/\/games.tactic.net\/sv\/wp-json\/wp\/v2\/media?parent=185801"}],"wp:term":[{"taxonomy":"product_brand","embeddable":true,"href":"https:\/\/games.tactic.net\/sv\/wp-json\/wp\/v2\/product_brand?post=185801"},{"taxonomy":"product_cat","embeddable":true,"href":"https:\/\/games.tactic.net\/sv\/wp-json\/wp\/v2\/product_cat?post=185801"},{"taxonomy":"product_tag","embeddable":true,"href":"https:\/\/games.tactic.net\/sv\/wp-json\/wp\/v2\/product_tag?post=185801"},{"taxonomy":"brand","embeddable":true,"href":"https:\/\/games.tactic.net\/sv\/wp-json\/wp\/v2\/brand?post=185801"},{"taxonomy":"target-group","embeddable":true,"href":"https:\/\/games.tactic.net\/sv\/wp-json\/wp\/v2\/target-group?post=185801"},{"taxonomy":"discontinued","embeddable":true,"href":"https:\/\/games.tactic.net\/sv\/wp-json\/wp\/v2\/discontinued?post=185801"}],"curies":[{"name":"wp","href":"https:\/\/api.w.org\/{rel}","templated":true}]}}