{"id":185320,"date":"2021-09-29T13:47:55","date_gmt":"2021-09-29T10:47:55","guid":{"rendered":"http:\/\/dev.tactic.net\/tuote\/dice-race\/"},"modified":"2023-04-11T10:09:24","modified_gmt":"2023-04-11T07:09:24","slug":"dice-race","status":"archive","type":"product","link":"https:\/\/games.tactic.net\/sv\/tuote\/dice-race\/","title":{"rendered":"Dice Race"},"content":{"rendered":"<p>Alla spelar samtidigt och f\u00f6rs\u00f6ker para ihop kort fr\u00e5n handen med t\u00e4rningar p\u00e5 bordet. Blir du f\u00f6rst av med alla dina kort s\u00e5 vinner du!<\/p>\n","protected":false},"excerpt":{"rendered":"<p>Alla spelar samtidigt och f\u00f6rs\u00f6ker para ihop kort fr\u00e5n handen med t\u00e4rningar p\u00e5 bordet. Blir du f\u00f6rst av med alla dina kort s\u00e5 vinner du!<\/p>\n","protected":false},"featured_media":0,"template":"","meta":{"content-type":"","_monsterinsights_skip_tracking":false,"_monsterinsights_sitenote_active":false,"_monsterinsights_sitenote_note":"","_monsterinsights_sitenote_category":0},"product_brand":[],"product_cat":[2087,813],"product_tag":[1235],"brand":[],"target-group":[],"discontinued":[],"class_list":{"0":"post-185320","1":"product","2":"type-product","3":"status-archive","5":"product_cat-outlet-3","6":"product_cat-resespel","7":"product_tag-kombinera-sv","9":"first","10":"outofstock","11":"taxable","12":"shipping-taxable","13":"product-type-simple"},"aioseo_notices":[],"_links":{"self":[{"href":"https:\/\/games.tactic.net\/sv\/wp-json\/wp\/v2\/product\/185320","targetHints":{"allow":["GET"]}}],"collection":[{"href":"https:\/\/games.tactic.net\/sv\/wp-json\/wp\/v2\/product"}],"about":[{"href":"https:\/\/games.tactic.net\/sv\/wp-json\/wp\/v2\/types\/product"}],"wp:attachment":[{"href":"https:\/\/games.tactic.net\/sv\/wp-json\/wp\/v2\/media?parent=185320"}],"wp:term":[{"taxonomy":"product_brand","embeddable":true,"href":"https:\/\/games.tactic.net\/sv\/wp-json\/wp\/v2\/product_brand?post=185320"},{"taxonomy":"product_cat","embeddable":true,"href":"https:\/\/games.tactic.net\/sv\/wp-json\/wp\/v2\/product_cat?post=185320"},{"taxonomy":"product_tag","embeddable":true,"href":"https:\/\/games.tactic.net\/sv\/wp-json\/wp\/v2\/product_tag?post=185320"},{"taxonomy":"brand","embeddable":true,"href":"https:\/\/games.tactic.net\/sv\/wp-json\/wp\/v2\/brand?post=185320"},{"taxonomy":"target-group","embeddable":true,"href":"https:\/\/games.tactic.net\/sv\/wp-json\/wp\/v2\/target-group?post=185320"},{"taxonomy":"discontinued","embeddable":true,"href":"https:\/\/games.tactic.net\/sv\/wp-json\/wp\/v2\/discontinued?post=185320"}],"curies":[{"name":"wp","href":"https:\/\/api.w.org\/{rel}","templated":true}]}}