{"id":185263,"date":"2021-09-29T13:47:40","date_gmt":"2021-09-29T10:47:40","guid":{"rendered":"http:\/\/dev.tactic.net\/tuote\/ska-vi-sla-vad-2-0\/"},"modified":"2023-10-06T16:43:56","modified_gmt":"2023-10-06T13:43:56","slug":"ska-vi-sla-vad-2-0","status":"publish","type":"product","link":"https:\/\/games.tactic.net\/sv\/tuote\/ska-vi-sla-vad-2-0\/","title":{"rendered":"Tactic Ska vi sl\u00e5 vad? 2 resespel"},"content":{"rendered":"<p>En kompakt variant av det popul\u00e4ra familjespelet d\u00e4r du ska klara olika uppgifter medan \u00f6vriga spelare sl\u00e5r vad om huruvida du kommer att lyckas eller inte.<br \/>\nMassor av galna uppt\u00e5g genom spelet roar b\u00e5de barn och vuxna!<\/p>\n","protected":false},"excerpt":{"rendered":"<p>En kompakt variant av det popul\u00e4ra familjespelet d\u00e4r du ska klara olika uppgifter medan \u00f6vriga spelare sl\u00e5r vad om huruvida du kommer att lyckas eller inte.<\/p>\n","protected":false},"featured_media":0,"template":"","meta":{"content-type":"","_monsterinsights_skip_tracking":false,"_monsterinsights_sitenote_active":false,"_monsterinsights_sitenote_note":"","_monsterinsights_sitenote_category":0},"product_brand":[],"product_cat":[813],"product_tag":[],"brand":[],"target-group":[],"discontinued":[],"class_list":{"0":"post-185263","1":"product","2":"type-product","3":"status-publish","5":"product_cat-resespel","7":"first","8":"instock","9":"taxable","10":"shipping-taxable","11":"product-type-simple"},"aioseo_notices":[],"_links":{"self":[{"href":"https:\/\/games.tactic.net\/sv\/wp-json\/wp\/v2\/product\/185263","targetHints":{"allow":["GET"]}}],"collection":[{"href":"https:\/\/games.tactic.net\/sv\/wp-json\/wp\/v2\/product"}],"about":[{"href":"https:\/\/games.tactic.net\/sv\/wp-json\/wp\/v2\/types\/product"}],"wp:attachment":[{"href":"https:\/\/games.tactic.net\/sv\/wp-json\/wp\/v2\/media?parent=185263"}],"wp:term":[{"taxonomy":"product_brand","embeddable":true,"href":"https:\/\/games.tactic.net\/sv\/wp-json\/wp\/v2\/product_brand?post=185263"},{"taxonomy":"product_cat","embeddable":true,"href":"https:\/\/games.tactic.net\/sv\/wp-json\/wp\/v2\/product_cat?post=185263"},{"taxonomy":"product_tag","embeddable":true,"href":"https:\/\/games.tactic.net\/sv\/wp-json\/wp\/v2\/product_tag?post=185263"},{"taxonomy":"brand","embeddable":true,"href":"https:\/\/games.tactic.net\/sv\/wp-json\/wp\/v2\/brand?post=185263"},{"taxonomy":"target-group","embeddable":true,"href":"https:\/\/games.tactic.net\/sv\/wp-json\/wp\/v2\/target-group?post=185263"},{"taxonomy":"discontinued","embeddable":true,"href":"https:\/\/games.tactic.net\/sv\/wp-json\/wp\/v2\/discontinued?post=185263"}],"curies":[{"name":"wp","href":"https:\/\/api.w.org\/{rel}","templated":true}]}}