{"id":184574,"date":"2021-09-29T13:44:48","date_gmt":"2021-09-29T10:44:48","guid":{"rendered":"http:\/\/dev.tactic.net\/tuote\/arkitektur-i-hela-varlden\/"},"modified":"2023-10-23T10:20:39","modified_gmt":"2023-10-23T07:20:39","slug":"arkitektur-i-hela-varlden","status":"publish","type":"product","link":"https:\/\/games.tactic.net\/sv\/tuote\/arkitektur-i-hela-varlden\/","title":{"rendered":"Tactic Arkitektur i hela v\u00e4rlden"},"content":{"rendered":"<p>Tycker du om imponerande byggnader? Detta kompakta spel \u00e4r proppfullt med v\u00e4lk\u00e4nda och nya arkitektoniska underverk. P\u00e5 varje kort finns en bild av en k\u00e4nd byggnad, en fr\u00e5ga om byggnaden och lite information om dess fascinerande historia. Ingen beh\u00f6ver sitta och v\u00e4nta p\u00e5 sin tur eftersom alla spelare besvarar fr\u00e5gorna samtidigt.<\/p>\n","protected":false},"excerpt":{"rendered":"<p>I den h\u00e4r roliga lilla fr\u00e5gesporten g\u00e4ller det att k\u00e4nna igen ber\u00f6mda byggnader fr\u00e5n hela v\u00e4rlden och svara p\u00e5 fr\u00e5gor om dem. P\u00e5 varje kort finns ocks\u00e5 lite intressant information om byggnaden ifr\u00e5ga.<\/p>\n","protected":false},"featured_media":0,"template":"","meta":{"content-type":"","_monsterinsights_skip_tracking":false,"_monsterinsights_sitenote_active":false,"_monsterinsights_sitenote_note":"","_monsterinsights_sitenote_category":0},"product_brand":[],"product_cat":[1523],"product_tag":[849,1254],"brand":[],"target-group":[],"discontinued":[],"class_list":{"0":"post-184574","1":"product","2":"type-product","3":"status-publish","5":"product_cat-fragespel-vuxenspel","6":"product_tag-kunskap","7":"product_tag-pedagogisk-sv","9":"first","10":"instock","11":"taxable","12":"shipping-taxable","13":"product-type-simple"},"aioseo_notices":[],"_links":{"self":[{"href":"https:\/\/games.tactic.net\/sv\/wp-json\/wp\/v2\/product\/184574","targetHints":{"allow":["GET"]}}],"collection":[{"href":"https:\/\/games.tactic.net\/sv\/wp-json\/wp\/v2\/product"}],"about":[{"href":"https:\/\/games.tactic.net\/sv\/wp-json\/wp\/v2\/types\/product"}],"wp:attachment":[{"href":"https:\/\/games.tactic.net\/sv\/wp-json\/wp\/v2\/media?parent=184574"}],"wp:term":[{"taxonomy":"product_brand","embeddable":true,"href":"https:\/\/games.tactic.net\/sv\/wp-json\/wp\/v2\/product_brand?post=184574"},{"taxonomy":"product_cat","embeddable":true,"href":"https:\/\/games.tactic.net\/sv\/wp-json\/wp\/v2\/product_cat?post=184574"},{"taxonomy":"product_tag","embeddable":true,"href":"https:\/\/games.tactic.net\/sv\/wp-json\/wp\/v2\/product_tag?post=184574"},{"taxonomy":"brand","embeddable":true,"href":"https:\/\/games.tactic.net\/sv\/wp-json\/wp\/v2\/brand?post=184574"},{"taxonomy":"target-group","embeddable":true,"href":"https:\/\/games.tactic.net\/sv\/wp-json\/wp\/v2\/target-group?post=184574"},{"taxonomy":"discontinued","embeddable":true,"href":"https:\/\/games.tactic.net\/sv\/wp-json\/wp\/v2\/discontinued?post=184574"}],"curies":[{"name":"wp","href":"https:\/\/api.w.org\/{rel}","templated":true}]}}