{"id":183954,"date":"2021-09-29T13:42:23","date_gmt":"2021-09-29T10:42:23","guid":{"rendered":"http:\/\/dev.tactic.net\/tuote\/slingshot-to-mars\/"},"modified":"2022-03-22T12:31:06","modified_gmt":"2022-03-22T10:31:06","slug":"slingshot-to-mars","status":"archive","type":"product","link":"https:\/\/games.tactic.net\/sv\/tuote\/slingshot-to-mars\/","title":{"rendered":"Slingshot to Mars"},"content":{"rendered":"<p>Delta i ett galaktiskt \u00e4ventyr och utvinn v\u00e4rdefulla mineraler p\u00e5 Mars och dess m\u00e5nar, Phobos.<\/p>\n<p>Starta ditt rymdskepp i banan f\u00f6r att hitta de b\u00e4sta utvinningsplatserna och anv\u00e4nd dina fartygsuppgraderingar f\u00f6r att f\u00e5 extra f\u00f6rdelar. Spelet tar slut n\u00e4r alla mineraler har utvunnits och spelare som har h\u00f6gst po\u00e4ng vinner!<\/p>\n<p>\u2022 H\u00e4ftig och stor spelplan.<\/p>\n<p>\u2022 Mekaniken \u00e4r en blandning av skicklighet och taktiskt t\u00e4nkande.<\/p>\n<p>\u2022 En rolig magnetisk extrafunktion.<\/p>\n","protected":false},"excerpt":{"rendered":"<p>Delta i ett galaktiskt \u00e4ventyr och utvinn v\u00e4rdefulla mineraler p\u00e5 Mars och dess m\u00e5nar, Phobos. Starta ditt rymdskepp i banan f\u00f6r att hitta de b\u00e4sta utvinningsplatserna och anv\u00e4nd dina fartygsuppgraderingar f\u00f6r att f\u00e5 extra f\u00f6rdelar.<\/p>\n","protected":false},"featured_media":0,"template":"","meta":{"content-type":"","_monsterinsights_skip_tracking":false,"_monsterinsights_sitenote_active":false,"_monsterinsights_sitenote_note":"","_monsterinsights_sitenote_category":0},"product_brand":[],"product_cat":[772],"product_tag":[1238],"brand":[{"id":881,"name":"Gamestorm Studio","slug":"gamestormstudio"}],"target-group":[],"discontinued":[],"class_list":{"0":"post-183954","1":"product","2":"type-product","3":"status-archive","5":"product_cat-strategispel","6":"product_tag-strategi-sv","7":"brand-gamestormstudio","9":"first","10":"outofstock","11":"taxable","12":"shipping-taxable","13":"product-type-simple"},"aioseo_notices":[],"_links":{"self":[{"href":"https:\/\/games.tactic.net\/sv\/wp-json\/wp\/v2\/product\/183954","targetHints":{"allow":["GET"]}}],"collection":[{"href":"https:\/\/games.tactic.net\/sv\/wp-json\/wp\/v2\/product"}],"about":[{"href":"https:\/\/games.tactic.net\/sv\/wp-json\/wp\/v2\/types\/product"}],"wp:attachment":[{"href":"https:\/\/games.tactic.net\/sv\/wp-json\/wp\/v2\/media?parent=183954"}],"wp:term":[{"taxonomy":"product_brand","embeddable":true,"href":"https:\/\/games.tactic.net\/sv\/wp-json\/wp\/v2\/product_brand?post=183954"},{"taxonomy":"product_cat","embeddable":true,"href":"https:\/\/games.tactic.net\/sv\/wp-json\/wp\/v2\/product_cat?post=183954"},{"taxonomy":"product_tag","embeddable":true,"href":"https:\/\/games.tactic.net\/sv\/wp-json\/wp\/v2\/product_tag?post=183954"},{"taxonomy":"brand","embeddable":true,"href":"https:\/\/games.tactic.net\/sv\/wp-json\/wp\/v2\/brand?post=183954"},{"taxonomy":"target-group","embeddable":true,"href":"https:\/\/games.tactic.net\/sv\/wp-json\/wp\/v2\/target-group?post=183954"},{"taxonomy":"discontinued","embeddable":true,"href":"https:\/\/games.tactic.net\/sv\/wp-json\/wp\/v2\/discontinued?post=183954"}],"curies":[{"name":"wp","href":"https:\/\/api.w.org\/{rel}","templated":true}]}}