{"id":183939,"date":"2021-09-29T13:42:14","date_gmt":"2021-09-29T10:42:14","guid":{"rendered":"http:\/\/dev.tactic.net\/tuote\/183939\/"},"modified":"2022-10-25T15:30:06","modified_gmt":"2022-10-25T12:30:06","slug":"183939","status":"archive","type":"product","link":"https:\/\/games.tactic.net\/sv\/tuote\/183939\/","title":{"rendered":"Peppa Pig Mud Party"},"content":{"rendered":"<p>Det \u00e4r dags f\u00f6r ett gyttjebad! Sl\u00e4pp Peppa Pig i gyttjep\u00f6len och f\u00f6rs\u00f6k skv\u00e4tta gyttja p\u00e5 de andra figurerna. F\u00f6r varje lyckat plask f\u00e5r du en bricka att l\u00e4gga i din prisram. Du vinner om du som f\u00f6rsta spelare har skv\u00e4tt gyttja p\u00e5 alla figurerna.<\/p>\n<p>\u2022 Inneh\u00e5ller ocks\u00e5 en lite sv\u00e5rare version f\u00f6r mer erfarna spelare!<\/p>\n<p>\u2022 Ett fantastiskt 3D-spel som inte \u00e4r f\u00f6r l\u00e4tt och inte f\u00f6r sv\u00e5rt!<\/p>\n","protected":false},"excerpt":{"rendered":"<p>Det \u00e4r dags f\u00f6r ett gyttjebad! Sl\u00e4pp Peppa Pig i gyttjep\u00f6len och f\u00f6rs\u00f6k skv\u00e4tta gyttja p\u00e5 de andra figurerna.<\/p>\n","protected":false},"featured_media":0,"template":"","meta":{"content-type":"","_monsterinsights_skip_tracking":false,"_monsterinsights_sitenote_active":false,"_monsterinsights_sitenote_note":"","_monsterinsights_sitenote_category":0},"product_brand":[],"product_cat":[1462],"product_tag":[857],"brand":[],"target-group":[],"discontinued":[],"class_list":{"0":"post-183939","1":"product","2":"type-product","3":"status-archive","5":"product_cat-bradspel-barnspel","6":"product_tag-tur","8":"first","9":"outofstock","10":"taxable","11":"shipping-taxable","12":"product-type-simple"},"aioseo_notices":[],"_links":{"self":[{"href":"https:\/\/games.tactic.net\/sv\/wp-json\/wp\/v2\/product\/183939","targetHints":{"allow":["GET"]}}],"collection":[{"href":"https:\/\/games.tactic.net\/sv\/wp-json\/wp\/v2\/product"}],"about":[{"href":"https:\/\/games.tactic.net\/sv\/wp-json\/wp\/v2\/types\/product"}],"wp:attachment":[{"href":"https:\/\/games.tactic.net\/sv\/wp-json\/wp\/v2\/media?parent=183939"}],"wp:term":[{"taxonomy":"product_brand","embeddable":true,"href":"https:\/\/games.tactic.net\/sv\/wp-json\/wp\/v2\/product_brand?post=183939"},{"taxonomy":"product_cat","embeddable":true,"href":"https:\/\/games.tactic.net\/sv\/wp-json\/wp\/v2\/product_cat?post=183939"},{"taxonomy":"product_tag","embeddable":true,"href":"https:\/\/games.tactic.net\/sv\/wp-json\/wp\/v2\/product_tag?post=183939"},{"taxonomy":"brand","embeddable":true,"href":"https:\/\/games.tactic.net\/sv\/wp-json\/wp\/v2\/brand?post=183939"},{"taxonomy":"target-group","embeddable":true,"href":"https:\/\/games.tactic.net\/sv\/wp-json\/wp\/v2\/target-group?post=183939"},{"taxonomy":"discontinued","embeddable":true,"href":"https:\/\/games.tactic.net\/sv\/wp-json\/wp\/v2\/discontinued?post=183939"}],"curies":[{"name":"wp","href":"https:\/\/api.w.org\/{rel}","templated":true}]}}