{"id":183924,"date":"2021-09-29T13:42:08","date_gmt":"2021-09-29T10:42:08","guid":{"rendered":"http:\/\/dev.tactic.net\/tuote\/paw-patrol-lojliga-familjer\/"},"modified":"2023-11-08T13:04:47","modified_gmt":"2023-11-08T11:04:47","slug":"paw-patrol-lojliga-familjer","status":"archive","type":"product","link":"https:\/\/games.tactic.net\/sv\/tuote\/paw-patrol-lojliga-familjer\/","title":{"rendered":"Paw Patrol L\u00f6jliga familjer"},"content":{"rendered":"<p>Samla flest kvartetter i detta h\u00e4rliga Paw Patrol-spel och vinn! Korten \u00e4r fyllda med s\u00f6ta och f\u00e4rggranna bilder av dina Paw Patrol-favoriter. L\u00e4r dig att k\u00e4nna igen f\u00e4rger samt att r\u00e4kna p\u00e5 samma g\u00e5ng.<\/p>\n","protected":false},"excerpt":{"rendered":"<p>Samla flest kvartetter i detta h\u00e4rliga Paw Patrol-spel och vinn!<\/p>\n","protected":false},"featured_media":0,"template":"","meta":{"content-type":"","_monsterinsights_skip_tracking":false,"_monsterinsights_sitenote_active":false,"_monsterinsights_sitenote_note":"","_monsterinsights_sitenote_category":0},"product_brand":[],"product_cat":[1462],"product_tag":[1235,845],"brand":[],"target-group":[],"discontinued":[],"class_list":{"0":"post-183924","1":"product","2":"type-product","3":"status-archive","5":"product_cat-bradspel-barnspel","6":"product_tag-kombinera-sv","7":"product_tag-tillsammans","9":"first","10":"instock","11":"taxable","12":"shipping-taxable","13":"product-type-simple"},"aioseo_notices":[],"_links":{"self":[{"href":"https:\/\/games.tactic.net\/sv\/wp-json\/wp\/v2\/product\/183924","targetHints":{"allow":["GET"]}}],"collection":[{"href":"https:\/\/games.tactic.net\/sv\/wp-json\/wp\/v2\/product"}],"about":[{"href":"https:\/\/games.tactic.net\/sv\/wp-json\/wp\/v2\/types\/product"}],"wp:attachment":[{"href":"https:\/\/games.tactic.net\/sv\/wp-json\/wp\/v2\/media?parent=183924"}],"wp:term":[{"taxonomy":"product_brand","embeddable":true,"href":"https:\/\/games.tactic.net\/sv\/wp-json\/wp\/v2\/product_brand?post=183924"},{"taxonomy":"product_cat","embeddable":true,"href":"https:\/\/games.tactic.net\/sv\/wp-json\/wp\/v2\/product_cat?post=183924"},{"taxonomy":"product_tag","embeddable":true,"href":"https:\/\/games.tactic.net\/sv\/wp-json\/wp\/v2\/product_tag?post=183924"},{"taxonomy":"brand","embeddable":true,"href":"https:\/\/games.tactic.net\/sv\/wp-json\/wp\/v2\/brand?post=183924"},{"taxonomy":"target-group","embeddable":true,"href":"https:\/\/games.tactic.net\/sv\/wp-json\/wp\/v2\/target-group?post=183924"},{"taxonomy":"discontinued","embeddable":true,"href":"https:\/\/games.tactic.net\/sv\/wp-json\/wp\/v2\/discontinued?post=183924"}],"curies":[{"name":"wp","href":"https:\/\/api.w.org\/{rel}","templated":true}]}}