{"id":183894,"date":"2021-09-29T13:42:00","date_gmt":"2021-09-29T10:42:00","guid":{"rendered":"http:\/\/dev.tactic.net\/tuote\/paw-patrol-3-in-1\/"},"modified":"2024-08-08T09:49:42","modified_gmt":"2024-08-08T06:49:42","slug":"paw-patrol-3-in-1","status":"publish","type":"product","link":"https:\/\/games.tactic.net\/sv\/tuote\/paw-patrol-3-in-1\/","title":{"rendered":"Paw Patrol 3-in-1"},"content":{"rendered":"<p>Tre klassiska och roliga spel i en box: Memo, Lotto och Domino. Samla s\u00e5 m\u00e5nga par som m\u00f6jligt (Memo), finn kort som matchar ditt bildkort (Lotto) och bygg l\u00e4ngst v\u00e4g med dina kort (Domino).<\/p>\n","protected":false},"excerpt":{"rendered":"<p>Tre klassiska och roliga spel i en box: Memo, Lotto och Domino. Samla s\u00e5 m\u00e5nga par som m\u00f6jligt (Memo), finn kort som matchar ditt bildkort (Lotto) och bygg l\u00e4ngst v\u00e4g med dina kort (Domino).<\/p>\n","protected":false},"featured_media":0,"template":"","meta":{"content-type":"","_monsterinsights_skip_tracking":false,"_monsterinsights_sitenote_active":false,"_monsterinsights_sitenote_note":"","_monsterinsights_sitenote_category":0},"product_brand":[],"product_cat":[1462,1567],"product_tag":[1235],"brand":[],"target-group":[],"discontinued":[],"class_list":{"0":"post-183894","1":"product","2":"type-product","3":"status-publish","5":"product_cat-bradspel-barnspel","6":"product_cat-memo-spel-barnspel","7":"product_tag-kombinera-sv","9":"first","10":"instock","11":"taxable","12":"shipping-taxable","13":"product-type-simple"},"aioseo_notices":[],"_links":{"self":[{"href":"https:\/\/games.tactic.net\/sv\/wp-json\/wp\/v2\/product\/183894","targetHints":{"allow":["GET"]}}],"collection":[{"href":"https:\/\/games.tactic.net\/sv\/wp-json\/wp\/v2\/product"}],"about":[{"href":"https:\/\/games.tactic.net\/sv\/wp-json\/wp\/v2\/types\/product"}],"wp:attachment":[{"href":"https:\/\/games.tactic.net\/sv\/wp-json\/wp\/v2\/media?parent=183894"}],"wp:term":[{"taxonomy":"product_brand","embeddable":true,"href":"https:\/\/games.tactic.net\/sv\/wp-json\/wp\/v2\/product_brand?post=183894"},{"taxonomy":"product_cat","embeddable":true,"href":"https:\/\/games.tactic.net\/sv\/wp-json\/wp\/v2\/product_cat?post=183894"},{"taxonomy":"product_tag","embeddable":true,"href":"https:\/\/games.tactic.net\/sv\/wp-json\/wp\/v2\/product_tag?post=183894"},{"taxonomy":"brand","embeddable":true,"href":"https:\/\/games.tactic.net\/sv\/wp-json\/wp\/v2\/brand?post=183894"},{"taxonomy":"target-group","embeddable":true,"href":"https:\/\/games.tactic.net\/sv\/wp-json\/wp\/v2\/target-group?post=183894"},{"taxonomy":"discontinued","embeddable":true,"href":"https:\/\/games.tactic.net\/sv\/wp-json\/wp\/v2\/discontinued?post=183894"}],"curies":[{"name":"wp","href":"https:\/\/api.w.org\/{rel}","templated":true}]}}