{"id":153975,"date":"2021-09-28T13:43:34","date_gmt":"2021-09-28T10:43:34","guid":{"rendered":"http:\/\/dev.tactic.net\/tuote\/larsen-bustling-life-on-the-forest-floor-maxi\/"},"modified":"2023-10-19T15:19:29","modified_gmt":"2023-10-19T12:19:29","slug":"larsen-bustling-life-on-the-forest-floor-maxi","status":"publish","type":"product","link":"https:\/\/games.tactic.net\/sv\/tuote\/larsen-bustling-life-on-the-forest-floor-maxi\/","title":{"rendered":"Larsen Maxi Bustling Life on the forest 40 pcs floor pussel"},"content":{"rendered":"<p>Larsen Maxi Liv och r\u00f6relse i skogen 40 bitar golvpussel 28,5 x 36,5 cm. Det sjuder av liv i skogen under v\u00e5r och sommar. Bin och fj\u00e4rilar flyger fr\u00e5n blomma till blomma p\u00e5 jakt efter f\u00f6da och hj\u00e4lper samtidigt till att pollinera v\u00e4xterna. Myror bygger sina stackar och drottningen l\u00e4gger \u00e4gg inuti. M\u00e5nga djur \u00e4ter myror, och hackspetten har en l\u00e5ng tunga som n\u00e5r djupt in i stacken. Pusslet best\u00e5r av 40 bitar och passar olika \u00e5ldrar. \u00c4ldre barn l\u00e4gger det snabbare. Vissa bitar f\u00f6ljer bildens konturer medan andra \u00e4r formade som bin, sniglar, f\u00e5glar och fj\u00e4rilar. Hur m\u00e5nga f\u00e5glar och fj\u00e4rilar kan du hitta? Kan du se getingen som flyger iv\u00e4g med en myra?       <\/p>\n<p>Larsen Maxi \u00e4r en h\u00f6gkvalitativ pusselserie f\u00f6r barn som kombinerar l\u00e4rande och lek. F\u00e4rgstarka illustrationer och stadiga rambitar g\u00f6r pusslen enkla och roliga att l\u00e4gga. Larsen Maxi-pussel \u00e4r idealiska f\u00f6r yngre barn och hj\u00e4lper till att utveckla finmotorik och koncentration.<\/p>\n<p>Larsen tillverkar h\u00f6gkvalitativa pedagogiska pussel som \u00e4r utformade f\u00f6r att st\u00f6dja l\u00e4rande genom lek. Detta norska familjef\u00f6retag har varit verksamt sedan 1953, och alla pussel tillverkas i Norge. Sortimentet omfattar m\u00e5nga olika teman som djur, kartor, fordon, rymden och natur. Tydliga illustrationer och h\u00e5llbara bitar g\u00f6r Larsen-pussel till ett utm\u00e4rkt val f\u00f6r barn.<\/p>\n","protected":false},"excerpt":{"rendered":"<p>Larsen Maxi Liv och r\u00f6relse i skogen 40 bitars pussel 36,5 x 28,5 cm visar skogsliv med insekter och djur. Pedagogiskt pussel som st\u00f6djer naturkunskap.<\/p>\n","protected":false},"featured_media":0,"template":"","meta":{"content-type":"","_monsterinsights_skip_tracking":false,"_monsterinsights_sitenote_active":false,"_monsterinsights_sitenote_note":"","_monsterinsights_sitenote_category":0},"product_brand":[],"product_cat":[1520],"product_tag":[1235,932,845],"brand":[],"target-group":[],"discontinued":[],"class_list":{"0":"post-153975","1":"product","2":"type-product","3":"status-publish","5":"product_cat-barn-pussel","6":"product_tag-kombinera-sv","7":"product_tag-tidsfordriv","8":"product_tag-tillsammans","10":"first","11":"instock","12":"taxable","13":"shipping-taxable","14":"product-type-simple"},"aioseo_notices":[],"_links":{"self":[{"href":"https:\/\/games.tactic.net\/sv\/wp-json\/wp\/v2\/product\/153975","targetHints":{"allow":["GET"]}}],"collection":[{"href":"https:\/\/games.tactic.net\/sv\/wp-json\/wp\/v2\/product"}],"about":[{"href":"https:\/\/games.tactic.net\/sv\/wp-json\/wp\/v2\/types\/product"}],"wp:attachment":[{"href":"https:\/\/games.tactic.net\/sv\/wp-json\/wp\/v2\/media?parent=153975"}],"wp:term":[{"taxonomy":"product_brand","embeddable":true,"href":"https:\/\/games.tactic.net\/sv\/wp-json\/wp\/v2\/product_brand?post=153975"},{"taxonomy":"product_cat","embeddable":true,"href":"https:\/\/games.tactic.net\/sv\/wp-json\/wp\/v2\/product_cat?post=153975"},{"taxonomy":"product_tag","embeddable":true,"href":"https:\/\/games.tactic.net\/sv\/wp-json\/wp\/v2\/product_tag?post=153975"},{"taxonomy":"brand","embeddable":true,"href":"https:\/\/games.tactic.net\/sv\/wp-json\/wp\/v2\/brand?post=153975"},{"taxonomy":"target-group","embeddable":true,"href":"https:\/\/games.tactic.net\/sv\/wp-json\/wp\/v2\/target-group?post=153975"},{"taxonomy":"discontinued","embeddable":true,"href":"https:\/\/games.tactic.net\/sv\/wp-json\/wp\/v2\/discontinued?post=153975"}],"curies":[{"name":"wp","href":"https:\/\/api.w.org\/{rel}","templated":true}]}}