{"id":153813,"date":"2021-09-28T13:38:34","date_gmt":"2021-09-28T10:38:34","guid":{"rendered":"http:\/\/dev.tactic.net\/tuote\/larsen-happy-forest-maxi\/"},"modified":"2023-10-19T15:37:24","modified_gmt":"2023-10-19T12:37:24","slug":"larsen-happy-forest-maxi","status":"publish","type":"product","link":"https:\/\/games.tactic.net\/sv\/tuote\/larsen-happy-forest-maxi\/","title":{"rendered":"Larsen Maxi Happy Forest 42 pcs pussel"},"content":{"rendered":"<p>Larsen Maxi Glad skog 42 bitar pussel 36,5 x 28,5 cm. En h\u00e4rlig sommardag i skogen \u00e4r alla djur glada. Skogen \u00e4r full av mat och alla har \u00e4tit sig m\u00e4tta. Bj\u00f6rnen har njutit av en god m\u00e5ltid med honung och ekorrarna har hittat m\u00e5nga n\u00f6tter. De sm\u00e5 f\u00e5glarna har hittat b\u00e4r, fr\u00f6n och insekter att \u00e4ta och hararna har funnit m\u00e5nga v\u00e4xter som de tycker \u00e4r mycket goda. \u00c4lgarna tycker ocks\u00e5 om skogens v\u00e4xter och \u00e4ter g\u00e4rna blad fr\u00e5n tr\u00e4den. R\u00e4ven har just \u00e4tit tv\u00e5 sm\u00e5 m\u00f6ss. Kan du hitta b\u00e4vern? Detta pussel best\u00e5r av 42 bitar som f\u00f6ljer bildens konturer och passar barn som redan har viss pusselvana.<\/p>\n<p>Larsen Maxi \u00e4r en h\u00f6gkvalitativ pusselserie f\u00f6r barn som kombinerar l\u00e4rande och lek. F\u00e4rgstarka illustrationer och stadiga rambitar g\u00f6r pusslen enkla och roliga att l\u00e4gga. Larsen Maxi-pussel \u00e4r idealiska f\u00f6r yngre barn och hj\u00e4lper till att utveckla finmotorik och koncentration.<\/p>\n<p>Larsen tillverkar h\u00f6gkvalitativa pedagogiska pussel som \u00e4r utformade f\u00f6r att st\u00f6dja l\u00e4rande genom lek. Detta norska familjef\u00f6retag har varit verksamt sedan 1953, och alla pussel tillverkas i Norge. Sortimentet omfattar m\u00e5nga olika teman som djur, kartor, fordon, rymden och natur. Tydliga illustrationer och h\u00e5llbara bitar g\u00f6r Larsen-pussel till ett utm\u00e4rkt val f\u00f6r barn.<\/p>\n","protected":false},"excerpt":{"rendered":"<p>Larsen Maxi Glad skog 42 bitars pussel 36,5 x 28,5 cm visar skogsdjur som bj\u00f6rn, r\u00e4v och ekorre. Pedagogiskt pussel som st\u00f6djer naturkunskap.<\/p>\n","protected":false},"featured_media":0,"template":"","meta":{"content-type":"","_monsterinsights_skip_tracking":false,"_monsterinsights_sitenote_active":false,"_monsterinsights_sitenote_note":"","_monsterinsights_sitenote_category":0},"product_brand":[],"product_cat":[1520],"product_tag":[347,932,845],"brand":[],"target-group":[],"discontinued":[],"class_list":{"0":"post-153813","1":"product","2":"type-product","3":"status-publish","5":"product_cat-barn-pussel","6":"product_tag-kombinera","7":"product_tag-tidsfordriv","8":"product_tag-tillsammans","10":"first","11":"instock","12":"taxable","13":"shipping-taxable","14":"product-type-simple"},"aioseo_notices":[],"_links":{"self":[{"href":"https:\/\/games.tactic.net\/sv\/wp-json\/wp\/v2\/product\/153813","targetHints":{"allow":["GET"]}}],"collection":[{"href":"https:\/\/games.tactic.net\/sv\/wp-json\/wp\/v2\/product"}],"about":[{"href":"https:\/\/games.tactic.net\/sv\/wp-json\/wp\/v2\/types\/product"}],"wp:attachment":[{"href":"https:\/\/games.tactic.net\/sv\/wp-json\/wp\/v2\/media?parent=153813"}],"wp:term":[{"taxonomy":"product_brand","embeddable":true,"href":"https:\/\/games.tactic.net\/sv\/wp-json\/wp\/v2\/product_brand?post=153813"},{"taxonomy":"product_cat","embeddable":true,"href":"https:\/\/games.tactic.net\/sv\/wp-json\/wp\/v2\/product_cat?post=153813"},{"taxonomy":"product_tag","embeddable":true,"href":"https:\/\/games.tactic.net\/sv\/wp-json\/wp\/v2\/product_tag?post=153813"},{"taxonomy":"brand","embeddable":true,"href":"https:\/\/games.tactic.net\/sv\/wp-json\/wp\/v2\/brand?post=153813"},{"taxonomy":"target-group","embeddable":true,"href":"https:\/\/games.tactic.net\/sv\/wp-json\/wp\/v2\/target-group?post=153813"},{"taxonomy":"discontinued","embeddable":true,"href":"https:\/\/games.tactic.net\/sv\/wp-json\/wp\/v2\/discontinued?post=153813"}],"curies":[{"name":"wp","href":"https:\/\/api.w.org\/{rel}","templated":true}]}}