{"id":153599,"date":"2021-09-28T13:31:20","date_gmt":"2021-09-28T10:31:20","guid":{"rendered":"http:\/\/dev.tactic.net\/tuote\/larsen-memopuzzle-mother-and-baby-animal-duo-maxi\/"},"modified":"2023-10-19T15:41:27","modified_gmt":"2023-10-19T12:41:27","slug":"larsen-memopuzzle-mother-and-baby-animal-duo-maxi","status":"publish","type":"product","link":"https:\/\/games.tactic.net\/sv\/tuote\/larsen-memopuzzle-mother-and-baby-animal-duo-maxi\/","title":{"rendered":"Larsen Maxi Memo Mother and Baby animal Duo 32 pcs pussel"},"content":{"rendered":"<p>Larsen Maxi Memo Mamma och djurunge 32 bitar pussel 36,5 x 28,5 cm. Para ihop mamma och ungar i detta s\u00f6ta och glada memopussel. 16 djur \u00e4r noggrant illustrerade p\u00e5 pusselbitarna, med mamman visad p\u00e5 biten nedanf\u00f6r. Mellan pusselbitarna finns familjebilder tryckta p\u00e5 ramen. F\u00f6r att g\u00f6ra det extra roligt och utmanande kan pusslet \u00e4ven anv\u00e4ndas som ett memospel d\u00e4r du placerar varje djurbit p\u00e5 r\u00e4tt plats med hj\u00e4lp av bilden p\u00e5 ramen. Pusslet best\u00e5r av 32 bitar med b\u00f6jda kanter och riktar sig till yngre barn med sm\u00e5 h\u00e4nder.<\/p>\n<p>Larsen Maxi \u00e4r en h\u00f6gkvalitativ pusselserie f\u00f6r barn som kombinerar l\u00e4rande och lek. F\u00e4rgstarka illustrationer och stadiga rambitar g\u00f6r pusslen enkla och roliga att l\u00e4gga. Larsen Maxi-pussel \u00e4r idealiska f\u00f6r yngre barn och hj\u00e4lper till att utveckla finmotorik och koncentration.<\/p>\n<p>Larsen tillverkar h\u00f6gkvalitativa pedagogiska pussel som \u00e4r utformade f\u00f6r att st\u00f6dja l\u00e4rande genom lek. Detta norska familjef\u00f6retag har varit verksamt sedan 1953, och alla pussel tillverkas i Norge. Sortimentet omfattar m\u00e5nga olika teman som djur, kartor, fordon, rymden och natur. Tydliga illustrationer och h\u00e5llbara bitar g\u00f6r Larsen-pussel till ett utm\u00e4rkt val f\u00f6r barn.<\/p>\n","protected":false},"excerpt":{"rendered":"<p>Larsen Maxi Memo mamma och ungar 32 bitars pussel 36,5 x 28,5 cm \u00e4r ett memoryspel med djurpar. Pedagogiskt pussel som st\u00f6djer minne och igenk\u00e4nning.<\/p>\n","protected":false},"featured_media":0,"template":"","meta":{"content-type":"","_monsterinsights_skip_tracking":false,"_monsterinsights_sitenote_active":false,"_monsterinsights_sitenote_note":"","_monsterinsights_sitenote_category":0},"product_brand":[],"product_cat":[1520],"product_tag":[1235,932,845],"brand":[],"target-group":[],"discontinued":[],"class_list":{"0":"post-153599","1":"product","2":"type-product","3":"status-publish","5":"product_cat-barn-pussel","6":"product_tag-kombinera-sv","7":"product_tag-tidsfordriv","8":"product_tag-tillsammans","10":"first","11":"instock","12":"taxable","13":"shipping-taxable","14":"product-type-simple"},"aioseo_notices":[],"_links":{"self":[{"href":"https:\/\/games.tactic.net\/sv\/wp-json\/wp\/v2\/product\/153599","targetHints":{"allow":["GET"]}}],"collection":[{"href":"https:\/\/games.tactic.net\/sv\/wp-json\/wp\/v2\/product"}],"about":[{"href":"https:\/\/games.tactic.net\/sv\/wp-json\/wp\/v2\/types\/product"}],"wp:attachment":[{"href":"https:\/\/games.tactic.net\/sv\/wp-json\/wp\/v2\/media?parent=153599"}],"wp:term":[{"taxonomy":"product_brand","embeddable":true,"href":"https:\/\/games.tactic.net\/sv\/wp-json\/wp\/v2\/product_brand?post=153599"},{"taxonomy":"product_cat","embeddable":true,"href":"https:\/\/games.tactic.net\/sv\/wp-json\/wp\/v2\/product_cat?post=153599"},{"taxonomy":"product_tag","embeddable":true,"href":"https:\/\/games.tactic.net\/sv\/wp-json\/wp\/v2\/product_tag?post=153599"},{"taxonomy":"brand","embeddable":true,"href":"https:\/\/games.tactic.net\/sv\/wp-json\/wp\/v2\/brand?post=153599"},{"taxonomy":"target-group","embeddable":true,"href":"https:\/\/games.tactic.net\/sv\/wp-json\/wp\/v2\/target-group?post=153599"},{"taxonomy":"discontinued","embeddable":true,"href":"https:\/\/games.tactic.net\/sv\/wp-json\/wp\/v2\/discontinued?post=153599"}],"curies":[{"name":"wp","href":"https:\/\/api.w.org\/{rel}","templated":true}]}}