{"id":153441,"date":"2021-09-28T13:27:25","date_gmt":"2021-09-28T10:27:25","guid":{"rendered":"http:\/\/dev.tactic.net\/tuote\/larsen-the-europen-union-eu\/"},"modified":"2023-10-19T16:30:00","modified_gmt":"2023-10-19T13:30:00","slug":"larsen-the-europen-union-eu","status":"publish","type":"product","link":"https:\/\/games.tactic.net\/sv\/tuote\/larsen-the-europen-union-eu\/","title":{"rendered":"Larsen Maxi The European Union (EU) 70 pcs pussel"},"content":{"rendered":"<p>Larsen Maxi Europeiska unionen (EU) 70 bitar pussel 28,5 x 36,5 cm. L\u00e4r dig om Europa och de 27 l\u00e4nder som utg\u00f6r Europeiska unionen. Varje EU-land visas i tydliga och fr\u00e4scha f\u00e4rger medan f\u00e4rgerna p\u00e5 de omgivande l\u00e4nderna \u00e4r nedtonade. Du hittar EU-l\u00e4ndernas flaggor p\u00e5 b\u00e5da sidor av kartan, och ovanf\u00f6r flaggorna st\u00e5r \u00e5ret d\u00e5 varje land blev fullv\u00e4rdig medlem i unionen. Belgien, Tyskland, Frankrike, Italien, Luxemburg och Nederl\u00e4nderna har varit medlemmar sedan Romf\u00f6rdraget tr\u00e4dde i kraft 1958. Du hittar \u20ac-symbolen till v\u00e4nster om flaggorna f\u00f6r de l\u00e4nder som anv\u00e4nder euro som valuta. De 70 sammanfogade pusselbitarna g\u00f6r att detta pussel passar b\u00e4st f\u00f6r \u00e4ldre barn och vuxna. Titta p\u00e5 f\u00e4rgerna, l\u00e4s namnen och l\u00e4r dig om Europa och Europeiska unionen.<\/p>\n<p>Larsen Maxi \u00e4r en h\u00f6gkvalitativ pusselserie f\u00f6r barn som kombinerar l\u00e4rande och lek. F\u00e4rgstarka illustrationer och stadiga rambitar g\u00f6r pusslen enkla och roliga att l\u00e4gga. Larsen Maxi-pussel \u00e4r idealiska f\u00f6r yngre barn och hj\u00e4lper till att utveckla finmotorik och koncentration.<\/p>\n<p>Larsen tillverkar h\u00f6gkvalitativa pedagogiska pussel som \u00e4r utformade f\u00f6r att st\u00f6dja l\u00e4rande genom lek. Detta norska familjef\u00f6retag har varit verksamt sedan 1953, och alla pussel tillverkas i Norge. Sortimentet omfattar m\u00e5nga olika teman som djur, kartor, fordon, rymden och natur. Tydliga illustrationer och h\u00e5llbara bitar g\u00f6r Larsen-pussel till ett utm\u00e4rkt val f\u00f6r barn.<\/p>\n","protected":false},"excerpt":{"rendered":"<p>Larsen Maxi Europeiska unionen EU 70 bitars pussel 36,5 x 28,5 cm visar EU-l\u00e4nder, flaggor och karta. Pedagogiskt pussel som st\u00f6djer geografikunskap.<\/p>\n","protected":false},"featured_media":0,"template":"","meta":{"content-type":"","_monsterinsights_skip_tracking":false,"_monsterinsights_sitenote_active":false,"_monsterinsights_sitenote_note":"","_monsterinsights_sitenote_category":0},"product_brand":[],"product_cat":[1520],"product_tag":[1235,932,845],"brand":[],"target-group":[],"discontinued":[],"class_list":{"0":"post-153441","1":"product","2":"type-product","3":"status-publish","5":"product_cat-barn-pussel","6":"product_tag-kombinera-sv","7":"product_tag-tidsfordriv","8":"product_tag-tillsammans","10":"first","11":"instock","12":"taxable","13":"shipping-taxable","14":"product-type-simple"},"aioseo_notices":[],"_links":{"self":[{"href":"https:\/\/games.tactic.net\/sv\/wp-json\/wp\/v2\/product\/153441","targetHints":{"allow":["GET"]}}],"collection":[{"href":"https:\/\/games.tactic.net\/sv\/wp-json\/wp\/v2\/product"}],"about":[{"href":"https:\/\/games.tactic.net\/sv\/wp-json\/wp\/v2\/types\/product"}],"wp:attachment":[{"href":"https:\/\/games.tactic.net\/sv\/wp-json\/wp\/v2\/media?parent=153441"}],"wp:term":[{"taxonomy":"product_brand","embeddable":true,"href":"https:\/\/games.tactic.net\/sv\/wp-json\/wp\/v2\/product_brand?post=153441"},{"taxonomy":"product_cat","embeddable":true,"href":"https:\/\/games.tactic.net\/sv\/wp-json\/wp\/v2\/product_cat?post=153441"},{"taxonomy":"product_tag","embeddable":true,"href":"https:\/\/games.tactic.net\/sv\/wp-json\/wp\/v2\/product_tag?post=153441"},{"taxonomy":"brand","embeddable":true,"href":"https:\/\/games.tactic.net\/sv\/wp-json\/wp\/v2\/brand?post=153441"},{"taxonomy":"target-group","embeddable":true,"href":"https:\/\/games.tactic.net\/sv\/wp-json\/wp\/v2\/target-group?post=153441"},{"taxonomy":"discontinued","embeddable":true,"href":"https:\/\/games.tactic.net\/sv\/wp-json\/wp\/v2\/discontinued?post=153441"}],"curies":[{"name":"wp","href":"https:\/\/api.w.org\/{rel}","templated":true}]}}