{"id":153307,"date":"2021-09-28T13:23:47","date_gmt":"2021-09-28T10:23:47","guid":{"rendered":"http:\/\/dev.tactic.net\/tuote\/larsen-happy-farm-maxi\/"},"modified":"2023-10-19T15:36:56","modified_gmt":"2023-10-19T12:36:56","slug":"larsen-happy-farm-maxi","status":"publish","type":"product","link":"https:\/\/games.tactic.net\/sv\/tuote\/larsen-happy-farm-maxi\/","title":{"rendered":"Larsen Maxi Happy Farm 33 pcs pussel"},"content":{"rendered":"<p>Larsen Maxi Glad bondg\u00e5rd 33 bitar pussel 36,5 x 28,5 cm. &#8221;&#8221;S\u00e4g CHEESE!&#8221;&#8221; Gl\u00e4djen ligger i luften i detta varma och livfulla djurpussel. Har du n\u00e5gonsin sett s\u00e5 mycket charm bland dessa glada bondg\u00e5rdsdjur? Varf\u00f6r inte vara med p\u00e5 selfie-festen. Detta f\u00e4rgglada och konstn\u00e4rliga selfiepussel visar 21 g\u00e5rdsdjur, bland annat en r\u00f6d ekorre, en h\u00f6na, tv\u00e5 svalor, fyra h\u00e4star, ett f\u00e5r, ett lamm, tv\u00e5 getter, tre grisar, tre kycklingar, en hund, en valp och en busig r\u00f6d och bl\u00e5 fj\u00e4ril som sitter p\u00e5 f\u00e5rets nos. Pusslet best\u00e5r av 33 st\u00f6rre konturbitar och riktar sig fr\u00e4mst till yngre barn.<\/p>\n<p>Larsen Maxi \u00e4r en h\u00f6gkvalitativ pusselserie f\u00f6r barn som kombinerar l\u00e4rande och lek. F\u00e4rgstarka illustrationer och stadiga rambitar g\u00f6r pusslen enkla och roliga att l\u00e4gga. Larsen Maxi-pussel \u00e4r idealiska f\u00f6r yngre barn och hj\u00e4lper till att utveckla finmotorik och koncentration.<\/p>\n<p>Larsen tillverkar h\u00f6gkvalitativa pedagogiska pussel som \u00e4r utformade f\u00f6r att st\u00f6dja l\u00e4rande genom lek. Detta norska familjef\u00f6retag har varit verksamt sedan 1953, och alla pussel tillverkas i Norge. Sortimentet omfattar m\u00e5nga olika teman som djur, kartor, fordon, rymden och natur. Tydliga illustrationer och h\u00e5llbara bitar g\u00f6r Larsen-pussel till ett utm\u00e4rkt val f\u00f6r barn.<\/p>\n","protected":false},"excerpt":{"rendered":"<p>Larsen Maxi Glad bondg\u00e5rd 33 bitars pussel 36,5 x 28,5 cm visar en bondg\u00e5rd med glada djur. Roligt djurpussel som st\u00f6djer motorik och igenk\u00e4nning av djur.<\/p>\n","protected":false},"featured_media":0,"template":"","meta":{"content-type":"","_monsterinsights_skip_tracking":false,"_monsterinsights_sitenote_active":false,"_monsterinsights_sitenote_note":"","_monsterinsights_sitenote_category":0},"product_brand":[],"product_cat":[1520],"product_tag":[1235,932,845],"brand":[],"target-group":[],"discontinued":[],"class_list":{"0":"post-153307","1":"product","2":"type-product","3":"status-publish","5":"product_cat-barn-pussel","6":"product_tag-kombinera-sv","7":"product_tag-tidsfordriv","8":"product_tag-tillsammans","10":"first","11":"instock","12":"taxable","13":"shipping-taxable","14":"product-type-simple"},"aioseo_notices":[],"_links":{"self":[{"href":"https:\/\/games.tactic.net\/sv\/wp-json\/wp\/v2\/product\/153307","targetHints":{"allow":["GET"]}}],"collection":[{"href":"https:\/\/games.tactic.net\/sv\/wp-json\/wp\/v2\/product"}],"about":[{"href":"https:\/\/games.tactic.net\/sv\/wp-json\/wp\/v2\/types\/product"}],"wp:attachment":[{"href":"https:\/\/games.tactic.net\/sv\/wp-json\/wp\/v2\/media?parent=153307"}],"wp:term":[{"taxonomy":"product_brand","embeddable":true,"href":"https:\/\/games.tactic.net\/sv\/wp-json\/wp\/v2\/product_brand?post=153307"},{"taxonomy":"product_cat","embeddable":true,"href":"https:\/\/games.tactic.net\/sv\/wp-json\/wp\/v2\/product_cat?post=153307"},{"taxonomy":"product_tag","embeddable":true,"href":"https:\/\/games.tactic.net\/sv\/wp-json\/wp\/v2\/product_tag?post=153307"},{"taxonomy":"brand","embeddable":true,"href":"https:\/\/games.tactic.net\/sv\/wp-json\/wp\/v2\/brand?post=153307"},{"taxonomy":"target-group","embeddable":true,"href":"https:\/\/games.tactic.net\/sv\/wp-json\/wp\/v2\/target-group?post=153307"},{"taxonomy":"discontinued","embeddable":true,"href":"https:\/\/games.tactic.net\/sv\/wp-json\/wp\/v2\/discontinued?post=153307"}],"curies":[{"name":"wp","href":"https:\/\/api.w.org\/{rel}","templated":true}]}}