{"id":152737,"date":"2021-09-28T13:13:35","date_gmt":"2021-09-28T10:13:35","guid":{"rendered":"http:\/\/dev.tactic.net\/tuote\/larsen-football-maxi\/"},"modified":"2023-10-19T15:31:46","modified_gmt":"2023-10-19T12:31:46","slug":"larsen-football-maxi","status":"publish","type":"product","link":"https:\/\/games.tactic.net\/sv\/tuote\/larsen-football-maxi\/","title":{"rendered":"Larsen Maxi Football 65 pcs pussel"},"content":{"rendered":"<p>Larsen Maxi Fotboll 65 bitar pussel 36,5 x 28,5 cm. Detta f\u00e4rgglada pussel visar massor av fotbollsspelare i full aktion p\u00e5 planen. Bollen sparkas, f\u00e5ngas och nickas medan spelare fr\u00e5n olika lag k\u00e4mpar om segern. I bakgrunden jublar fans med flaggor, och m\u00e5let st\u00e5r redo. <\/p>\n<p>Pusslet inneh\u00e5ller 65 bitar och passar lite \u00e4ldre barn. Det tr\u00e4nar b\u00e5de observationsf\u00f6rm\u00e5ga och intresse f\u00f6r sport.<\/p>\n<p>Larsen Maxi \u00e4r en h\u00f6gkvalitativ pusselserie f\u00f6r barn som kombinerar l\u00e4rande och lek. F\u00e4rgstarka illustrationer och stadiga rambitar g\u00f6r pusslen enkla och roliga att l\u00e4gga. Larsen Maxi-pussel \u00e4r idealiska f\u00f6r yngre barn och hj\u00e4lper till att utveckla finmotorik och koncentration.<\/p>\n<p>Larsen tillverkar h\u00f6gkvalitativa pedagogiska pussel som \u00e4r utformade f\u00f6r att st\u00f6dja l\u00e4rande genom lek. Detta norska familjef\u00f6retag har varit verksamt sedan 1953, och alla pussel tillverkas i Norge. Sortimentet omfattar m\u00e5nga olika teman som djur, kartor, fordon, rymden och natur. Tydliga illustrationer och h\u00e5llbara bitar g\u00f6r Larsen-pussel till ett utm\u00e4rkt val f\u00f6r barn.<\/p>\n","protected":false},"excerpt":{"rendered":"<p>Larsen Maxi Fotboll 65 bitars pussel 36,5 x 28,5 cm visar fotbollsspelare och actionscener. Barnpussel som st\u00f6djer motorik och observation.<\/p>\n","protected":false},"featured_media":0,"template":"","meta":{"content-type":"","_monsterinsights_skip_tracking":false,"_monsterinsights_sitenote_active":false,"_monsterinsights_sitenote_note":"","_monsterinsights_sitenote_category":0},"product_brand":[],"product_cat":[1520],"product_tag":[1235,932,845],"brand":[],"target-group":[],"discontinued":[],"class_list":{"0":"post-152737","1":"product","2":"type-product","3":"status-publish","5":"product_cat-barn-pussel","6":"product_tag-kombinera-sv","7":"product_tag-tidsfordriv","8":"product_tag-tillsammans","10":"first","11":"instock","12":"taxable","13":"shipping-taxable","14":"product-type-simple"},"aioseo_notices":[],"_links":{"self":[{"href":"https:\/\/games.tactic.net\/sv\/wp-json\/wp\/v2\/product\/152737","targetHints":{"allow":["GET"]}}],"collection":[{"href":"https:\/\/games.tactic.net\/sv\/wp-json\/wp\/v2\/product"}],"about":[{"href":"https:\/\/games.tactic.net\/sv\/wp-json\/wp\/v2\/types\/product"}],"wp:attachment":[{"href":"https:\/\/games.tactic.net\/sv\/wp-json\/wp\/v2\/media?parent=152737"}],"wp:term":[{"taxonomy":"product_brand","embeddable":true,"href":"https:\/\/games.tactic.net\/sv\/wp-json\/wp\/v2\/product_brand?post=152737"},{"taxonomy":"product_cat","embeddable":true,"href":"https:\/\/games.tactic.net\/sv\/wp-json\/wp\/v2\/product_cat?post=152737"},{"taxonomy":"product_tag","embeddable":true,"href":"https:\/\/games.tactic.net\/sv\/wp-json\/wp\/v2\/product_tag?post=152737"},{"taxonomy":"brand","embeddable":true,"href":"https:\/\/games.tactic.net\/sv\/wp-json\/wp\/v2\/brand?post=152737"},{"taxonomy":"target-group","embeddable":true,"href":"https:\/\/games.tactic.net\/sv\/wp-json\/wp\/v2\/target-group?post=152737"},{"taxonomy":"discontinued","embeddable":true,"href":"https:\/\/games.tactic.net\/sv\/wp-json\/wp\/v2\/discontinued?post=152737"}],"curies":[{"name":"wp","href":"https:\/\/api.w.org\/{rel}","templated":true}]}}