{"id":152662,"date":"2021-09-28T13:11:05","date_gmt":"2021-09-28T10:11:05","guid":{"rendered":"http:\/\/dev.tactic.net\/tuote\/larsen-horses-maxi\/"},"modified":"2023-10-19T15:37:51","modified_gmt":"2023-10-19T12:37:51","slug":"larsen-horses-maxi","status":"publish","type":"product","link":"https:\/\/games.tactic.net\/sv\/tuote\/larsen-horses-maxi\/","title":{"rendered":"Larsen Maxi Horses 65 pcs pussel"},"content":{"rendered":"<p>Larsen Maxi H\u00e4star 65 bitar pussel 28,5 x 36,5 cm. Detta karakt\u00e4ristiska pussel visar sju lekfulla h\u00e4star som njuter av frihet och natur p\u00e5 ett \u00f6ppet f\u00e4lt. Med Black Beauty och den \u00e4nglalika vita h\u00e4sten p\u00e5 varsin sida samlas de bruna h\u00e4starna i mitten och galopperar lekfullt runt varandra. En gul och svart fj\u00e4ril fladdrar \u00f6ver gr\u00e4set, och stora lerfl\u00e4ckar t\u00e4cker marken d\u00e4r h\u00e4starna sprungit runt med stor entusiasm. Pusslet best\u00e5r av 65 bitar och \u00e4r utformat f\u00f6r \u00e4ldre barn. N\u00e5gra av bitarna har passande former som en lama, en fj\u00e4ril, en banan, en kopp, en pingvin och en fisk. Detta h\u00e4sttema hj\u00e4lper ditt barn att utveckla finmotorik, kognitiva f\u00e4rdigheter och gott minne.<\/p>\n<p>Larsen Maxi \u00e4r en h\u00f6gkvalitativ pusselserie f\u00f6r barn som kombinerar l\u00e4rande och lek. F\u00e4rgstarka illustrationer och stadiga rambitar g\u00f6r pusslen enkla och roliga att l\u00e4gga. Larsen Maxi-pussel \u00e4r idealiska f\u00f6r yngre barn och hj\u00e4lper till att utveckla finmotorik och koncentration.<\/p>\n<p>Larsen tillverkar h\u00f6gkvalitativa pedagogiska pussel som \u00e4r utformade f\u00f6r att st\u00f6dja l\u00e4rande genom lek. Detta norska familjef\u00f6retag har varit verksamt sedan 1953, och alla pussel tillverkas i Norge. Sortimentet omfattar m\u00e5nga olika teman som djur, kartor, fordon, rymden och natur. Tydliga illustrationer och h\u00e5llbara bitar g\u00f6r Larsen-pussel till ett utm\u00e4rkt val f\u00f6r barn.<\/p>\n","protected":false},"excerpt":{"rendered":"<p>Larsen Maxi H\u00e4star 65 bitars pussel 36,5 x 28,5 cm visar h\u00e4star p\u00e5 en \u00e4ng. Barnpussel som st\u00f6djer motorik och fantasi.<\/p>\n","protected":false},"featured_media":0,"template":"","meta":{"content-type":"","_monsterinsights_skip_tracking":false,"_monsterinsights_sitenote_active":false,"_monsterinsights_sitenote_note":"","_monsterinsights_sitenote_category":0},"product_brand":[],"product_cat":[1520],"product_tag":[347,932,845],"brand":[],"target-group":[],"discontinued":[],"class_list":{"0":"post-152662","1":"product","2":"type-product","3":"status-publish","5":"product_cat-barn-pussel","6":"product_tag-kombinera","7":"product_tag-tidsfordriv","8":"product_tag-tillsammans","10":"first","11":"instock","12":"taxable","13":"shipping-taxable","14":"product-type-simple"},"aioseo_notices":[],"_links":{"self":[{"href":"https:\/\/games.tactic.net\/sv\/wp-json\/wp\/v2\/product\/152662","targetHints":{"allow":["GET"]}}],"collection":[{"href":"https:\/\/games.tactic.net\/sv\/wp-json\/wp\/v2\/product"}],"about":[{"href":"https:\/\/games.tactic.net\/sv\/wp-json\/wp\/v2\/types\/product"}],"wp:attachment":[{"href":"https:\/\/games.tactic.net\/sv\/wp-json\/wp\/v2\/media?parent=152662"}],"wp:term":[{"taxonomy":"product_brand","embeddable":true,"href":"https:\/\/games.tactic.net\/sv\/wp-json\/wp\/v2\/product_brand?post=152662"},{"taxonomy":"product_cat","embeddable":true,"href":"https:\/\/games.tactic.net\/sv\/wp-json\/wp\/v2\/product_cat?post=152662"},{"taxonomy":"product_tag","embeddable":true,"href":"https:\/\/games.tactic.net\/sv\/wp-json\/wp\/v2\/product_tag?post=152662"},{"taxonomy":"brand","embeddable":true,"href":"https:\/\/games.tactic.net\/sv\/wp-json\/wp\/v2\/brand?post=152662"},{"taxonomy":"target-group","embeddable":true,"href":"https:\/\/games.tactic.net\/sv\/wp-json\/wp\/v2\/target-group?post=152662"},{"taxonomy":"discontinued","embeddable":true,"href":"https:\/\/games.tactic.net\/sv\/wp-json\/wp\/v2\/discontinued?post=152662"}],"curies":[{"name":"wp","href":"https:\/\/api.w.org\/{rel}","templated":true}]}}