{"id":152473,"date":"2021-09-28T13:08:10","date_gmt":"2021-09-28T10:08:10","guid":{"rendered":"http:\/\/dev.tactic.net\/tuote\/larsen-substra-puzzle-maxi\/"},"modified":"2026-01-26T09:09:11","modified_gmt":"2026-01-26T07:09:11","slug":"larsen-substra-puzzle-maxi","status":"archive","type":"product","link":"https:\/\/games.tactic.net\/sv\/tuote\/larsen-substra-puzzle-maxi\/","title":{"rendered":"Larsen Maxi Subtra pussel 58 pcs pussel"},"content":{"rendered":"<p>Larsen Maxi Subtra Puzzle 58 bitar pussel 36,5 x 28,5 cm. L\u00e4r dig grundl\u00e4ggande subtraktion med detta pussel p\u00e5 58 bitar. Du hittar en matematikuppgift p\u00e5 varje bit. Svaret p\u00e5 varje uppgift visas i klara neonf\u00e4rger p\u00e5 ramen under biten. Varje bit med b\u00f6jda kanter ser likadan ut, trots att de \u00e4r olika. Varje bit passar bara n\u00e4r den placeras ovanf\u00f6r r\u00e4tt svar. Du kan ha roligt med detta pussel och samtidigt l\u00e4ra dig mycket. Pussel fr\u00e4mjar motivation och koncentrationsf\u00f6rm\u00e5ga. Du kan arbeta i din egen takt och ser direkt om du har r\u00e4tt eller fel. Pusslet passar b\u00e4st f\u00f6r lite \u00e4ldre barn.<\/p>\n<p>Larsen Maxi \u00e4r en h\u00f6gkvalitativ pusselserie f\u00f6r barn som kombinerar l\u00e4rande och lek. F\u00e4rgstarka illustrationer och stadiga rambitar g\u00f6r pusslen enkla och roliga att l\u00e4gga. Larsen Maxi-pussel \u00e4r idealiska f\u00f6r yngre barn och hj\u00e4lper till att utveckla finmotorik och koncentration.<\/p>\n<p>Larsen tillverkar h\u00f6gkvalitativa pedagogiska pussel som \u00e4r utformade f\u00f6r att st\u00f6dja l\u00e4rande genom lek. Detta norska familjef\u00f6retag har varit verksamt sedan 1953, och alla pussel tillverkas i Norge. Sortimentet omfattar m\u00e5nga olika teman som djur, kartor, fordon, rymden och natur. Tydliga illustrationer och h\u00e5llbara bitar g\u00f6r Larsen-pussel till ett utm\u00e4rkt val f\u00f6r barn.<\/p>\n","protected":false},"excerpt":{"rendered":"<p>Larsen Maxi Subtraktion 58 bitars pussel 36,5 x 28,5 cm l\u00e4r ut subtraktion med matematikuppgifter. Pedagogiskt pussel som st\u00f6djer matematiska f\u00e4rdigheter och l\u00e4rande.<\/p>\n","protected":false},"featured_media":0,"template":"","meta":{"content-type":"","_monsterinsights_skip_tracking":false,"_monsterinsights_sitenote_active":false,"_monsterinsights_sitenote_note":"","_monsterinsights_sitenote_category":0},"product_brand":[],"product_cat":[1520],"product_tag":[1235,932,845],"brand":[],"target-group":[],"discontinued":[],"class_list":{"0":"post-152473","1":"product","2":"type-product","3":"status-archive","5":"product_cat-barn-pussel","6":"product_tag-kombinera-sv","7":"product_tag-tidsfordriv","8":"product_tag-tillsammans","10":"first","11":"outofstock","12":"taxable","13":"shipping-taxable","14":"product-type-simple"},"aioseo_notices":[],"_links":{"self":[{"href":"https:\/\/games.tactic.net\/sv\/wp-json\/wp\/v2\/product\/152473","targetHints":{"allow":["GET"]}}],"collection":[{"href":"https:\/\/games.tactic.net\/sv\/wp-json\/wp\/v2\/product"}],"about":[{"href":"https:\/\/games.tactic.net\/sv\/wp-json\/wp\/v2\/types\/product"}],"wp:attachment":[{"href":"https:\/\/games.tactic.net\/sv\/wp-json\/wp\/v2\/media?parent=152473"}],"wp:term":[{"taxonomy":"product_brand","embeddable":true,"href":"https:\/\/games.tactic.net\/sv\/wp-json\/wp\/v2\/product_brand?post=152473"},{"taxonomy":"product_cat","embeddable":true,"href":"https:\/\/games.tactic.net\/sv\/wp-json\/wp\/v2\/product_cat?post=152473"},{"taxonomy":"product_tag","embeddable":true,"href":"https:\/\/games.tactic.net\/sv\/wp-json\/wp\/v2\/product_tag?post=152473"},{"taxonomy":"brand","embeddable":true,"href":"https:\/\/games.tactic.net\/sv\/wp-json\/wp\/v2\/brand?post=152473"},{"taxonomy":"target-group","embeddable":true,"href":"https:\/\/games.tactic.net\/sv\/wp-json\/wp\/v2\/target-group?post=152473"},{"taxonomy":"discontinued","embeddable":true,"href":"https:\/\/games.tactic.net\/sv\/wp-json\/wp\/v2\/discontinued?post=152473"}],"curies":[{"name":"wp","href":"https:\/\/api.w.org\/{rel}","templated":true}]}}