{"id":152177,"date":"2021-09-28T13:00:10","date_gmt":"2021-09-28T10:00:10","guid":{"rendered":"http:\/\/dev.tactic.net\/tuote\/larsen-learning-english-in-the-kitchen-maxi\/"},"modified":"2023-10-19T15:40:47","modified_gmt":"2023-10-19T12:40:47","slug":"larsen-learning-english-in-the-kitchen-maxi","status":"publish","type":"product","link":"https:\/\/games.tactic.net\/sv\/tuote\/larsen-learning-english-in-the-kitchen-maxi\/","title":{"rendered":"Larsen Maxi Learning English in the kitchen 70 pcs pussel"},"content":{"rendered":"<p>Larsen Maxi L\u00e4r dig engelska i k\u00f6ket 70 bitar pussel 36,5 x 28,5 cm. L\u00e4r dig 52 engelska ord med detta pedagogiska pussel. I mitten finns ett mindre pussel med 18 bitar och en fast ram runt. Motivet visar ett k\u00f6k och inneh\u00e5ller 52 engelska ord f\u00f6r saker du ser i bilden. Samma 52 ord finns p\u00e5 ramen runtom, och det finns 52 pusselbitar med bilder av varje sak. Varje bit ska placeras vid r\u00e4tt ord. B\u00f6rja med de ord du redan kan. L\u00e4gg sedan pusslet i mitten, d\u00e4r du hittar de ord du \u00e4nnu inte l\u00e4rt dig. D\u00e4refter kan du enkelt placera resten av bitarna r\u00e4tt. Varje bit passar bara p\u00e5 r\u00e4tt plats, \u00e4ven om de ser likadana ut. G\u00f6r detta n\u00e5gra g\u00e5nger s\u00e5 kommer du att minnas orden.<\/p>\n<p>Larsen Maxi \u00e4r en h\u00f6gkvalitativ pusselserie f\u00f6r barn som kombinerar l\u00e4rande och lek. F\u00e4rgstarka illustrationer och stadiga rambitar g\u00f6r pusslen enkla och roliga att l\u00e4gga. Larsen Maxi-pussel \u00e4r idealiska f\u00f6r yngre barn och hj\u00e4lper till att utveckla finmotorik och koncentration.<\/p>\n<p>Larsen tillverkar h\u00f6gkvalitativa pedagogiska pussel som \u00e4r utformade f\u00f6r att st\u00f6dja l\u00e4rande genom lek. Detta norska familjef\u00f6retag har varit verksamt sedan 1953, och alla pussel tillverkas i Norge. Sortimentet omfattar m\u00e5nga olika teman som djur, kartor, fordon, rymden och natur. Tydliga illustrationer och h\u00e5llbara bitar g\u00f6r Larsen-pussel till ett utm\u00e4rkt val f\u00f6r barn.<\/p>\n","protected":false},"excerpt":{"rendered":"<p>Larsen Maxi L\u00e4r dig engelska i k\u00f6ket 70 bitars pussel 36,5 x 28,5 cm l\u00e4r ut 52 engelska ord. Pedagogiskt pussel som st\u00f6djer ordf\u00f6rr\u00e5dsl\u00e4rande.<\/p>\n","protected":false},"featured_media":0,"template":"","meta":{"content-type":"","_monsterinsights_skip_tracking":false,"_monsterinsights_sitenote_active":false,"_monsterinsights_sitenote_note":"","_monsterinsights_sitenote_category":0},"product_brand":[],"product_cat":[1520],"product_tag":[347,932,845],"brand":[],"target-group":[],"discontinued":[],"class_list":{"0":"post-152177","1":"product","2":"type-product","3":"status-publish","5":"product_cat-barn-pussel","6":"product_tag-kombinera","7":"product_tag-tidsfordriv","8":"product_tag-tillsammans","10":"first","11":"instock","12":"taxable","13":"shipping-taxable","14":"product-type-simple"},"aioseo_notices":[],"_links":{"self":[{"href":"https:\/\/games.tactic.net\/sv\/wp-json\/wp\/v2\/product\/152177","targetHints":{"allow":["GET"]}}],"collection":[{"href":"https:\/\/games.tactic.net\/sv\/wp-json\/wp\/v2\/product"}],"about":[{"href":"https:\/\/games.tactic.net\/sv\/wp-json\/wp\/v2\/types\/product"}],"wp:attachment":[{"href":"https:\/\/games.tactic.net\/sv\/wp-json\/wp\/v2\/media?parent=152177"}],"wp:term":[{"taxonomy":"product_brand","embeddable":true,"href":"https:\/\/games.tactic.net\/sv\/wp-json\/wp\/v2\/product_brand?post=152177"},{"taxonomy":"product_cat","embeddable":true,"href":"https:\/\/games.tactic.net\/sv\/wp-json\/wp\/v2\/product_cat?post=152177"},{"taxonomy":"product_tag","embeddable":true,"href":"https:\/\/games.tactic.net\/sv\/wp-json\/wp\/v2\/product_tag?post=152177"},{"taxonomy":"brand","embeddable":true,"href":"https:\/\/games.tactic.net\/sv\/wp-json\/wp\/v2\/brand?post=152177"},{"taxonomy":"target-group","embeddable":true,"href":"https:\/\/games.tactic.net\/sv\/wp-json\/wp\/v2\/target-group?post=152177"},{"taxonomy":"discontinued","embeddable":true,"href":"https:\/\/games.tactic.net\/sv\/wp-json\/wp\/v2\/discontinued?post=152177"}],"curies":[{"name":"wp","href":"https:\/\/api.w.org\/{rel}","templated":true}]}}