{"id":141124,"date":"2021-09-23T10:56:59","date_gmt":"2021-09-23T07:56:59","guid":{"rendered":"http:\/\/dev.tactic.net\/tuote\/crime-scenemoscow\/"},"modified":"2025-11-12T08:46:38","modified_gmt":"2025-11-12T06:46:38","slug":"crime-scenemoscow","status":"archive","type":"product","link":"https:\/\/games.tactic.net\/sv\/tuote\/crime-scenemoscow\/","title":{"rendered":"Gamestorm Crime Scene Moskva 1989 br\u00e4dspel"},"content":{"rendered":"<p>Man hittar en kropp p\u00e5 toaletten till en sjaskig nattklubb i Moskva. Vem var mannen och hur hamnade han d\u00e4r? S\u00e4tt ig\u00e5ng en unders\u00f6kning i ruinerna av det s\u00f6nderfallande sovjetiska imperiet som f\u00f6rt\u00e4rdes av korruption. Alla ljuger och har hemligheter, s\u00e5 h\u00e5ll \u00f6gonen \u00f6ppna och var fokuserad.<\/p>\n","protected":false},"excerpt":{"rendered":"<p>Man hittar en kropp p\u00e5 toaletten till en sjaskig nattklubb i Moskva. Vem var mannen och hur hamnade han d\u00e4r? S\u00e4tt ig\u00e5ng en unders\u00f6kning i ruinerna av det s\u00f6nderfallande sovjetiska imperiet som f\u00f6rt\u00e4rdes av korruption. Alla ljuger och har hemligheter, s\u00e5 h\u00e5ll \u00f6gonen \u00f6ppna och var fokuserad.<\/p>\n","protected":false},"featured_media":0,"template":"","meta":{"content-type":"","_monsterinsights_skip_tracking":false,"_monsterinsights_sitenote_active":false,"_monsterinsights_sitenote_note":"","_monsterinsights_sitenote_category":0},"product_brand":[],"product_cat":[1549],"product_tag":[1235,845],"brand":[{"id":881,"name":"Gamestorm Studio","slug":"gamestormstudio"}],"target-group":[],"discontinued":[],"class_list":{"0":"post-141124","1":"product","2":"type-product","3":"status-archive","5":"product_cat-1549","6":"product_tag-kombinera-sv","7":"product_tag-tillsammans","8":"brand-gamestormstudio","10":"first","11":"outofstock","12":"taxable","13":"shipping-taxable","14":"product-type-simple"},"aioseo_notices":[],"_links":{"self":[{"href":"https:\/\/games.tactic.net\/sv\/wp-json\/wp\/v2\/product\/141124","targetHints":{"allow":["GET"]}}],"collection":[{"href":"https:\/\/games.tactic.net\/sv\/wp-json\/wp\/v2\/product"}],"about":[{"href":"https:\/\/games.tactic.net\/sv\/wp-json\/wp\/v2\/types\/product"}],"wp:attachment":[{"href":"https:\/\/games.tactic.net\/sv\/wp-json\/wp\/v2\/media?parent=141124"}],"wp:term":[{"taxonomy":"product_brand","embeddable":true,"href":"https:\/\/games.tactic.net\/sv\/wp-json\/wp\/v2\/product_brand?post=141124"},{"taxonomy":"product_cat","embeddable":true,"href":"https:\/\/games.tactic.net\/sv\/wp-json\/wp\/v2\/product_cat?post=141124"},{"taxonomy":"product_tag","embeddable":true,"href":"https:\/\/games.tactic.net\/sv\/wp-json\/wp\/v2\/product_tag?post=141124"},{"taxonomy":"brand","embeddable":true,"href":"https:\/\/games.tactic.net\/sv\/wp-json\/wp\/v2\/brand?post=141124"},{"taxonomy":"target-group","embeddable":true,"href":"https:\/\/games.tactic.net\/sv\/wp-json\/wp\/v2\/target-group?post=141124"},{"taxonomy":"discontinued","embeddable":true,"href":"https:\/\/games.tactic.net\/sv\/wp-json\/wp\/v2\/discontinued?post=141124"}],"curies":[{"name":"wp","href":"https:\/\/api.w.org\/{rel}","templated":true}]}}