{"id":1370740,"date":"2026-05-12T17:21:38","date_gmt":"2026-05-12T14:21:38","guid":{"rendered":"https:\/\/games.tactic.net\/tuote\/passaportas\/"},"modified":"2026-05-12T17:21:38","modified_gmt":"2026-05-12T14:21:38","slug":"passaportas","status":"publish","type":"product","link":"https:\/\/games.tactic.net\/sv\/tuote\/passaportas\/","title":{"rendered":"Passaportas"},"content":{"rendered":"<p>Andf\u00e5dda n\u00e5r de tre sista passagerarna planet. Just i det \u00f6gonblicket dras en grupp resen\u00e4rer ut ur planet av tulltj\u00e4nstem\u00e4nnen \u2013 deras pass var inte i ordning. Finns det tillr\u00e4ckligt med br\u00e4nsle i planet f\u00f6r att flyga direkt till destinationen? Eller omdirigeras planet av de andra spelarna? Passaportas \u00e4r ett actionspel fullt av interaktion och sm\u00e5 tjuvnyp. Roligt spel f\u00f6r b\u00e5de unga och gamla och h\u00e5ller kvar sp\u00e4nningen i luften \u00e4nda in i det sista!<\/p>\n","protected":false},"excerpt":{"rendered":"<p>Andf\u00e5dda n\u00e5r de tre sista passagerarna planet. Just i det \u00f6gonblicket dras en grupp resen\u00e4rer ut ur planet av tulltj\u00e4nstem\u00e4nnen \u2013 deras pass var inte i ordning. Finns det tillr\u00e4ckligt med br\u00e4nsle i planet f\u00f6r att flyga direkt till destinationen? Eller omdirigeras planet av de andra spelarna? Passaportas \u00e4r ett actionspel fullt av interaktion och [&hellip;]<\/p>\n","protected":false},"featured_media":0,"template":"","meta":{"content-type":"","_monsterinsights_skip_tracking":false,"_monsterinsights_sitenote_active":false,"_monsterinsights_sitenote_note":"","_monsterinsights_sitenote_category":0},"product_brand":[],"product_cat":[1461],"product_tag":[],"brand":[],"target-group":[],"discontinued":[],"class_list":{"0":"post-1370740","1":"product","2":"type-product","3":"status-publish","5":"product_cat-bradspel","7":"first","8":"instock","9":"taxable","10":"shipping-taxable","11":"product-type-simple"},"aioseo_notices":[],"_links":{"self":[{"href":"https:\/\/games.tactic.net\/sv\/wp-json\/wp\/v2\/product\/1370740","targetHints":{"allow":["GET"]}}],"collection":[{"href":"https:\/\/games.tactic.net\/sv\/wp-json\/wp\/v2\/product"}],"about":[{"href":"https:\/\/games.tactic.net\/sv\/wp-json\/wp\/v2\/types\/product"}],"wp:attachment":[{"href":"https:\/\/games.tactic.net\/sv\/wp-json\/wp\/v2\/media?parent=1370740"}],"wp:term":[{"taxonomy":"product_brand","embeddable":true,"href":"https:\/\/games.tactic.net\/sv\/wp-json\/wp\/v2\/product_brand?post=1370740"},{"taxonomy":"product_cat","embeddable":true,"href":"https:\/\/games.tactic.net\/sv\/wp-json\/wp\/v2\/product_cat?post=1370740"},{"taxonomy":"product_tag","embeddable":true,"href":"https:\/\/games.tactic.net\/sv\/wp-json\/wp\/v2\/product_tag?post=1370740"},{"taxonomy":"brand","embeddable":true,"href":"https:\/\/games.tactic.net\/sv\/wp-json\/wp\/v2\/brand?post=1370740"},{"taxonomy":"target-group","embeddable":true,"href":"https:\/\/games.tactic.net\/sv\/wp-json\/wp\/v2\/target-group?post=1370740"},{"taxonomy":"discontinued","embeddable":true,"href":"https:\/\/games.tactic.net\/sv\/wp-json\/wp\/v2\/discontinued?post=1370740"}],"curies":[{"name":"wp","href":"https:\/\/api.w.org\/{rel}","templated":true}]}}