{"id":1370671,"date":"2026-04-24T15:15:01","date_gmt":"2026-04-24T12:15:01","guid":{"rendered":"https:\/\/games.tactic.net\/tuote\/mb-sprinter-police-special-forces\/"},"modified":"2026-04-24T15:15:01","modified_gmt":"2026-04-24T12:15:01","slug":"mb-sprinter-police-special-forces","status":"publish","type":"product","link":"https:\/\/games.tactic.net\/sv\/tuote\/mb-sprinter-police-special-forces\/","title":{"rendered":"MB Sprinter Police Special Forces"},"content":{"rendered":"<p>MB Sprinter erbjuder n\u00e4stan obegr\u00e4nsade anv\u00e4ndningsm\u00f6jligheter tack vare det stora antalet modellvarianter. <\/p>\n<p>Fordonet \u00e4r ocks\u00e5 popul\u00e4rt inom polisen och anv\u00e4nds regelbundet i en m\u00e4ngd olika insatser. <\/p>\n<p>N\u00e4r situationer blir kritiska kallas polisens specialstyrkor in f\u00f6r att f\u00f6rst\u00e4rka och l\u00f6sa situationen.<\/p>\n<p>Denna specialenhet st\u00e4rker nu \u00e4ven BRUDERs styrkor. Med specialutrustning kan den medf\u00f6ljande polismannen ge sina kollegor det st\u00f6d som beh\u00f6vs. <\/p>\n<p>Gripna misst\u00e4nkta kan vid behov tas i f\u00f6rvar i en separat cell.<\/p>\n<p>M\u00e5tt: 43,5 cm \u00d7 16,3 cm \u00d7 18,5 cm.<\/p>\n<p>F\u00f6rarhyttens f\u00f6nster av transparent och slagt\u00e5lig plast.<\/p>\n<p>\u00d6ppningsbara d\u00f6rrar.<\/p>\n<p>Skjutd\u00f6rr med sn\u00e4ppfunktion.<\/p>\n<p>Inneh\u00e5ll: bworld specialstyrkepolis med skyddssk\u00f6ld och utrustning.<\/p>\n","protected":false},"excerpt":{"rendered":"<p>MB Sprinter erbjuder n\u00e4stan obegr\u00e4nsade anv\u00e4ndningsm\u00f6jligheter tack vare det stora antalet modellvarianter. <\/p>\n<p>Fordonet \u00e4r ocks\u00e5 popul\u00e4rt inom polisen och anv\u00e4nds regelbundet i en m\u00e4ngd olika insatser.<\/p>\n","protected":false},"featured_media":0,"template":"","meta":{"content-type":"","_monsterinsights_skip_tracking":false,"_monsterinsights_sitenote_active":false,"_monsterinsights_sitenote_note":"","_monsterinsights_sitenote_category":0},"product_brand":[],"product_cat":[823],"product_tag":[],"brand":[],"target-group":[],"discontinued":[],"class_list":{"0":"post-1370671","1":"product","2":"type-product","3":"status-publish","5":"product_cat-bruder","7":"first","8":"instock","9":"taxable","10":"shipping-taxable","11":"product-type-simple"},"aioseo_notices":[],"_links":{"self":[{"href":"https:\/\/games.tactic.net\/sv\/wp-json\/wp\/v2\/product\/1370671","targetHints":{"allow":["GET"]}}],"collection":[{"href":"https:\/\/games.tactic.net\/sv\/wp-json\/wp\/v2\/product"}],"about":[{"href":"https:\/\/games.tactic.net\/sv\/wp-json\/wp\/v2\/types\/product"}],"wp:attachment":[{"href":"https:\/\/games.tactic.net\/sv\/wp-json\/wp\/v2\/media?parent=1370671"}],"wp:term":[{"taxonomy":"product_brand","embeddable":true,"href":"https:\/\/games.tactic.net\/sv\/wp-json\/wp\/v2\/product_brand?post=1370671"},{"taxonomy":"product_cat","embeddable":true,"href":"https:\/\/games.tactic.net\/sv\/wp-json\/wp\/v2\/product_cat?post=1370671"},{"taxonomy":"product_tag","embeddable":true,"href":"https:\/\/games.tactic.net\/sv\/wp-json\/wp\/v2\/product_tag?post=1370671"},{"taxonomy":"brand","embeddable":true,"href":"https:\/\/games.tactic.net\/sv\/wp-json\/wp\/v2\/brand?post=1370671"},{"taxonomy":"target-group","embeddable":true,"href":"https:\/\/games.tactic.net\/sv\/wp-json\/wp\/v2\/target-group?post=1370671"},{"taxonomy":"discontinued","embeddable":true,"href":"https:\/\/games.tactic.net\/sv\/wp-json\/wp\/v2\/discontinued?post=1370671"}],"curies":[{"name":"wp","href":"https:\/\/api.w.org\/{rel}","templated":true}]}}