{"id":1370661,"date":"2026-04-24T14:10:19","date_gmt":"2026-04-24T11:10:19","guid":{"rendered":"https:\/\/games.tactic.net\/tuote\/bworld-figure-police-special-forces\/"},"modified":"2026-04-24T14:10:19","modified_gmt":"2026-04-24T11:10:19","slug":"bworld-figure-police-special-forces","status":"publish","type":"product","link":"https:\/\/games.tactic.net\/sv\/tuote\/bworld-figure-police-special-forces\/","title":{"rendered":"bworld Figure Police Special Forces"},"content":{"rendered":"<p>N\u00e4r polisoperationer blir kritiska kallas Polisens Specialstyrka in f\u00f6r att ge f\u00f6rst\u00e4rkning och l\u00f6sa situationen.<\/p>\n<p>Denna specialenhet ger nu ocks\u00e5 f\u00f6rst\u00e4rkning till BRUDERs r\u00e4ddningstj\u00e4nster.<\/p>\n<p>Med specialutrustning, inklusive skyddssk\u00e4rm.<\/p>\n<p>bworld Polisstation (artikelnummer 62732) och MB Sprinter Polisens Specialstyrka (artikelnummer 02685) \u00e4r perfekta till\u00e4gg till denna v\u00e4lutrustade polis.<\/p>\n","protected":false},"excerpt":{"rendered":"<p>N\u00e4r polisoperationer blir kritiska kallas Polisens Specialstyrka in f\u00f6r att ge f\u00f6rst\u00e4rkning och l\u00f6sa situationen.<\/p>\n","protected":false},"featured_media":0,"template":"","meta":{"content-type":"","_monsterinsights_skip_tracking":false,"_monsterinsights_sitenote_active":false,"_monsterinsights_sitenote_note":"","_monsterinsights_sitenote_category":0},"product_brand":[],"product_cat":[823],"product_tag":[],"brand":[],"target-group":[],"discontinued":[],"class_list":{"0":"post-1370661","1":"product","2":"type-product","3":"status-publish","5":"product_cat-bruder","7":"first","8":"instock","9":"taxable","10":"shipping-taxable","11":"product-type-simple"},"aioseo_notices":[],"_links":{"self":[{"href":"https:\/\/games.tactic.net\/sv\/wp-json\/wp\/v2\/product\/1370661","targetHints":{"allow":["GET"]}}],"collection":[{"href":"https:\/\/games.tactic.net\/sv\/wp-json\/wp\/v2\/product"}],"about":[{"href":"https:\/\/games.tactic.net\/sv\/wp-json\/wp\/v2\/types\/product"}],"wp:attachment":[{"href":"https:\/\/games.tactic.net\/sv\/wp-json\/wp\/v2\/media?parent=1370661"}],"wp:term":[{"taxonomy":"product_brand","embeddable":true,"href":"https:\/\/games.tactic.net\/sv\/wp-json\/wp\/v2\/product_brand?post=1370661"},{"taxonomy":"product_cat","embeddable":true,"href":"https:\/\/games.tactic.net\/sv\/wp-json\/wp\/v2\/product_cat?post=1370661"},{"taxonomy":"product_tag","embeddable":true,"href":"https:\/\/games.tactic.net\/sv\/wp-json\/wp\/v2\/product_tag?post=1370661"},{"taxonomy":"brand","embeddable":true,"href":"https:\/\/games.tactic.net\/sv\/wp-json\/wp\/v2\/brand?post=1370661"},{"taxonomy":"target-group","embeddable":true,"href":"https:\/\/games.tactic.net\/sv\/wp-json\/wp\/v2\/target-group?post=1370661"},{"taxonomy":"discontinued","embeddable":true,"href":"https:\/\/games.tactic.net\/sv\/wp-json\/wp\/v2\/discontinued?post=1370661"}],"curies":[{"name":"wp","href":"https:\/\/api.w.org\/{rel}","templated":true}]}}