{"id":1370660,"date":"2026-04-24T13:44:57","date_gmt":"2026-04-24T10:44:57","guid":{"rendered":"https:\/\/games.tactic.net\/tuote\/heros-soft-neutrals-traklossar-60-st\/"},"modified":"2026-04-24T13:44:57","modified_gmt":"2026-04-24T10:44:57","slug":"heros-soft-neutrals-traklossar-60-st","status":"publish","type":"product","link":"https:\/\/games.tactic.net\/sv\/tuote\/heros-soft-neutrals-traklossar-60-st\/","title":{"rendered":"Heros Soft Neutrals tr\u00e4klossar 60 st"},"content":{"rendered":"<p>Vackra tr\u00e4klossar i mjuka toner f\u00f6r fantasifull lek f\u00f6r barn fr\u00e5n 1 \u00e5r. Tillverkade av 100 % FSC\u00ae-certifierat tr\u00e4 \u2013 h\u00e5llbart och h\u00f6gkvalitativt. Tillverkad i Tyskland. Levereras i en exklusiv f\u00f6rvaringsl\u00e5da.<\/p>\n","protected":false},"excerpt":{"rendered":"<p>Vackra tr\u00e4klossar i mjuka toner f\u00f6r fantasifull lek.<\/p>\n","protected":false},"featured_media":0,"template":"","meta":{"content-type":"","_monsterinsights_skip_tracking":false,"_monsterinsights_sitenote_active":false,"_monsterinsights_sitenote_note":"","_monsterinsights_sitenote_category":0},"product_brand":[],"product_cat":[2340],"product_tag":[],"brand":[{"id":2383,"name":"Heros","slug":"heros"}],"target-group":[],"discontinued":[],"class_list":{"0":"post-1370660","1":"product","2":"type-product","3":"status-publish","5":"product_cat-heros-wooden-toys","6":"brand-heros","8":"first","9":"instock","10":"taxable","11":"shipping-taxable","12":"product-type-simple"},"aioseo_notices":[],"_links":{"self":[{"href":"https:\/\/games.tactic.net\/sv\/wp-json\/wp\/v2\/product\/1370660","targetHints":{"allow":["GET"]}}],"collection":[{"href":"https:\/\/games.tactic.net\/sv\/wp-json\/wp\/v2\/product"}],"about":[{"href":"https:\/\/games.tactic.net\/sv\/wp-json\/wp\/v2\/types\/product"}],"wp:attachment":[{"href":"https:\/\/games.tactic.net\/sv\/wp-json\/wp\/v2\/media?parent=1370660"}],"wp:term":[{"taxonomy":"product_brand","embeddable":true,"href":"https:\/\/games.tactic.net\/sv\/wp-json\/wp\/v2\/product_brand?post=1370660"},{"taxonomy":"product_cat","embeddable":true,"href":"https:\/\/games.tactic.net\/sv\/wp-json\/wp\/v2\/product_cat?post=1370660"},{"taxonomy":"product_tag","embeddable":true,"href":"https:\/\/games.tactic.net\/sv\/wp-json\/wp\/v2\/product_tag?post=1370660"},{"taxonomy":"brand","embeddable":true,"href":"https:\/\/games.tactic.net\/sv\/wp-json\/wp\/v2\/brand?post=1370660"},{"taxonomy":"target-group","embeddable":true,"href":"https:\/\/games.tactic.net\/sv\/wp-json\/wp\/v2\/target-group?post=1370660"},{"taxonomy":"discontinued","embeddable":true,"href":"https:\/\/games.tactic.net\/sv\/wp-json\/wp\/v2\/discontinued?post=1370660"}],"curies":[{"name":"wp","href":"https:\/\/api.w.org\/{rel}","templated":true}]}}