{"id":1370659,"date":"2026-04-24T13:44:48","date_gmt":"2026-04-24T10:44:48","guid":{"rendered":"https:\/\/games.tactic.net\/tuote\/heros-constructor-tillbehorsset-75-st\/"},"modified":"2026-04-24T13:44:48","modified_gmt":"2026-04-24T10:44:48","slug":"heros-constructor-tillbehorsset-75-st","status":"publish","type":"product","link":"https:\/\/games.tactic.net\/sv\/tuote\/heros-constructor-tillbehorsset-75-st\/","title":{"rendered":"Heros Constructor tillbeh\u00f6rsset 75 st"},"content":{"rendered":"<p>Detta Heros Constructor Tuning-tillbeh\u00f6rsset \u00e4r ett 75-delars byggset i tr\u00e4. Tillverkat av 100 % FSC\u00ae-certifierad bok. Tillverkad i Tyskland. Fr\u00e5n 3 \u00e5r.<\/p>\n","protected":false},"excerpt":{"rendered":"<p>Ett byggset f\u00f6r fantasifull lek.<\/p>\n","protected":false},"featured_media":0,"template":"","meta":{"content-type":"","_monsterinsights_skip_tracking":false,"_monsterinsights_sitenote_active":false,"_monsterinsights_sitenote_note":"","_monsterinsights_sitenote_category":0},"product_brand":[],"product_cat":[2340],"product_tag":[],"brand":[{"id":2383,"name":"Heros","slug":"heros"}],"target-group":[],"discontinued":[],"class_list":{"0":"post-1370659","1":"product","2":"type-product","3":"status-publish","5":"product_cat-heros-wooden-toys","6":"brand-heros","8":"first","9":"instock","10":"taxable","11":"shipping-taxable","12":"product-type-simple"},"aioseo_notices":[],"_links":{"self":[{"href":"https:\/\/games.tactic.net\/sv\/wp-json\/wp\/v2\/product\/1370659","targetHints":{"allow":["GET"]}}],"collection":[{"href":"https:\/\/games.tactic.net\/sv\/wp-json\/wp\/v2\/product"}],"about":[{"href":"https:\/\/games.tactic.net\/sv\/wp-json\/wp\/v2\/types\/product"}],"wp:attachment":[{"href":"https:\/\/games.tactic.net\/sv\/wp-json\/wp\/v2\/media?parent=1370659"}],"wp:term":[{"taxonomy":"product_brand","embeddable":true,"href":"https:\/\/games.tactic.net\/sv\/wp-json\/wp\/v2\/product_brand?post=1370659"},{"taxonomy":"product_cat","embeddable":true,"href":"https:\/\/games.tactic.net\/sv\/wp-json\/wp\/v2\/product_cat?post=1370659"},{"taxonomy":"product_tag","embeddable":true,"href":"https:\/\/games.tactic.net\/sv\/wp-json\/wp\/v2\/product_tag?post=1370659"},{"taxonomy":"brand","embeddable":true,"href":"https:\/\/games.tactic.net\/sv\/wp-json\/wp\/v2\/brand?post=1370659"},{"taxonomy":"target-group","embeddable":true,"href":"https:\/\/games.tactic.net\/sv\/wp-json\/wp\/v2\/target-group?post=1370659"},{"taxonomy":"discontinued","embeddable":true,"href":"https:\/\/games.tactic.net\/sv\/wp-json\/wp\/v2\/discontinued?post=1370659"}],"curies":[{"name":"wp","href":"https:\/\/api.w.org\/{rel}","templated":true}]}}