{"id":1370638,"date":"2026-04-24T13:20:45","date_gmt":"2026-04-24T10:20:45","guid":{"rendered":"https:\/\/games.tactic.net\/tuote\/gamesson-football-table-defender\/"},"modified":"2026-04-24T13:20:45","modified_gmt":"2026-04-24T10:20:45","slug":"gamesson-football-table-defender","status":"publish","type":"product","link":"https:\/\/games.tactic.net\/sv\/tuote\/gamesson-football-table-defender\/","title":{"rendered":"Gamesson Football table Defender"},"content":{"rendered":"<p>Bordsfotboll. Storleken \u00e4r 91,5 x 49,5 x 10,5 cm, vilket ger mycket spelgl\u00e4dje. St\u00e4nger av st\u00e5l, boll i storlek 32 mm.<\/p>\n","protected":false},"excerpt":{"rendered":"<p>Bordsfotboll. Storleken \u00e4r 91,5 x 49,5 x 10,5 cm, vilket ger mycket spelgl\u00e4dje. St\u00e4nger av st\u00e5l, boll i storlek 32 mm.<\/p>\n","protected":false},"featured_media":0,"template":"","meta":{"content-type":"","_monsterinsights_skip_tracking":false,"_monsterinsights_sitenote_active":false,"_monsterinsights_sitenote_note":"","_monsterinsights_sitenote_category":0},"product_brand":[],"product_cat":[2333],"product_tag":[],"brand":[{"id":2336,"name":"BEX Sport","slug":"bex-sport"}],"target-group":[],"discontinued":[],"class_list":{"0":"post-1370638","1":"product","2":"type-product","3":"status-publish","5":"product_cat-bex-sport-utomhus-spel","6":"brand-bex-sport","8":"first","9":"instock","10":"taxable","11":"shipping-taxable","12":"product-type-simple"},"aioseo_notices":[],"_links":{"self":[{"href":"https:\/\/games.tactic.net\/sv\/wp-json\/wp\/v2\/product\/1370638","targetHints":{"allow":["GET"]}}],"collection":[{"href":"https:\/\/games.tactic.net\/sv\/wp-json\/wp\/v2\/product"}],"about":[{"href":"https:\/\/games.tactic.net\/sv\/wp-json\/wp\/v2\/types\/product"}],"wp:attachment":[{"href":"https:\/\/games.tactic.net\/sv\/wp-json\/wp\/v2\/media?parent=1370638"}],"wp:term":[{"taxonomy":"product_brand","embeddable":true,"href":"https:\/\/games.tactic.net\/sv\/wp-json\/wp\/v2\/product_brand?post=1370638"},{"taxonomy":"product_cat","embeddable":true,"href":"https:\/\/games.tactic.net\/sv\/wp-json\/wp\/v2\/product_cat?post=1370638"},{"taxonomy":"product_tag","embeddable":true,"href":"https:\/\/games.tactic.net\/sv\/wp-json\/wp\/v2\/product_tag?post=1370638"},{"taxonomy":"brand","embeddable":true,"href":"https:\/\/games.tactic.net\/sv\/wp-json\/wp\/v2\/brand?post=1370638"},{"taxonomy":"target-group","embeddable":true,"href":"https:\/\/games.tactic.net\/sv\/wp-json\/wp\/v2\/target-group?post=1370638"},{"taxonomy":"discontinued","embeddable":true,"href":"https:\/\/games.tactic.net\/sv\/wp-json\/wp\/v2\/discontinued?post=1370638"}],"curies":[{"name":"wp","href":"https:\/\/api.w.org\/{rel}","templated":true}]}}