{"id":1370510,"date":"2026-04-17T17:07:13","date_gmt":"2026-04-17T14:07:13","guid":{"rendered":"https:\/\/games.tactic.net\/tuote\/plasto-coffee-set-for-four-with-a-tray\/"},"modified":"2026-04-17T17:07:13","modified_gmt":"2026-04-17T14:07:13","slug":"plasto-coffee-set-for-four-with-a-tray","status":"publish","type":"product","link":"https:\/\/games.tactic.net\/sv\/tuote\/plasto-coffee-set-for-four-with-a-tray\/","title":{"rendered":"PLASTO Coffee set for four with a tray"},"content":{"rendered":"<p>Plastos kaffeservis p\u00e5 bricka med 18 delar av h\u00f6g kvalitet. T\u00e5l maskindisk. \u00c5ldersrekommendation 1+. Tillverkad i Finland.<\/p>\n","protected":false},"excerpt":{"rendered":"<p>Plasto kaffeservis f\u00f6r fyra personer. Inneh\u00e5ller 18 delar. F\u00e4rgerna kan variera.<\/p>\n","protected":false},"featured_media":0,"template":"","meta":{"content-type":"","_monsterinsights_skip_tracking":false,"_monsterinsights_sitenote_active":false,"_monsterinsights_sitenote_note":"","_monsterinsights_sitenote_category":0},"product_brand":[],"product_cat":[2305],"product_tag":[],"brand":[{"id":2317,"name":"Plasto","slug":"plasto-5"}],"target-group":[],"discontinued":[],"class_list":{"0":"post-1370510","1":"product","2":"type-product","3":"status-publish","5":"product_cat-plasto","6":"brand-plasto-5","8":"first","9":"instock","10":"taxable","11":"shipping-taxable","12":"product-type-simple"},"aioseo_notices":[],"_links":{"self":[{"href":"https:\/\/games.tactic.net\/sv\/wp-json\/wp\/v2\/product\/1370510","targetHints":{"allow":["GET"]}}],"collection":[{"href":"https:\/\/games.tactic.net\/sv\/wp-json\/wp\/v2\/product"}],"about":[{"href":"https:\/\/games.tactic.net\/sv\/wp-json\/wp\/v2\/types\/product"}],"wp:attachment":[{"href":"https:\/\/games.tactic.net\/sv\/wp-json\/wp\/v2\/media?parent=1370510"}],"wp:term":[{"taxonomy":"product_brand","embeddable":true,"href":"https:\/\/games.tactic.net\/sv\/wp-json\/wp\/v2\/product_brand?post=1370510"},{"taxonomy":"product_cat","embeddable":true,"href":"https:\/\/games.tactic.net\/sv\/wp-json\/wp\/v2\/product_cat?post=1370510"},{"taxonomy":"product_tag","embeddable":true,"href":"https:\/\/games.tactic.net\/sv\/wp-json\/wp\/v2\/product_tag?post=1370510"},{"taxonomy":"brand","embeddable":true,"href":"https:\/\/games.tactic.net\/sv\/wp-json\/wp\/v2\/brand?post=1370510"},{"taxonomy":"target-group","embeddable":true,"href":"https:\/\/games.tactic.net\/sv\/wp-json\/wp\/v2\/target-group?post=1370510"},{"taxonomy":"discontinued","embeddable":true,"href":"https:\/\/games.tactic.net\/sv\/wp-json\/wp\/v2\/discontinued?post=1370510"}],"curies":[{"name":"wp","href":"https:\/\/api.w.org\/{rel}","templated":true}]}}