{"id":1370505,"date":"2026-04-17T17:06:35","date_gmt":"2026-04-17T14:06:35","guid":{"rendered":"https:\/\/games.tactic.net\/tuote\/plasto-kitchen-set-large-in-bucket\/"},"modified":"2026-04-17T17:06:35","modified_gmt":"2026-04-17T14:06:35","slug":"plasto-kitchen-set-large-in-bucket","status":"publish","type":"product","link":"https:\/\/games.tactic.net\/sv\/tuote\/plasto-kitchen-set-large-in-bucket\/","title":{"rendered":"PLASTO Kitchen set large in bucket"},"content":{"rendered":"<p>Stor Plasto servis i en beh\u00e4ndig f\u00f6rvaringshink inneh\u00e5ller allt man beh\u00f6ver i k\u00f6ket! T\u00e5l maskindisk. 39 delar. \u00c5ldersrekommendation 1+. Tillverkad p\u00e5 \u00c5land.<\/p>\n","protected":false},"excerpt":{"rendered":"<p>PLASTO K\u00f6ksset i hink, 39 delar.<\/p>\n","protected":false},"featured_media":0,"template":"","meta":{"content-type":"","_monsterinsights_skip_tracking":false,"_monsterinsights_sitenote_active":false,"_monsterinsights_sitenote_note":"","_monsterinsights_sitenote_category":0},"product_brand":[],"product_cat":[2305],"product_tag":[],"brand":[{"id":2317,"name":"Plasto","slug":"plasto-5"}],"target-group":[],"discontinued":[],"class_list":{"0":"post-1370505","1":"product","2":"type-product","3":"status-publish","5":"product_cat-plasto","6":"brand-plasto-5","8":"first","9":"instock","10":"taxable","11":"shipping-taxable","12":"product-type-simple"},"aioseo_notices":[],"_links":{"self":[{"href":"https:\/\/games.tactic.net\/sv\/wp-json\/wp\/v2\/product\/1370505","targetHints":{"allow":["GET"]}}],"collection":[{"href":"https:\/\/games.tactic.net\/sv\/wp-json\/wp\/v2\/product"}],"about":[{"href":"https:\/\/games.tactic.net\/sv\/wp-json\/wp\/v2\/types\/product"}],"wp:attachment":[{"href":"https:\/\/games.tactic.net\/sv\/wp-json\/wp\/v2\/media?parent=1370505"}],"wp:term":[{"taxonomy":"product_brand","embeddable":true,"href":"https:\/\/games.tactic.net\/sv\/wp-json\/wp\/v2\/product_brand?post=1370505"},{"taxonomy":"product_cat","embeddable":true,"href":"https:\/\/games.tactic.net\/sv\/wp-json\/wp\/v2\/product_cat?post=1370505"},{"taxonomy":"product_tag","embeddable":true,"href":"https:\/\/games.tactic.net\/sv\/wp-json\/wp\/v2\/product_tag?post=1370505"},{"taxonomy":"brand","embeddable":true,"href":"https:\/\/games.tactic.net\/sv\/wp-json\/wp\/v2\/brand?post=1370505"},{"taxonomy":"target-group","embeddable":true,"href":"https:\/\/games.tactic.net\/sv\/wp-json\/wp\/v2\/target-group?post=1370505"},{"taxonomy":"discontinued","embeddable":true,"href":"https:\/\/games.tactic.net\/sv\/wp-json\/wp\/v2\/discontinued?post=1370505"}],"curies":[{"name":"wp","href":"https:\/\/api.w.org\/{rel}","templated":true}]}}