{"id":1370498,"date":"2026-04-17T16:08:56","date_gmt":"2026-04-17T13:08:56","guid":{"rendered":"https:\/\/games.tactic.net\/tuote\/tactic-locks-and-keys-1000-pcs-pussel\/"},"modified":"2026-04-17T16:08:56","modified_gmt":"2026-04-17T13:08:56","slug":"tactic-locks-and-keys-1000-pcs-pussel","status":"publish","type":"product","link":"https:\/\/games.tactic.net\/sv\/tuote\/tactic-locks-and-keys-1000-pcs-pussel\/","title":{"rendered":"Tactic Locks and Keys 1000 pcs pussel"},"content":{"rendered":"<p>Uppt\u00e4ck en v\u00e4rld av detaljer och hantverksskicklighet. Detta 1000-bitars pussel erbjuder en givande utmaning f\u00f6r pussel\u00e4lskare som uppskattar historia och tidl\u00f6s design. Perfekt f\u00f6r avkopplande pusselstunder och vackert att visa upp, n\u00e4r det \u00e4r f\u00e4rdigt.<\/p>\n","protected":false},"excerpt":{"rendered":"<p>Uppt\u00e4ck en v\u00e4rld av detaljer och hantverksskicklighet. Detta 1000-bitars pussel erbjuder en givande utmaning f\u00f6r pussel\u00e4lskare som uppskattar historia och tidl\u00f6s design. Perfekt f\u00f6r avkopplande pusselstunder och vackert att visa upp, n\u00e4r det \u00e4r f\u00e4rdigt.<\/p>\n","protected":false},"featured_media":0,"template":"","meta":{"content-type":"","_monsterinsights_skip_tracking":false,"_monsterinsights_sitenote_active":false,"_monsterinsights_sitenote_note":"","_monsterinsights_sitenote_category":0},"product_brand":[],"product_cat":[985],"product_tag":[],"brand":[],"target-group":[],"discontinued":[],"class_list":{"0":"post-1370498","1":"product","2":"type-product","3":"status-publish","5":"product_cat-1000-bitar-2","7":"first","8":"instock","9":"taxable","10":"shipping-taxable","11":"product-type-simple"},"aioseo_notices":[],"_links":{"self":[{"href":"https:\/\/games.tactic.net\/sv\/wp-json\/wp\/v2\/product\/1370498","targetHints":{"allow":["GET"]}}],"collection":[{"href":"https:\/\/games.tactic.net\/sv\/wp-json\/wp\/v2\/product"}],"about":[{"href":"https:\/\/games.tactic.net\/sv\/wp-json\/wp\/v2\/types\/product"}],"wp:attachment":[{"href":"https:\/\/games.tactic.net\/sv\/wp-json\/wp\/v2\/media?parent=1370498"}],"wp:term":[{"taxonomy":"product_brand","embeddable":true,"href":"https:\/\/games.tactic.net\/sv\/wp-json\/wp\/v2\/product_brand?post=1370498"},{"taxonomy":"product_cat","embeddable":true,"href":"https:\/\/games.tactic.net\/sv\/wp-json\/wp\/v2\/product_cat?post=1370498"},{"taxonomy":"product_tag","embeddable":true,"href":"https:\/\/games.tactic.net\/sv\/wp-json\/wp\/v2\/product_tag?post=1370498"},{"taxonomy":"brand","embeddable":true,"href":"https:\/\/games.tactic.net\/sv\/wp-json\/wp\/v2\/brand?post=1370498"},{"taxonomy":"target-group","embeddable":true,"href":"https:\/\/games.tactic.net\/sv\/wp-json\/wp\/v2\/target-group?post=1370498"},{"taxonomy":"discontinued","embeddable":true,"href":"https:\/\/games.tactic.net\/sv\/wp-json\/wp\/v2\/discontinued?post=1370498"}],"curies":[{"name":"wp","href":"https:\/\/api.w.org\/{rel}","templated":true}]}}