{"id":1370306,"date":"2026-04-15T18:10:05","date_gmt":"2026-04-15T15:10:05","guid":{"rendered":"https:\/\/games.tactic.net\/tuote\/sunsport-pop-up-goals-1pc-180x120cm\/"},"modified":"2026-04-15T18:10:05","modified_gmt":"2026-04-15T15:10:05","slug":"sunsport-pop-up-goals-1pc-180x120cm","status":"publish","type":"product","link":"https:\/\/games.tactic.net\/sv\/tuote\/sunsport-pop-up-goals-1pc-180x120cm\/","title":{"rendered":"Sunsport Pop-up goals 1pc 180x120cm"},"content":{"rendered":"<p>Pop up goal 1 pc. Hopf\u00e4llbart gatm\u00e5l. Spela street hockey eller fotboll med detta m\u00e5l i st\u00e5l. Storlek p\u00e5 m\u00e5let: 180 \u00d7 120 cm.<\/p>\n","protected":false},"excerpt":{"rendered":"<p>Pop up goal 1 pc. Hopf\u00e4llbart gatm\u00e5l. Spela street hockey eller fotboll med detta m\u00e5l i st\u00e5l. Storlek p\u00e5 m\u00e5let: 180 \u00d7 120 cm.<\/p>\n","protected":false},"featured_media":0,"template":"","meta":{"content-type":"","_monsterinsights_skip_tracking":false,"_monsterinsights_sitenote_active":false,"_monsterinsights_sitenote_note":"","_monsterinsights_sitenote_category":0},"product_brand":[],"product_cat":[2333],"product_tag":[],"brand":[],"target-group":[],"discontinued":[],"class_list":{"0":"post-1370306","1":"product","2":"type-product","3":"status-publish","5":"product_cat-bex-sport-utomhus-spel","7":"first","8":"instock","9":"taxable","10":"shipping-taxable","11":"product-type-simple"},"aioseo_notices":[],"_links":{"self":[{"href":"https:\/\/games.tactic.net\/sv\/wp-json\/wp\/v2\/product\/1370306","targetHints":{"allow":["GET"]}}],"collection":[{"href":"https:\/\/games.tactic.net\/sv\/wp-json\/wp\/v2\/product"}],"about":[{"href":"https:\/\/games.tactic.net\/sv\/wp-json\/wp\/v2\/types\/product"}],"wp:attachment":[{"href":"https:\/\/games.tactic.net\/sv\/wp-json\/wp\/v2\/media?parent=1370306"}],"wp:term":[{"taxonomy":"product_brand","embeddable":true,"href":"https:\/\/games.tactic.net\/sv\/wp-json\/wp\/v2\/product_brand?post=1370306"},{"taxonomy":"product_cat","embeddable":true,"href":"https:\/\/games.tactic.net\/sv\/wp-json\/wp\/v2\/product_cat?post=1370306"},{"taxonomy":"product_tag","embeddable":true,"href":"https:\/\/games.tactic.net\/sv\/wp-json\/wp\/v2\/product_tag?post=1370306"},{"taxonomy":"brand","embeddable":true,"href":"https:\/\/games.tactic.net\/sv\/wp-json\/wp\/v2\/brand?post=1370306"},{"taxonomy":"target-group","embeddable":true,"href":"https:\/\/games.tactic.net\/sv\/wp-json\/wp\/v2\/target-group?post=1370306"},{"taxonomy":"discontinued","embeddable":true,"href":"https:\/\/games.tactic.net\/sv\/wp-json\/wp\/v2\/discontinued?post=1370306"}],"curies":[{"name":"wp","href":"https:\/\/api.w.org\/{rel}","templated":true}]}}