{"id":1370265,"date":"2026-04-14T12:09:50","date_gmt":"2026-04-14T09:09:50","guid":{"rendered":"https:\/\/games.tactic.net\/tuote\/tactic-puzzle-lovers-gigglewear-500-pcs-pussel\/"},"modified":"2026-04-14T12:09:50","modified_gmt":"2026-04-14T09:09:50","slug":"tactic-puzzle-lovers-gigglewear-500-pcs-pussel","status":"publish","type":"product","link":"https:\/\/games.tactic.net\/sv\/tuote\/tactic-puzzle-lovers-gigglewear-500-pcs-pussel\/","title":{"rendered":"Tactic Puzzle Lovers Gigglewear 500 pcs pussel"},"content":{"rendered":"<p>Tactic Puzzle Lovers Gigglewear pussel med 500 bitar charmar med sin lekfulla illustration, d\u00e4r f\u00e4rgglada figurer och kl\u00e4der skapar en glad och l\u00e4ttsam komposition. Den v\u00e4nliga visuella stilen g\u00f6r pusslet avslappnande och roligt att l\u00e4gga. Ett pussel med 500 bitar ger en perfekt balans mellan avkoppling och utmaning. Den detaljrika bilden h\u00e5ller dig engagerad, medan tydliga former hj\u00e4lper dig att g\u00f6ra stadiga framsteg. Bitarna passar bra ihop, vilket g\u00f6r pusslet roligt att l\u00e4gga, och de varierade formerna ger extra intresse. Bitarna \u00e4r inte identiska, och deras olika former och kopplingar g\u00f6r det l\u00e4ttare att hitta r\u00e4tt plats. Pusslet tillverkas i Finland i Tactic Games egen fabrik, d\u00e4r fokus ligger p\u00e5 materialsp\u00e5rbarhet och ansvarsfull produktion. FSC-certifiering och noggrann uppf\u00f6ljning av koldioxidavtrycket st\u00f6djer ett h\u00e5llbart val.<\/p>\n","protected":false},"excerpt":{"rendered":"<p>Tactic Puzzle Lovers Gigglewear pussel med 500 bitar visar en lekfull och f\u00e4rgglad illustration med glada karakt\u00e4rer och kl\u00e4der. Ett h\u00f6gkvalitativt pussel tillverkat i Finland.<\/p>\n","protected":false},"featured_media":0,"template":"","meta":{"content-type":"","_monsterinsights_skip_tracking":false,"_monsterinsights_sitenote_active":false,"_monsterinsights_sitenote_note":"","_monsterinsights_sitenote_category":0},"product_brand":[],"product_cat":[915],"product_tag":[],"brand":[{"id":605,"name":"PuzzleLovers","slug":"puzzlelovers_se"}],"target-group":[],"discontinued":[],"class_list":{"0":"post-1370265","1":"product","2":"type-product","3":"status-publish","5":"product_cat-500-bitar","6":"brand-puzzlelovers_se","8":"first","9":"instock","10":"taxable","11":"shipping-taxable","12":"product-type-simple"},"aioseo_notices":[],"_links":{"self":[{"href":"https:\/\/games.tactic.net\/sv\/wp-json\/wp\/v2\/product\/1370265","targetHints":{"allow":["GET"]}}],"collection":[{"href":"https:\/\/games.tactic.net\/sv\/wp-json\/wp\/v2\/product"}],"about":[{"href":"https:\/\/games.tactic.net\/sv\/wp-json\/wp\/v2\/types\/product"}],"wp:attachment":[{"href":"https:\/\/games.tactic.net\/sv\/wp-json\/wp\/v2\/media?parent=1370265"}],"wp:term":[{"taxonomy":"product_brand","embeddable":true,"href":"https:\/\/games.tactic.net\/sv\/wp-json\/wp\/v2\/product_brand?post=1370265"},{"taxonomy":"product_cat","embeddable":true,"href":"https:\/\/games.tactic.net\/sv\/wp-json\/wp\/v2\/product_cat?post=1370265"},{"taxonomy":"product_tag","embeddable":true,"href":"https:\/\/games.tactic.net\/sv\/wp-json\/wp\/v2\/product_tag?post=1370265"},{"taxonomy":"brand","embeddable":true,"href":"https:\/\/games.tactic.net\/sv\/wp-json\/wp\/v2\/brand?post=1370265"},{"taxonomy":"target-group","embeddable":true,"href":"https:\/\/games.tactic.net\/sv\/wp-json\/wp\/v2\/target-group?post=1370265"},{"taxonomy":"discontinued","embeddable":true,"href":"https:\/\/games.tactic.net\/sv\/wp-json\/wp\/v2\/discontinued?post=1370265"}],"curies":[{"name":"wp","href":"https:\/\/api.w.org\/{rel}","templated":true}]}}