{"id":1370079,"date":"2026-03-30T17:21:44","date_gmt":"2026-03-30T14:21:44","guid":{"rendered":"https:\/\/games.tactic.net\/tuote\/tactic-my-herbarium-1000-pcs-pussel\/"},"modified":"2026-03-30T17:21:44","modified_gmt":"2026-03-30T14:21:44","slug":"tactic-my-herbarium-1000-pcs-pussel","status":"publish","type":"product","link":"https:\/\/games.tactic.net\/sv\/tuote\/tactic-my-herbarium-1000-pcs-pussel\/","title":{"rendered":"Tactic My Herbarium 1000 pcs pussel"},"content":{"rendered":"<p>Ta en stund f\u00f6r att koppla av och pussla ihop naturens sk\u00f6nhet. Detta 1000-bitars pussel erbjuder en lugn och tillfredsst\u00e4llande utmaning f\u00f6r natur\u00e4lskare, pusselentusiaster och alla som uppskattar tidl\u00f6s design. Perfekt f\u00f6r avkopplande stunder, som present eller att visa upp n\u00e4r det \u00e4r f\u00e4rdigt.<\/p>\n","protected":false},"excerpt":{"rendered":"<p>Ta en stund f\u00f6r att koppla av och pussla ihop naturens sk\u00f6nhet. Detta 1000-bitars pussel erbjuder en lugn och tillfredsst\u00e4llande utmaning f\u00f6r natur\u00e4lskare, pusselentusiaster och alla som uppskattar tidl\u00f6s design. Perfekt f\u00f6r avkopplande stunder, som present eller att visa upp n\u00e4r det \u00e4r f\u00e4rdigt.<\/p>\n","protected":false},"featured_media":0,"template":"","meta":{"content-type":"","_monsterinsights_skip_tracking":false,"_monsterinsights_sitenote_active":false,"_monsterinsights_sitenote_note":"","_monsterinsights_sitenote_category":0},"product_brand":[],"product_cat":[985],"product_tag":[],"brand":[],"target-group":[],"discontinued":[],"class_list":{"0":"post-1370079","1":"product","2":"type-product","3":"status-publish","5":"product_cat-1000-bitar-2","7":"first","8":"instock","9":"taxable","10":"shipping-taxable","11":"product-type-simple"},"aioseo_notices":[],"_links":{"self":[{"href":"https:\/\/games.tactic.net\/sv\/wp-json\/wp\/v2\/product\/1370079","targetHints":{"allow":["GET"]}}],"collection":[{"href":"https:\/\/games.tactic.net\/sv\/wp-json\/wp\/v2\/product"}],"about":[{"href":"https:\/\/games.tactic.net\/sv\/wp-json\/wp\/v2\/types\/product"}],"wp:attachment":[{"href":"https:\/\/games.tactic.net\/sv\/wp-json\/wp\/v2\/media?parent=1370079"}],"wp:term":[{"taxonomy":"product_brand","embeddable":true,"href":"https:\/\/games.tactic.net\/sv\/wp-json\/wp\/v2\/product_brand?post=1370079"},{"taxonomy":"product_cat","embeddable":true,"href":"https:\/\/games.tactic.net\/sv\/wp-json\/wp\/v2\/product_cat?post=1370079"},{"taxonomy":"product_tag","embeddable":true,"href":"https:\/\/games.tactic.net\/sv\/wp-json\/wp\/v2\/product_tag?post=1370079"},{"taxonomy":"brand","embeddable":true,"href":"https:\/\/games.tactic.net\/sv\/wp-json\/wp\/v2\/brand?post=1370079"},{"taxonomy":"target-group","embeddable":true,"href":"https:\/\/games.tactic.net\/sv\/wp-json\/wp\/v2\/target-group?post=1370079"},{"taxonomy":"discontinued","embeddable":true,"href":"https:\/\/games.tactic.net\/sv\/wp-json\/wp\/v2\/discontinued?post=1370079"}],"curies":[{"name":"wp","href":"https:\/\/api.w.org\/{rel}","templated":true}]}}