{"id":1370074,"date":"2026-03-30T14:49:53","date_gmt":"2026-03-30T11:49:53","guid":{"rendered":"https:\/\/games.tactic.net\/tuote\/hot-wheels-motor-maker-kitz-monster-truck-kit\/"},"modified":"2026-03-30T14:49:53","modified_gmt":"2026-03-30T11:49:53","slug":"hot-wheels-motor-maker-kitz-monster-truck-kit","status":"publish","type":"product","link":"https:\/\/games.tactic.net\/sv\/tuote\/hot-wheels-motor-maker-kitz-monster-truck-kit\/","title":{"rendered":"Hot Wheels Motor Maker Kitz Monster Truck Kit"},"content":{"rendered":"<p>GO BIG! med Monster Trucks Maker Kitz! S\u00e4tt ihop delar som sn\u00e4pps fast, l\u00e4gg till j\u00e4ttestora hjul med 4&#215;4-kraft och ge dig ut p\u00e5 den tuffaste terr\u00e4ngen! De kan till och med g\u00f6ra wheelies! NYA modeller Mega Wrex och Bone Shaker finns tillg\u00e4ngliga nu! Tre olika modeller att samla p\u00e5.<\/p>\n","protected":false},"excerpt":{"rendered":"<p>GO BIG! med Monster Trucks Maker Kitz! S\u00e4tt ihop delar som sn\u00e4pps fast, l\u00e4gg till j\u00e4ttestora hjul med 4&#215;4-kraft och ge dig ut p\u00e5 den tuffaste terr\u00e4ngen! De kan till och med g\u00f6ra wheelies! NYA modeller Mega Wrex och Bone Shaker finns tillg\u00e4ngliga nu! Tre olika modeller att samla p\u00e5.<\/p>\n","protected":false},"featured_media":0,"template":"","meta":{"content-type":"","_monsterinsights_skip_tracking":false,"_monsterinsights_sitenote_active":false,"_monsterinsights_sitenote_note":"","_monsterinsights_sitenote_category":0},"product_brand":[],"product_cat":[2368],"product_tag":[],"brand":[],"target-group":[],"discontinued":[],"class_list":{"0":"post-1370074","1":"product","2":"type-product","3":"status-publish","5":"product_cat-bladez-toyz","7":"first","8":"instock","9":"taxable","10":"shipping-taxable","11":"product-type-simple"},"aioseo_notices":[],"_links":{"self":[{"href":"https:\/\/games.tactic.net\/sv\/wp-json\/wp\/v2\/product\/1370074","targetHints":{"allow":["GET"]}}],"collection":[{"href":"https:\/\/games.tactic.net\/sv\/wp-json\/wp\/v2\/product"}],"about":[{"href":"https:\/\/games.tactic.net\/sv\/wp-json\/wp\/v2\/types\/product"}],"wp:attachment":[{"href":"https:\/\/games.tactic.net\/sv\/wp-json\/wp\/v2\/media?parent=1370074"}],"wp:term":[{"taxonomy":"product_brand","embeddable":true,"href":"https:\/\/games.tactic.net\/sv\/wp-json\/wp\/v2\/product_brand?post=1370074"},{"taxonomy":"product_cat","embeddable":true,"href":"https:\/\/games.tactic.net\/sv\/wp-json\/wp\/v2\/product_cat?post=1370074"},{"taxonomy":"product_tag","embeddable":true,"href":"https:\/\/games.tactic.net\/sv\/wp-json\/wp\/v2\/product_tag?post=1370074"},{"taxonomy":"brand","embeddable":true,"href":"https:\/\/games.tactic.net\/sv\/wp-json\/wp\/v2\/brand?post=1370074"},{"taxonomy":"target-group","embeddable":true,"href":"https:\/\/games.tactic.net\/sv\/wp-json\/wp\/v2\/target-group?post=1370074"},{"taxonomy":"discontinued","embeddable":true,"href":"https:\/\/games.tactic.net\/sv\/wp-json\/wp\/v2\/discontinued?post=1370074"}],"curies":[{"name":"wp","href":"https:\/\/api.w.org\/{rel}","templated":true}]}}