{"id":1370071,"date":"2026-03-27T15:03:14","date_gmt":"2026-03-27T13:03:14","guid":{"rendered":"https:\/\/games.tactic.net\/tuote\/bex-5star-family-fsc-certified\/"},"modified":"2026-03-27T15:03:14","modified_gmt":"2026-03-27T13:03:14","slug":"bex-5star-family-fsc-certified","status":"publish","type":"product","link":"https:\/\/games.tactic.net\/sv\/tuote\/bex-5star-family-fsc-certified\/","title":{"rendered":"Bex 5Star Family (FSC Certified)"},"content":{"rendered":"<p>5STAR. Ett taktiskt spel f\u00f6r alla \u00e5ldrar. Lagen t\u00e4vlar om att f\u00e5 sina t\u00e4rningar n\u00e4rmast det gula klotet och f\u00e5r po\u00e4ng varje g\u00e5ng n\u00e5gon sl\u00e5r en ny STAR (siffra 5). F\u00f6rsta laget till 25 po\u00e4ng vinner. Kvalitet: FSC-certifierat tr\u00e4. Setet inneh\u00e5ller: 2 st svarta band, 2 st beige band, 4 st vita metallstavar f\u00f6r banmarkering, 3 st svarta t\u00e4rningar, 3 st naturf\u00e4rgade t\u00e4rningar, 3 st svarta tr\u00e4klot, 1 st gult tr\u00e4klot, regelbok samt f\u00f6rvarings-\/b\u00e4rv\u00e4ska.<\/p>\n","protected":false},"excerpt":{"rendered":"<p>5STAR. Ett taktiskt spel f\u00f6r alla \u00e5ldrar. Lagen t\u00e4vlar om att f\u00e5 sina t\u00e4rningar n\u00e4rmast det gula klotet och f\u00e5r po\u00e4ng varje g\u00e5ng n\u00e5gon sl\u00e5r en ny STAR (siffra 5). F\u00f6rsta laget till 25 po\u00e4ng vinner. Kvalitet: FSC-certifierat tr\u00e4. Setet inneh\u00e5ller: 2 st svarta band, 2 st beige band, 4 st vita metallstavar f\u00f6r banmarkering, [&hellip;]<\/p>\n","protected":false},"featured_media":0,"template":"","meta":{"content-type":"","_monsterinsights_skip_tracking":false,"_monsterinsights_sitenote_active":false,"_monsterinsights_sitenote_note":"","_monsterinsights_sitenote_category":0},"product_brand":[],"product_cat":[2333],"product_tag":[],"brand":[{"id":2336,"name":"BEX Sport","slug":"bex-sport"}],"target-group":[],"discontinued":[],"class_list":{"0":"post-1370071","1":"product","2":"type-product","3":"status-publish","5":"product_cat-bex-sport-utomhus-spel","6":"brand-bex-sport","8":"first","9":"instock","10":"taxable","11":"shipping-taxable","12":"product-type-simple"},"aioseo_notices":[],"_links":{"self":[{"href":"https:\/\/games.tactic.net\/sv\/wp-json\/wp\/v2\/product\/1370071","targetHints":{"allow":["GET"]}}],"collection":[{"href":"https:\/\/games.tactic.net\/sv\/wp-json\/wp\/v2\/product"}],"about":[{"href":"https:\/\/games.tactic.net\/sv\/wp-json\/wp\/v2\/types\/product"}],"wp:attachment":[{"href":"https:\/\/games.tactic.net\/sv\/wp-json\/wp\/v2\/media?parent=1370071"}],"wp:term":[{"taxonomy":"product_brand","embeddable":true,"href":"https:\/\/games.tactic.net\/sv\/wp-json\/wp\/v2\/product_brand?post=1370071"},{"taxonomy":"product_cat","embeddable":true,"href":"https:\/\/games.tactic.net\/sv\/wp-json\/wp\/v2\/product_cat?post=1370071"},{"taxonomy":"product_tag","embeddable":true,"href":"https:\/\/games.tactic.net\/sv\/wp-json\/wp\/v2\/product_tag?post=1370071"},{"taxonomy":"brand","embeddable":true,"href":"https:\/\/games.tactic.net\/sv\/wp-json\/wp\/v2\/brand?post=1370071"},{"taxonomy":"target-group","embeddable":true,"href":"https:\/\/games.tactic.net\/sv\/wp-json\/wp\/v2\/target-group?post=1370071"},{"taxonomy":"discontinued","embeddable":true,"href":"https:\/\/games.tactic.net\/sv\/wp-json\/wp\/v2\/discontinued?post=1370071"}],"curies":[{"name":"wp","href":"https:\/\/api.w.org\/{rel}","templated":true}]}}