{"id":1370070,"date":"2026-03-27T15:03:07","date_gmt":"2026-03-27T13:03:07","guid":{"rendered":"https:\/\/games.tactic.net\/tuote\/bex-giant-mikado-family-fsc-certified\/"},"modified":"2026-03-27T15:03:07","modified_gmt":"2026-03-27T13:03:07","slug":"bex-giant-mikado-family-fsc-certified","status":"publish","type":"product","link":"https:\/\/games.tactic.net\/sv\/tuote\/bex-giant-mikado-family-fsc-certified\/","title":{"rendered":"Bex Giant Mikado Family (FSC Certified)"},"content":{"rendered":"<p>Mikado XL (Plockepinn). Ett klassiskt spel, plocka s\u00e5 m\u00e5nga pinnar som du kan utan att rubba de andra! Inneh\u00e5ller: 25 pinnar i storlek 95 x 1,25 cm. Regelbok p\u00e5 flera spr\u00e5k. V\u00e4ska medf\u00f6ljer f\u00f6r l\u00e4tt transport och f\u00f6rvaring.<\/p>\n","protected":false},"excerpt":{"rendered":"<p>J\u00e4tte Mikado Familj (FSC-certifierad)<\/p>\n","protected":false},"featured_media":0,"template":"","meta":{"content-type":"","_monsterinsights_skip_tracking":false,"_monsterinsights_sitenote_active":false,"_monsterinsights_sitenote_note":"","_monsterinsights_sitenote_category":0},"product_brand":[],"product_cat":[2333],"product_tag":[],"brand":[{"id":2336,"name":"BEX Sport","slug":"bex-sport"}],"target-group":[],"discontinued":[],"class_list":{"0":"post-1370070","1":"product","2":"type-product","3":"status-publish","5":"product_cat-bex-sport-utomhus-spel","6":"brand-bex-sport","8":"first","9":"instock","10":"taxable","11":"shipping-taxable","12":"product-type-simple"},"aioseo_notices":[],"_links":{"self":[{"href":"https:\/\/games.tactic.net\/sv\/wp-json\/wp\/v2\/product\/1370070","targetHints":{"allow":["GET"]}}],"collection":[{"href":"https:\/\/games.tactic.net\/sv\/wp-json\/wp\/v2\/product"}],"about":[{"href":"https:\/\/games.tactic.net\/sv\/wp-json\/wp\/v2\/types\/product"}],"wp:attachment":[{"href":"https:\/\/games.tactic.net\/sv\/wp-json\/wp\/v2\/media?parent=1370070"}],"wp:term":[{"taxonomy":"product_brand","embeddable":true,"href":"https:\/\/games.tactic.net\/sv\/wp-json\/wp\/v2\/product_brand?post=1370070"},{"taxonomy":"product_cat","embeddable":true,"href":"https:\/\/games.tactic.net\/sv\/wp-json\/wp\/v2\/product_cat?post=1370070"},{"taxonomy":"product_tag","embeddable":true,"href":"https:\/\/games.tactic.net\/sv\/wp-json\/wp\/v2\/product_tag?post=1370070"},{"taxonomy":"brand","embeddable":true,"href":"https:\/\/games.tactic.net\/sv\/wp-json\/wp\/v2\/brand?post=1370070"},{"taxonomy":"target-group","embeddable":true,"href":"https:\/\/games.tactic.net\/sv\/wp-json\/wp\/v2\/target-group?post=1370070"},{"taxonomy":"discontinued","embeddable":true,"href":"https:\/\/games.tactic.net\/sv\/wp-json\/wp\/v2\/discontinued?post=1370070"}],"curies":[{"name":"wp","href":"https:\/\/api.w.org\/{rel}","templated":true}]}}