{"id":1370069,"date":"2026-03-27T15:03:00","date_gmt":"2026-03-27T13:03:00","guid":{"rendered":"https:\/\/games.tactic.net\/tuote\/bex-ring-toss-family-fsc-certified\/"},"modified":"2026-03-27T15:03:00","modified_gmt":"2026-03-27T13:03:00","slug":"bex-ring-toss-family-fsc-certified","status":"publish","type":"product","link":"https:\/\/games.tactic.net\/sv\/tuote\/bex-ring-toss-family-fsc-certified\/","title":{"rendered":"Bex Ring Toss Family (FSC Certified)"},"content":{"rendered":"<p>Ring Toss Original. Ringkastspel. Ett enkelt och roligt spel att ta med till stranden eller att anv\u00e4nda som kast\u00f6vning. Spela genom att kasta rep-ringarna och f\u00f6rs\u00f6ka f\u00e5 dem att landa runt pinnarna. Po\u00e4ng r\u00e4knas efter siffran som \u00e4r markerad p\u00e5 pinnarna. Kvalitet: Furu, FSC\u00ae-certifierad. Basens m\u00e5tt: 42 \u00d7 4,5 cm. Ringarnas m\u00e5tt: 15 \u00d7 1 cm.<\/p>\n","protected":false},"excerpt":{"rendered":"<p>Ring Toss Original. Ringkastspel. Ett enkelt och roligt spel att ta med till stranden eller att anv\u00e4nda som kast\u00f6vning. Spela genom att kasta rep-ringarna och f\u00f6rs\u00f6ka f\u00e5 dem att landa runt pinnarna. Po\u00e4ng r\u00e4knas efter siffran som \u00e4r markerad p\u00e5 pinnarna. Kvalitet: Furu, FSC\u00ae-certifierad. Basens m\u00e5tt: 42 \u00d7 4,5 cm. Ringarnas m\u00e5tt: 15 \u00d7 1 [&hellip;]<\/p>\n","protected":false},"featured_media":0,"template":"","meta":{"content-type":"","_monsterinsights_skip_tracking":false,"_monsterinsights_sitenote_active":false,"_monsterinsights_sitenote_note":"","_monsterinsights_sitenote_category":0},"product_brand":[],"product_cat":[2333],"product_tag":[],"brand":[{"id":2336,"name":"BEX Sport","slug":"bex-sport"}],"target-group":[],"discontinued":[],"class_list":{"0":"post-1370069","1":"product","2":"type-product","3":"status-publish","5":"product_cat-bex-sport-utomhus-spel","6":"brand-bex-sport","8":"first","9":"outofstock","10":"taxable","11":"shipping-taxable","12":"product-type-simple"},"aioseo_notices":[],"_links":{"self":[{"href":"https:\/\/games.tactic.net\/sv\/wp-json\/wp\/v2\/product\/1370069","targetHints":{"allow":["GET"]}}],"collection":[{"href":"https:\/\/games.tactic.net\/sv\/wp-json\/wp\/v2\/product"}],"about":[{"href":"https:\/\/games.tactic.net\/sv\/wp-json\/wp\/v2\/types\/product"}],"wp:attachment":[{"href":"https:\/\/games.tactic.net\/sv\/wp-json\/wp\/v2\/media?parent=1370069"}],"wp:term":[{"taxonomy":"product_brand","embeddable":true,"href":"https:\/\/games.tactic.net\/sv\/wp-json\/wp\/v2\/product_brand?post=1370069"},{"taxonomy":"product_cat","embeddable":true,"href":"https:\/\/games.tactic.net\/sv\/wp-json\/wp\/v2\/product_cat?post=1370069"},{"taxonomy":"product_tag","embeddable":true,"href":"https:\/\/games.tactic.net\/sv\/wp-json\/wp\/v2\/product_tag?post=1370069"},{"taxonomy":"brand","embeddable":true,"href":"https:\/\/games.tactic.net\/sv\/wp-json\/wp\/v2\/brand?post=1370069"},{"taxonomy":"target-group","embeddable":true,"href":"https:\/\/games.tactic.net\/sv\/wp-json\/wp\/v2\/target-group?post=1370069"},{"taxonomy":"discontinued","embeddable":true,"href":"https:\/\/games.tactic.net\/sv\/wp-json\/wp\/v2\/discontinued?post=1370069"}],"curies":[{"name":"wp","href":"https:\/\/api.w.org\/{rel}","templated":true}]}}