{"id":1370068,"date":"2026-03-27T15:02:53","date_gmt":"2026-03-27T13:02:53","guid":{"rendered":"https:\/\/games.tactic.net\/tuote\/bex-croquet-family-6-player-fsc-certified\/"},"modified":"2026-03-27T15:02:53","modified_gmt":"2026-03-27T13:02:53","slug":"bex-croquet-family-6-player-fsc-certified","status":"publish","type":"product","link":"https:\/\/games.tactic.net\/sv\/tuote\/bex-croquet-family-6-player-fsc-certified\/","title":{"rendered":"Bex Croquet Family 6 player (FSC Certified)"},"content":{"rendered":"<p>Komplett krocketspel f\u00f6r 6 spelare. Kommer i praktisk v\u00e4ska med handtag. Klubbskaft: 75 cm &#8211; Klubbhuvud: 15 x 5,5 cm &#8211; Klot: diameter 7,5 cm<br \/>\nB\u00e5gar i st\u00e5l: 27 x 17 Inneh\u00e5ll: 6 Klubbor &#8211; 6 Klot &#8211; 2 M\u00e5lpinnar &#8211; 10 B\u00e5gar &#8211; 1 V\u00e4ska<\/p>\n","protected":false},"excerpt":{"rendered":"<p>Krocket Familj 6 spelare (FSC-certifierad)<\/p>\n","protected":false},"featured_media":0,"template":"","meta":{"content-type":"","_monsterinsights_skip_tracking":false,"_monsterinsights_sitenote_active":false,"_monsterinsights_sitenote_note":"","_monsterinsights_sitenote_category":0},"product_brand":[],"product_cat":[2333],"product_tag":[],"brand":[{"id":2336,"name":"BEX Sport","slug":"bex-sport"}],"target-group":[],"discontinued":[],"class_list":{"0":"post-1370068","1":"product","2":"type-product","3":"status-publish","5":"product_cat-bex-sport-utomhus-spel","6":"brand-bex-sport","8":"first","9":"instock","10":"taxable","11":"shipping-taxable","12":"product-type-simple"},"aioseo_notices":[],"_links":{"self":[{"href":"https:\/\/games.tactic.net\/sv\/wp-json\/wp\/v2\/product\/1370068","targetHints":{"allow":["GET"]}}],"collection":[{"href":"https:\/\/games.tactic.net\/sv\/wp-json\/wp\/v2\/product"}],"about":[{"href":"https:\/\/games.tactic.net\/sv\/wp-json\/wp\/v2\/types\/product"}],"wp:attachment":[{"href":"https:\/\/games.tactic.net\/sv\/wp-json\/wp\/v2\/media?parent=1370068"}],"wp:term":[{"taxonomy":"product_brand","embeddable":true,"href":"https:\/\/games.tactic.net\/sv\/wp-json\/wp\/v2\/product_brand?post=1370068"},{"taxonomy":"product_cat","embeddable":true,"href":"https:\/\/games.tactic.net\/sv\/wp-json\/wp\/v2\/product_cat?post=1370068"},{"taxonomy":"product_tag","embeddable":true,"href":"https:\/\/games.tactic.net\/sv\/wp-json\/wp\/v2\/product_tag?post=1370068"},{"taxonomy":"brand","embeddable":true,"href":"https:\/\/games.tactic.net\/sv\/wp-json\/wp\/v2\/brand?post=1370068"},{"taxonomy":"target-group","embeddable":true,"href":"https:\/\/games.tactic.net\/sv\/wp-json\/wp\/v2\/target-group?post=1370068"},{"taxonomy":"discontinued","embeddable":true,"href":"https:\/\/games.tactic.net\/sv\/wp-json\/wp\/v2\/discontinued?post=1370068"}],"curies":[{"name":"wp","href":"https:\/\/api.w.org\/{rel}","templated":true}]}}