{"id":1370067,"date":"2026-03-27T15:02:46","date_gmt":"2026-03-27T13:02:46","guid":{"rendered":"https:\/\/games.tactic.net\/tuote\/sunsport-tether-ball\/"},"modified":"2026-03-27T15:02:46","modified_gmt":"2026-03-27T13:02:46","slug":"sunsport-tether-ball","status":"publish","type":"product","link":"https:\/\/games.tactic.net\/sv\/tuote\/sunsport-tether-ball\/","title":{"rendered":"Sunsport Tether Ball"},"content":{"rendered":"<p>Tetherball. En kul variant av tennis, man spelar mot varandra och vinnaren \u00e4r den som f\u00f6rst kommer i botten eller toppen av &#8221;metallsnurran&#8221;. Perfekt f\u00f6r lek i tr\u00e4dg\u00e5rden eller p\u00e5 stranden. S\u00e4tt upp stolpen, st\u00e4ll er p\u00e5 varsin sida och spela f\u00f6r att vinna! I tetherball g\u00e4ller det att sl\u00e5 bollen s\u00e5 att den snurrar runt stolpen i din riktning, samtidigt som motst\u00e5ndaren f\u00f6rs\u00f6ker f\u00e5 den att snurra \u00e5t andra h\u00e5llet. Den spelare som f\u00f6rst f\u00e5r linan att lindas hela v\u00e4gen runt till sin sida vinner. L\u00e4tt att sticka ner i gr\u00e4smattan eller i sanden.  H\u00f6jd: 150 cm. Spelet \u00e4r anpassat f\u00f6r tre olika h\u00f6jder: 124 cm, 131 cm, 138 cm. Inneh\u00e5ll: 1 stolpe, 2 racketar, 1 boll. Spelet \u00e4r i metall.<\/p>\n","protected":false},"excerpt":{"rendered":"<p>Sunsport Uppbindningsboll<\/p>\n","protected":false},"featured_media":0,"template":"","meta":{"content-type":"","_monsterinsights_skip_tracking":false,"_monsterinsights_sitenote_active":false,"_monsterinsights_sitenote_note":"","_monsterinsights_sitenote_category":0},"product_brand":[],"product_cat":[2333],"product_tag":[],"brand":[],"target-group":[],"discontinued":[],"class_list":{"0":"post-1370067","1":"product","2":"type-product","3":"status-publish","5":"product_cat-bex-sport-utomhus-spel","7":"first","8":"instock","9":"taxable","10":"shipping-taxable","11":"product-type-simple"},"aioseo_notices":[],"_links":{"self":[{"href":"https:\/\/games.tactic.net\/sv\/wp-json\/wp\/v2\/product\/1370067","targetHints":{"allow":["GET"]}}],"collection":[{"href":"https:\/\/games.tactic.net\/sv\/wp-json\/wp\/v2\/product"}],"about":[{"href":"https:\/\/games.tactic.net\/sv\/wp-json\/wp\/v2\/types\/product"}],"wp:attachment":[{"href":"https:\/\/games.tactic.net\/sv\/wp-json\/wp\/v2\/media?parent=1370067"}],"wp:term":[{"taxonomy":"product_brand","embeddable":true,"href":"https:\/\/games.tactic.net\/sv\/wp-json\/wp\/v2\/product_brand?post=1370067"},{"taxonomy":"product_cat","embeddable":true,"href":"https:\/\/games.tactic.net\/sv\/wp-json\/wp\/v2\/product_cat?post=1370067"},{"taxonomy":"product_tag","embeddable":true,"href":"https:\/\/games.tactic.net\/sv\/wp-json\/wp\/v2\/product_tag?post=1370067"},{"taxonomy":"brand","embeddable":true,"href":"https:\/\/games.tactic.net\/sv\/wp-json\/wp\/v2\/brand?post=1370067"},{"taxonomy":"target-group","embeddable":true,"href":"https:\/\/games.tactic.net\/sv\/wp-json\/wp\/v2\/target-group?post=1370067"},{"taxonomy":"discontinued","embeddable":true,"href":"https:\/\/games.tactic.net\/sv\/wp-json\/wp\/v2\/discontinued?post=1370067"}],"curies":[{"name":"wp","href":"https:\/\/api.w.org\/{rel}","templated":true}]}}