{"id":1369988,"date":"2026-03-20T18:18:13","date_gmt":"2026-03-20T16:18:13","guid":{"rendered":"https:\/\/games.tactic.net\/tuote\/bex-boccia-original\/"},"modified":"2026-03-20T18:18:13","modified_gmt":"2026-03-20T16:18:13","slug":"bex-boccia-original","status":"publish","type":"product","link":"https:\/\/games.tactic.net\/sv\/tuote\/bex-boccia-original\/","title":{"rendered":"Bex Boccia Original"},"content":{"rendered":"<p>Boccia i tr\u00e4. Spelet spelas p\u00e5 gr\u00e4s. Spela en-mot-en eller i lag. Kasta kloten s\u00e5 n\u00e4ra \u201clillen\u201d som m\u00f6jligt. Varje klot som ligger n\u00e4rmare \u00e4n motst\u00e5ndarens ger po\u00e4ng. F\u00f6rst till 13 po\u00e4ng vinner. Inneh\u00e5ller: 4 x 2 st bocciaklot (diameter 7,2 cm, vikt 200 gram), 1 st m\u00e5lklot (\u201clillen\u201d), regelbok, 1 st f\u00f6rvarings-\/b\u00e4rv\u00e4ska. 4-f\u00e4rgs displaykartong,<\/p>\n","protected":false},"excerpt":{"rendered":"<p>Boccia i tr\u00e4. Spelet spelas p\u00e5 gr\u00e4s. Spela en-mot-en eller i lag. Kasta kloten s\u00e5 n\u00e4ra \u201clillen\u201d som m\u00f6jligt. Varje klot som ligger n\u00e4rmare \u00e4n motst\u00e5ndarens ger po\u00e4ng. F\u00f6rst till 13 po\u00e4ng vinner. Inneh\u00e5ller: 4 x 2 st bocciaklot (diameter 7,2 cm, vikt 200 gram), 1 st m\u00e5lklot (\u201clillen\u201d), regelbok, 1 st f\u00f6rvarings-\/b\u00e4rv\u00e4ska. 4-f\u00e4rgs displaykartong,<\/p>\n","protected":false},"featured_media":0,"template":"","meta":{"content-type":"","_monsterinsights_skip_tracking":false,"_monsterinsights_sitenote_active":false,"_monsterinsights_sitenote_note":"","_monsterinsights_sitenote_category":0},"product_brand":[],"product_cat":[2333],"product_tag":[],"brand":[],"target-group":[],"discontinued":[],"class_list":{"0":"post-1369988","1":"product","2":"type-product","3":"status-publish","5":"product_cat-bex-sport-utomhus-spel","7":"first","8":"instock","9":"taxable","10":"shipping-taxable","11":"product-type-simple"},"aioseo_notices":[],"_links":{"self":[{"href":"https:\/\/games.tactic.net\/sv\/wp-json\/wp\/v2\/product\/1369988","targetHints":{"allow":["GET"]}}],"collection":[{"href":"https:\/\/games.tactic.net\/sv\/wp-json\/wp\/v2\/product"}],"about":[{"href":"https:\/\/games.tactic.net\/sv\/wp-json\/wp\/v2\/types\/product"}],"wp:attachment":[{"href":"https:\/\/games.tactic.net\/sv\/wp-json\/wp\/v2\/media?parent=1369988"}],"wp:term":[{"taxonomy":"product_brand","embeddable":true,"href":"https:\/\/games.tactic.net\/sv\/wp-json\/wp\/v2\/product_brand?post=1369988"},{"taxonomy":"product_cat","embeddable":true,"href":"https:\/\/games.tactic.net\/sv\/wp-json\/wp\/v2\/product_cat?post=1369988"},{"taxonomy":"product_tag","embeddable":true,"href":"https:\/\/games.tactic.net\/sv\/wp-json\/wp\/v2\/product_tag?post=1369988"},{"taxonomy":"brand","embeddable":true,"href":"https:\/\/games.tactic.net\/sv\/wp-json\/wp\/v2\/brand?post=1369988"},{"taxonomy":"target-group","embeddable":true,"href":"https:\/\/games.tactic.net\/sv\/wp-json\/wp\/v2\/target-group?post=1369988"},{"taxonomy":"discontinued","embeddable":true,"href":"https:\/\/games.tactic.net\/sv\/wp-json\/wp\/v2\/discontinued?post=1369988"}],"curies":[{"name":"wp","href":"https:\/\/api.w.org\/{rel}","templated":true}]}}