{"id":1369946,"date":"2026-03-20T07:23:16","date_gmt":"2026-03-20T05:23:16","guid":{"rendered":"https:\/\/games.tactic.net\/tuote\/lumo-stars-planet-pals-maris-10-cm\/"},"modified":"2026-03-20T07:23:16","modified_gmt":"2026-03-20T05:23:16","slug":"lumo-stars-planet-pals-maris-10-cm","status":"publish","type":"product","link":"https:\/\/games.tactic.net\/sv\/tuote\/lumo-stars-planet-pals-maris-10-cm\/","title":{"rendered":"Lumo Stars Planet Pals Maris 10 cm"},"content":{"rendered":"<p>Glad och omt\u00e4nksam \u00e4r Maris havets beskyddare. Hon hj\u00e4lper till att rena haven och r\u00e4ddar havsdjur, och inspirerar alla att h\u00e5lla vattnen rena och bl\u00e5.<\/p>\n<p>Tillverkad med k\u00e4rlek \u2013 och av \u00e5tervunnet material, f\u00f6r naturens b\u00e4sta.<\/p>\n<p>Denna 10 cm stora mjukis \u00e4r l\u00e4tt att ta med \u00f6verallt, eftersom den enkelt kan f\u00e4stas p\u00e5 skolv\u00e4skan eller anv\u00e4ndas som nyckelring med hj\u00e4lp av metallkl\u00e4mman.<\/p>\n","protected":false},"excerpt":{"rendered":"<p>Glad och omt\u00e4nksam \u00e4r Maris havets beskyddare.<\/p>\n","protected":false},"featured_media":0,"template":"","meta":{"content-type":"","_monsterinsights_skip_tracking":false,"_monsterinsights_sitenote_active":false,"_monsterinsights_sitenote_note":"","_monsterinsights_sitenote_category":0},"product_brand":[],"product_cat":[1565],"product_tag":[],"brand":[{"id":1018,"name":"Lumo Stars","slug":"lumo-stars-13"}],"target-group":[],"discontinued":[],"class_list":{"0":"post-1369946","1":"product","2":"type-product","3":"status-publish","5":"product_cat-mini-gosedjur-lumo-stars-5","6":"brand-lumo-stars-13","8":"first","9":"instock","10":"taxable","11":"shipping-taxable","12":"product-type-simple"},"aioseo_notices":[],"_links":{"self":[{"href":"https:\/\/games.tactic.net\/sv\/wp-json\/wp\/v2\/product\/1369946","targetHints":{"allow":["GET"]}}],"collection":[{"href":"https:\/\/games.tactic.net\/sv\/wp-json\/wp\/v2\/product"}],"about":[{"href":"https:\/\/games.tactic.net\/sv\/wp-json\/wp\/v2\/types\/product"}],"wp:attachment":[{"href":"https:\/\/games.tactic.net\/sv\/wp-json\/wp\/v2\/media?parent=1369946"}],"wp:term":[{"taxonomy":"product_brand","embeddable":true,"href":"https:\/\/games.tactic.net\/sv\/wp-json\/wp\/v2\/product_brand?post=1369946"},{"taxonomy":"product_cat","embeddable":true,"href":"https:\/\/games.tactic.net\/sv\/wp-json\/wp\/v2\/product_cat?post=1369946"},{"taxonomy":"product_tag","embeddable":true,"href":"https:\/\/games.tactic.net\/sv\/wp-json\/wp\/v2\/product_tag?post=1369946"},{"taxonomy":"brand","embeddable":true,"href":"https:\/\/games.tactic.net\/sv\/wp-json\/wp\/v2\/brand?post=1369946"},{"taxonomy":"target-group","embeddable":true,"href":"https:\/\/games.tactic.net\/sv\/wp-json\/wp\/v2\/target-group?post=1369946"},{"taxonomy":"discontinued","embeddable":true,"href":"https:\/\/games.tactic.net\/sv\/wp-json\/wp\/v2\/discontinued?post=1369946"}],"curies":[{"name":"wp","href":"https:\/\/api.w.org\/{rel}","templated":true}]}}