{"id":1369828,"date":"2026-03-11T15:14:20","date_gmt":"2026-03-11T13:14:20","guid":{"rendered":"https:\/\/games.tactic.net\/tuote\/sunsport-football-croquet\/"},"modified":"2026-03-11T15:14:20","modified_gmt":"2026-03-11T13:14:20","slug":"sunsport-football-croquet","status":"publish","type":"product","link":"https:\/\/games.tactic.net\/sv\/tuote\/sunsport-football-croquet\/","title":{"rendered":"Sunsport Football Croquet"},"content":{"rendered":"<p>Fotbollskrocket anpassat f\u00f6r 2-4 spelare. Spela p\u00e5 stranden eller p\u00e5 gr\u00e4smattan. Ett roligt och l\u00e4ttspelat utomhusspel f\u00f6r hela familjen. Bollstorlek: \u00d8 17 cm. B\u00e5garnas storlek: 39 \u00d7 39 cm. Setet inneh\u00e5ller: 4 st fotbollar i stl 3, 2 st m\u00e5lpinnar, 10 st b\u00e5gar i metall. Regelbok och instruktioner p\u00e5 flera spr\u00e5k.<\/p>\n","protected":false},"excerpt":{"rendered":"<p>Sunsport Fotboll Krocket<\/p>\n","protected":false},"featured_media":0,"template":"","meta":{"content-type":"","_monsterinsights_skip_tracking":false,"_monsterinsights_sitenote_active":false,"_monsterinsights_sitenote_note":"","_monsterinsights_sitenote_category":0},"product_brand":[],"product_cat":[2333],"product_tag":[],"brand":[],"target-group":[],"discontinued":[],"class_list":{"0":"post-1369828","1":"product","2":"type-product","3":"status-publish","5":"product_cat-bex-sport-utomhus-spel","7":"first","8":"outofstock","9":"taxable","10":"shipping-taxable","11":"product-type-simple"},"aioseo_notices":[],"_links":{"self":[{"href":"https:\/\/games.tactic.net\/sv\/wp-json\/wp\/v2\/product\/1369828","targetHints":{"allow":["GET"]}}],"collection":[{"href":"https:\/\/games.tactic.net\/sv\/wp-json\/wp\/v2\/product"}],"about":[{"href":"https:\/\/games.tactic.net\/sv\/wp-json\/wp\/v2\/types\/product"}],"wp:attachment":[{"href":"https:\/\/games.tactic.net\/sv\/wp-json\/wp\/v2\/media?parent=1369828"}],"wp:term":[{"taxonomy":"product_brand","embeddable":true,"href":"https:\/\/games.tactic.net\/sv\/wp-json\/wp\/v2\/product_brand?post=1369828"},{"taxonomy":"product_cat","embeddable":true,"href":"https:\/\/games.tactic.net\/sv\/wp-json\/wp\/v2\/product_cat?post=1369828"},{"taxonomy":"product_tag","embeddable":true,"href":"https:\/\/games.tactic.net\/sv\/wp-json\/wp\/v2\/product_tag?post=1369828"},{"taxonomy":"brand","embeddable":true,"href":"https:\/\/games.tactic.net\/sv\/wp-json\/wp\/v2\/brand?post=1369828"},{"taxonomy":"target-group","embeddable":true,"href":"https:\/\/games.tactic.net\/sv\/wp-json\/wp\/v2\/target-group?post=1369828"},{"taxonomy":"discontinued","embeddable":true,"href":"https:\/\/games.tactic.net\/sv\/wp-json\/wp\/v2\/discontinued?post=1369828"}],"curies":[{"name":"wp","href":"https:\/\/api.w.org\/{rel}","templated":true}]}}