{"id":1369805,"date":"2026-03-11T15:12:16","date_gmt":"2026-03-11T13:12:16","guid":{"rendered":"https:\/\/games.tactic.net\/tuote\/bex-kubb-original-red-king\/"},"modified":"2026-03-11T15:12:16","modified_gmt":"2026-03-11T13:12:16","slug":"bex-kubb-original-red-king","status":"publish","type":"product","link":"https:\/\/games.tactic.net\/sv\/tuote\/bex-kubb-original-red-king\/","title":{"rendered":"Bex Kubb Original, Red king"},"content":{"rendered":"<p>Kubb, r\u00f6d kung. Det traditionella nordiska kastspelet. Kvalitet: gummitr\u00e4. Storlek: Kung 30 x 7,5 cm, kastpinne 30 x 4 cm, kubb 15 x 6 cm. Inneh\u00e5ller 1 kung, 6 kastpinnar, 10 kubbar, 4 h\u00f6rnmark\u00f6rer, 1 non-woven-v\u00e4ska med handtag, flerspr\u00e5kig regelbok med instruktioner.<\/p>\n","protected":false},"excerpt":{"rendered":"<p>Kubb, r\u00f6d kung. Det traditionella nordiska kastspelet. Kvalitet: gummitr\u00e4. Storlek: Kung 30 x 7,5 cm, kastpinne 30 x 4 cm, kubb 15 x 6 cm. Inneh\u00e5ller 1 kung, 6 kastpinnar, 10 kubbar, 4 h\u00f6rnmark\u00f6rer, 1 non-woven-v\u00e4ska med handtag, flerspr\u00e5kig regelbok med instruktioner.<\/p>\n","protected":false},"featured_media":0,"template":"","meta":{"content-type":"","_monsterinsights_skip_tracking":false,"_monsterinsights_sitenote_active":false,"_monsterinsights_sitenote_note":"","_monsterinsights_sitenote_category":0},"product_brand":[],"product_cat":[2333],"product_tag":[],"brand":[],"target-group":[],"discontinued":[],"class_list":{"0":"post-1369805","1":"product","2":"type-product","3":"status-publish","5":"product_cat-bex-sport-utomhus-spel","7":"first","8":"instock","9":"taxable","10":"shipping-taxable","11":"product-type-simple"},"aioseo_notices":[],"_links":{"self":[{"href":"https:\/\/games.tactic.net\/sv\/wp-json\/wp\/v2\/product\/1369805","targetHints":{"allow":["GET"]}}],"collection":[{"href":"https:\/\/games.tactic.net\/sv\/wp-json\/wp\/v2\/product"}],"about":[{"href":"https:\/\/games.tactic.net\/sv\/wp-json\/wp\/v2\/types\/product"}],"wp:attachment":[{"href":"https:\/\/games.tactic.net\/sv\/wp-json\/wp\/v2\/media?parent=1369805"}],"wp:term":[{"taxonomy":"product_brand","embeddable":true,"href":"https:\/\/games.tactic.net\/sv\/wp-json\/wp\/v2\/product_brand?post=1369805"},{"taxonomy":"product_cat","embeddable":true,"href":"https:\/\/games.tactic.net\/sv\/wp-json\/wp\/v2\/product_cat?post=1369805"},{"taxonomy":"product_tag","embeddable":true,"href":"https:\/\/games.tactic.net\/sv\/wp-json\/wp\/v2\/product_tag?post=1369805"},{"taxonomy":"brand","embeddable":true,"href":"https:\/\/games.tactic.net\/sv\/wp-json\/wp\/v2\/brand?post=1369805"},{"taxonomy":"target-group","embeddable":true,"href":"https:\/\/games.tactic.net\/sv\/wp-json\/wp\/v2\/target-group?post=1369805"},{"taxonomy":"discontinued","embeddable":true,"href":"https:\/\/games.tactic.net\/sv\/wp-json\/wp\/v2\/discontinued?post=1369805"}],"curies":[{"name":"wp","href":"https:\/\/api.w.org\/{rel}","templated":true}]}}