{"id":1369795,"date":"2026-03-11T15:11:15","date_gmt":"2026-03-11T13:11:15","guid":{"rendered":"https:\/\/games.tactic.net\/tuote\/bex-cornhole-original\/"},"modified":"2026-03-11T15:11:15","modified_gmt":"2026-03-11T13:11:15","slug":"bex-cornhole-original","status":"publish","type":"product","link":"https:\/\/games.tactic.net\/sv\/tuote\/bex-cornhole-original\/","title":{"rendered":"Bex Cornhole Original"},"content":{"rendered":"<p>Cornhole Original. Levereras med tv\u00e5 br\u00e4den och 8 p\u00e5sar i tv\u00e5 olika f\u00e4rger. Ett praktiskt set att ta med p\u00e5 utflykten eller att spela inomhus. Enkla spelregler som passar alla \u00e5ldrar. Br\u00e4dena kan l\u00e5sas ihop och b\u00e4ras som ett fodral med rep-handtag. Kasta p\u00e5sarna och f\u00f6rs\u00f6k tr\u00e4ffa f\u00f6r att f\u00e5 s\u00e5 m\u00e5nga po\u00e4ng som m\u00f6jligt. Mest po\u00e4ng f\u00e5r du av att tr\u00e4ffa h\u00e5let. Kastbr\u00e4da: 60 X 30 X 7 cm &#8211; Kastp\u00e5se: 8 X 8 cm. Regelbok p\u00e5 flera spr\u00e5k. Material: Plywood \/ Rubberwood.<\/p>\n","protected":false},"excerpt":{"rendered":"<p>Cornhole \/ Beanbag Original<\/p>\n","protected":false},"featured_media":0,"template":"","meta":{"content-type":"","_monsterinsights_skip_tracking":false,"_monsterinsights_sitenote_active":false,"_monsterinsights_sitenote_note":"","_monsterinsights_sitenote_category":0},"product_brand":[],"product_cat":[2333],"product_tag":[],"brand":[{"id":2336,"name":"BEX Sport","slug":"bex-sport"}],"target-group":[],"discontinued":[],"class_list":{"0":"post-1369795","1":"product","2":"type-product","3":"status-publish","5":"product_cat-bex-sport-utomhus-spel","6":"brand-bex-sport","8":"first","9":"outofstock","10":"taxable","11":"shipping-taxable","12":"product-type-simple"},"aioseo_notices":[],"_links":{"self":[{"href":"https:\/\/games.tactic.net\/sv\/wp-json\/wp\/v2\/product\/1369795","targetHints":{"allow":["GET"]}}],"collection":[{"href":"https:\/\/games.tactic.net\/sv\/wp-json\/wp\/v2\/product"}],"about":[{"href":"https:\/\/games.tactic.net\/sv\/wp-json\/wp\/v2\/types\/product"}],"wp:attachment":[{"href":"https:\/\/games.tactic.net\/sv\/wp-json\/wp\/v2\/media?parent=1369795"}],"wp:term":[{"taxonomy":"product_brand","embeddable":true,"href":"https:\/\/games.tactic.net\/sv\/wp-json\/wp\/v2\/product_brand?post=1369795"},{"taxonomy":"product_cat","embeddable":true,"href":"https:\/\/games.tactic.net\/sv\/wp-json\/wp\/v2\/product_cat?post=1369795"},{"taxonomy":"product_tag","embeddable":true,"href":"https:\/\/games.tactic.net\/sv\/wp-json\/wp\/v2\/product_tag?post=1369795"},{"taxonomy":"brand","embeddable":true,"href":"https:\/\/games.tactic.net\/sv\/wp-json\/wp\/v2\/brand?post=1369795"},{"taxonomy":"target-group","embeddable":true,"href":"https:\/\/games.tactic.net\/sv\/wp-json\/wp\/v2\/target-group?post=1369795"},{"taxonomy":"discontinued","embeddable":true,"href":"https:\/\/games.tactic.net\/sv\/wp-json\/wp\/v2\/discontinued?post=1369795"}],"curies":[{"name":"wp","href":"https:\/\/api.w.org\/{rel}","templated":true}]}}