{"id":1369789,"date":"2026-03-11T15:10:38","date_gmt":"2026-03-11T13:10:38","guid":{"rendered":"https:\/\/games.tactic.net\/tuote\/spin-ladder-original\/"},"modified":"2026-03-11T15:10:38","modified_gmt":"2026-03-11T13:10:38","slug":"spin-ladder-original","status":"publish","type":"product","link":"https:\/\/games.tactic.net\/sv\/tuote\/spin-ladder-original\/","title":{"rendered":"Spin Ladder Original"},"content":{"rendered":"<p>Spinladder Original. Spinladder \u00e4r ett roligt tr\u00e4dg\u00e5rdsspel som kr\u00e4ver b\u00e5de precision och taktik. Du f\u00e5r po\u00e4ng beroende p\u00e5 vilken niv\u00e5 av stegen du tr\u00e4ffar! Spelarna turas om att kasta bollarna mot stegen och f\u00f6rs\u00f6ker f\u00e5 dem att fastna p\u00e5 stegpinnarna. Po\u00e4ng r\u00e4knas f\u00f6r varje boll som sitter kvar n\u00e4r rundan \u00e4r slut, med extra po\u00e4ng om du lyckas f\u00e5 en boll p\u00e5 varje pinne \u2013 eller alla bollar p\u00e5 samma pinne.<br \/>\nStegens m\u00e5tt: 88,5 \u00d7 60 \u00d7 57 cm. Stegpinnar: 57 \u00d7 2,2 cm. Bollar: 4,6 cm. Material: Rubberwood. Inneh\u00e5ll: 1 stege, 2 set bollar, f\u00f6rvaringsp\u00e5se i non-woven-material, regelbok med instruktioner (flera spr\u00e5k).<\/p>\n","protected":false},"excerpt":{"rendered":"<p>Laddergolf Original<\/p>\n","protected":false},"featured_media":0,"template":"","meta":{"content-type":"","_monsterinsights_skip_tracking":false,"_monsterinsights_sitenote_active":false,"_monsterinsights_sitenote_note":"","_monsterinsights_sitenote_category":0},"product_brand":[],"product_cat":[2333],"product_tag":[],"brand":[],"target-group":[],"discontinued":[],"class_list":{"0":"post-1369789","1":"product","2":"type-product","3":"status-publish","5":"product_cat-bex-sport-utomhus-spel","7":"first","8":"outofstock","9":"taxable","10":"shipping-taxable","11":"product-type-simple"},"aioseo_notices":[],"_links":{"self":[{"href":"https:\/\/games.tactic.net\/sv\/wp-json\/wp\/v2\/product\/1369789","targetHints":{"allow":["GET"]}}],"collection":[{"href":"https:\/\/games.tactic.net\/sv\/wp-json\/wp\/v2\/product"}],"about":[{"href":"https:\/\/games.tactic.net\/sv\/wp-json\/wp\/v2\/types\/product"}],"wp:attachment":[{"href":"https:\/\/games.tactic.net\/sv\/wp-json\/wp\/v2\/media?parent=1369789"}],"wp:term":[{"taxonomy":"product_brand","embeddable":true,"href":"https:\/\/games.tactic.net\/sv\/wp-json\/wp\/v2\/product_brand?post=1369789"},{"taxonomy":"product_cat","embeddable":true,"href":"https:\/\/games.tactic.net\/sv\/wp-json\/wp\/v2\/product_cat?post=1369789"},{"taxonomy":"product_tag","embeddable":true,"href":"https:\/\/games.tactic.net\/sv\/wp-json\/wp\/v2\/product_tag?post=1369789"},{"taxonomy":"brand","embeddable":true,"href":"https:\/\/games.tactic.net\/sv\/wp-json\/wp\/v2\/brand?post=1369789"},{"taxonomy":"target-group","embeddable":true,"href":"https:\/\/games.tactic.net\/sv\/wp-json\/wp\/v2\/target-group?post=1369789"},{"taxonomy":"discontinued","embeddable":true,"href":"https:\/\/games.tactic.net\/sv\/wp-json\/wp\/v2\/discontinued?post=1369789"}],"curies":[{"name":"wp","href":"https:\/\/api.w.org\/{rel}","templated":true}]}}