{"id":1369783,"date":"2026-03-11T15:09:57","date_gmt":"2026-03-11T13:09:57","guid":{"rendered":"https:\/\/games.tactic.net\/tuote\/sunsport-badminton-2-rackets-and-balls\/"},"modified":"2026-03-11T15:09:57","modified_gmt":"2026-03-11T13:09:57","slug":"sunsport-badminton-2-rackets-and-balls","status":"publish","type":"product","link":"https:\/\/games.tactic.net\/sv\/tuote\/sunsport-badminton-2-rackets-and-balls\/","title":{"rendered":"Sunsport Badminton 2 rackets and balls"},"content":{"rendered":"<p>Badmintonset. Badminton \u00e4r en racketsport f\u00f6r tv\u00e5 eller fyra spelare. I all sin enkelhet g\u00e5r det ut p\u00e5 att sl\u00e5 bollen med racketen s\u00e5 att den flyger \u00f6ver n\u00e4tet till andra planhalvan, helst s\u00e5 att motst\u00e5ndaren inte kan n\u00e5 bollen innan den sl\u00e5r i marken inom planens gr\u00e4nser. Storlek p\u00e5 racket: 70x20x3 cm. Inneh\u00e5ll: 2 racketar, 2 badmintonbollar, f\u00f6rvaringsv\u00e4ska.<\/p>\n","protected":false},"excerpt":{"rendered":"<p>Sunsport Badminton 2 racketar och bollar<\/p>\n","protected":false},"featured_media":0,"template":"","meta":{"content-type":"","_monsterinsights_skip_tracking":false,"_monsterinsights_sitenote_active":false,"_monsterinsights_sitenote_note":"","_monsterinsights_sitenote_category":0},"product_brand":[],"product_cat":[2333],"product_tag":[],"brand":[{"id":2336,"name":"BEX Sport","slug":"bex-sport"}],"target-group":[],"discontinued":[],"class_list":{"0":"post-1369783","1":"product","2":"type-product","3":"status-publish","5":"product_cat-bex-sport-utomhus-spel","6":"brand-bex-sport","8":"first","9":"instock","10":"taxable","11":"shipping-taxable","12":"product-type-simple"},"aioseo_notices":[],"_links":{"self":[{"href":"https:\/\/games.tactic.net\/sv\/wp-json\/wp\/v2\/product\/1369783","targetHints":{"allow":["GET"]}}],"collection":[{"href":"https:\/\/games.tactic.net\/sv\/wp-json\/wp\/v2\/product"}],"about":[{"href":"https:\/\/games.tactic.net\/sv\/wp-json\/wp\/v2\/types\/product"}],"wp:attachment":[{"href":"https:\/\/games.tactic.net\/sv\/wp-json\/wp\/v2\/media?parent=1369783"}],"wp:term":[{"taxonomy":"product_brand","embeddable":true,"href":"https:\/\/games.tactic.net\/sv\/wp-json\/wp\/v2\/product_brand?post=1369783"},{"taxonomy":"product_cat","embeddable":true,"href":"https:\/\/games.tactic.net\/sv\/wp-json\/wp\/v2\/product_cat?post=1369783"},{"taxonomy":"product_tag","embeddable":true,"href":"https:\/\/games.tactic.net\/sv\/wp-json\/wp\/v2\/product_tag?post=1369783"},{"taxonomy":"brand","embeddable":true,"href":"https:\/\/games.tactic.net\/sv\/wp-json\/wp\/v2\/brand?post=1369783"},{"taxonomy":"target-group","embeddable":true,"href":"https:\/\/games.tactic.net\/sv\/wp-json\/wp\/v2\/target-group?post=1369783"},{"taxonomy":"discontinued","embeddable":true,"href":"https:\/\/games.tactic.net\/sv\/wp-json\/wp\/v2\/discontinued?post=1369783"}],"curies":[{"name":"wp","href":"https:\/\/api.w.org\/{rel}","templated":true}]}}