{"id":1369762,"date":"2026-03-11T15:07:36","date_gmt":"2026-03-11T13:07:36","guid":{"rendered":"https:\/\/games.tactic.net\/tuote\/gamesson-tournament-edition-dartboard\/"},"modified":"2026-03-11T15:07:36","modified_gmt":"2026-03-11T13:07:36","slug":"gamesson-tournament-edition-dartboard","status":"publish","type":"product","link":"https:\/\/games.tactic.net\/sv\/tuote\/gamesson-tournament-edition-dartboard\/","title":{"rendered":"Gamesson Tournament Edition Dartboard"},"content":{"rendered":"<p>Spela som ett proffs p\u00e5 denna darttavla. Sisaltavlan \u00e4r tillverkad av \u201csj\u00e4lvl\u00e4kande\u201d material som med tiden sluter igen h\u00e5len fr\u00e5n pilarna. Det g\u00f6r den h\u00e5llbar och perfekt f\u00f6r m\u00e5nga matcher. Inneh\u00e5ller: sj\u00e4lvl\u00e4kande sisaltavla, avtagbar sifferring, h\u00e4ftklammerfri bullseye.<\/p>\n","protected":false},"excerpt":{"rendered":"<p>Spela som ett proffs p\u00e5 denna darttavla. Sisaltavlan \u00e4r tillverkad av \u201csj\u00e4lvl\u00e4kande\u201d material som med tiden sluter igen h\u00e5len fr\u00e5n pilarna. Det g\u00f6r den h\u00e5llbar och perfekt f\u00f6r m\u00e5nga matcher. Inneh\u00e5ller: sj\u00e4lvl\u00e4kande sisaltavla, avtagbar sifferring, h\u00e4ftklammerfri bullseye.<\/p>\n","protected":false},"featured_media":0,"template":"","meta":{"content-type":"","_monsterinsights_skip_tracking":false,"_monsterinsights_sitenote_active":false,"_monsterinsights_sitenote_note":"","_monsterinsights_sitenote_category":0},"product_brand":[],"product_cat":[2333],"product_tag":[],"brand":[],"target-group":[],"discontinued":[],"class_list":{"0":"post-1369762","1":"product","2":"type-product","3":"status-publish","5":"product_cat-bex-sport-utomhus-spel","7":"first","8":"outofstock","9":"taxable","10":"shipping-taxable","11":"product-type-simple"},"aioseo_notices":[],"_links":{"self":[{"href":"https:\/\/games.tactic.net\/sv\/wp-json\/wp\/v2\/product\/1369762","targetHints":{"allow":["GET"]}}],"collection":[{"href":"https:\/\/games.tactic.net\/sv\/wp-json\/wp\/v2\/product"}],"about":[{"href":"https:\/\/games.tactic.net\/sv\/wp-json\/wp\/v2\/types\/product"}],"wp:attachment":[{"href":"https:\/\/games.tactic.net\/sv\/wp-json\/wp\/v2\/media?parent=1369762"}],"wp:term":[{"taxonomy":"product_brand","embeddable":true,"href":"https:\/\/games.tactic.net\/sv\/wp-json\/wp\/v2\/product_brand?post=1369762"},{"taxonomy":"product_cat","embeddable":true,"href":"https:\/\/games.tactic.net\/sv\/wp-json\/wp\/v2\/product_cat?post=1369762"},{"taxonomy":"product_tag","embeddable":true,"href":"https:\/\/games.tactic.net\/sv\/wp-json\/wp\/v2\/product_tag?post=1369762"},{"taxonomy":"brand","embeddable":true,"href":"https:\/\/games.tactic.net\/sv\/wp-json\/wp\/v2\/brand?post=1369762"},{"taxonomy":"target-group","embeddable":true,"href":"https:\/\/games.tactic.net\/sv\/wp-json\/wp\/v2\/target-group?post=1369762"},{"taxonomy":"discontinued","embeddable":true,"href":"https:\/\/games.tactic.net\/sv\/wp-json\/wp\/v2\/discontinued?post=1369762"}],"curies":[{"name":"wp","href":"https:\/\/api.w.org\/{rel}","templated":true}]}}