{"id":1369758,"date":"2026-03-10T16:18:14","date_gmt":"2026-03-10T14:18:14","guid":{"rendered":"https:\/\/games.tactic.net\/tuote\/tactic-yatzy-natural\/"},"modified":"2026-03-10T16:18:14","modified_gmt":"2026-03-10T14:18:14","slug":"tactic-yatzy-natural","status":"publish","type":"product","link":"https:\/\/games.tactic.net\/sv\/tuote\/tactic-yatzy-natural\/","title":{"rendered":"Tactic Yatzy Natural"},"content":{"rendered":"<p>Ett roligt t\u00e4rningsspel! Yatzy \u00e4r ett gammalt och v\u00e4lk\u00e4nt t\u00e4rningsspel, som spelas med fem t\u00e4rningar. Avsikten \u00e4r att f\u00e5 s\u00e5 m\u00e5nga och h\u00f6ga nummerkombinationer som m\u00f6jligt p\u00e5 protokollblocket. Vinnaren \u00e4r den som har f\u00e5tt det h\u00f6gsta po\u00e4ngantalet n\u00e4r protokollet fyllts i.<\/p>\n","protected":false},"excerpt":{"rendered":"<p>Ett roligt t\u00e4rningsspel! Yatzy \u00e4r ett gammalt och v\u00e4lk\u00e4nt t\u00e4rningsspel, som spelas med fem t\u00e4rningar. Avsikten \u00e4r att f\u00e5 s\u00e5 m\u00e5nga och h\u00f6ga nummerkombinationer som m\u00f6jligt p\u00e5 protokollblocket. Vinnaren \u00e4r den som har f\u00e5tt det h\u00f6gsta po\u00e4ngantalet n\u00e4r protokollet fyllts i.<\/p>\n","protected":false},"featured_media":0,"template":"","meta":{"content-type":"","_monsterinsights_skip_tracking":false,"_monsterinsights_sitenote_active":false,"_monsterinsights_sitenote_note":"","_monsterinsights_sitenote_category":0},"product_brand":[],"product_cat":[1563,1578],"product_tag":[1240,857],"brand":[],"target-group":[],"discontinued":[],"class_list":{"0":"post-1369758","1":"product","2":"type-product","3":"status-publish","5":"product_cat-kort-och-tarningsspel","6":"product_cat-kort-och-tarningsspel-familjespel","7":"product_tag-rakning-sv","8":"product_tag-tur","10":"first","11":"instock","12":"taxable","13":"shipping-taxable","14":"product-type-simple"},"aioseo_notices":[],"_links":{"self":[{"href":"https:\/\/games.tactic.net\/sv\/wp-json\/wp\/v2\/product\/1369758","targetHints":{"allow":["GET"]}}],"collection":[{"href":"https:\/\/games.tactic.net\/sv\/wp-json\/wp\/v2\/product"}],"about":[{"href":"https:\/\/games.tactic.net\/sv\/wp-json\/wp\/v2\/types\/product"}],"wp:attachment":[{"href":"https:\/\/games.tactic.net\/sv\/wp-json\/wp\/v2\/media?parent=1369758"}],"wp:term":[{"taxonomy":"product_brand","embeddable":true,"href":"https:\/\/games.tactic.net\/sv\/wp-json\/wp\/v2\/product_brand?post=1369758"},{"taxonomy":"product_cat","embeddable":true,"href":"https:\/\/games.tactic.net\/sv\/wp-json\/wp\/v2\/product_cat?post=1369758"},{"taxonomy":"product_tag","embeddable":true,"href":"https:\/\/games.tactic.net\/sv\/wp-json\/wp\/v2\/product_tag?post=1369758"},{"taxonomy":"brand","embeddable":true,"href":"https:\/\/games.tactic.net\/sv\/wp-json\/wp\/v2\/brand?post=1369758"},{"taxonomy":"target-group","embeddable":true,"href":"https:\/\/games.tactic.net\/sv\/wp-json\/wp\/v2\/target-group?post=1369758"},{"taxonomy":"discontinued","embeddable":true,"href":"https:\/\/games.tactic.net\/sv\/wp-json\/wp\/v2\/discontinued?post=1369758"}],"curies":[{"name":"wp","href":"https:\/\/api.w.org\/{rel}","templated":true}]}}