{"id":1369751,"date":"2026-03-05T16:19:00","date_gmt":"2026-03-05T14:19:00","guid":{"rendered":"https:\/\/games.tactic.net\/tuote\/plasto-toddler-off-road-soft-neutrals\/"},"modified":"2026-04-09T15:48:53","modified_gmt":"2026-04-09T12:48:53","slug":"plasto-toddler-off-road-soft-neutrals","status":"publish","type":"product","link":"https:\/\/games.tactic.net\/sv\/tuote\/plasto-toddler-off-road-soft-neutrals\/","title":{"rendered":"PLASTO Toddler Off Road Soft Neutrals"},"content":{"rendered":"<p>Special Edition &#8211; Soft Neutrals! Lugna och avslappnande f\u00e4rger i mjuka naturliga nyanser. Plasto Soft Neutrals toddler off road har tysta hjul och beh\u00e4ndig f\u00f6rvaring under sitsen. Sitth\u00f6jd\u00a022 cm. F\u00f6rpackningen inneh\u00e5ller massor av klisterm\u00e4rken &#8211; designa din egen! \u00c5ldersrekommendation 1+. Tillverkad i Finland.<\/p>\n","protected":false},"excerpt":{"rendered":"<p>Special Edition &#8211; Soft Neutrals! Lugna och avslappnande f\u00e4rger i mjuka naturliga nyanser. Plasto Soft Neutrals toddler off road har tysta hjul och beh\u00e4ndig f\u00f6rvaring under sitsen. Sitth\u00f6jd\u00a022 cm. F\u00f6rpackningen inneh\u00e5ller massor av klisterm\u00e4rken &#8211; designa din egen! \u00c5ldersrekommendation 1+. Tillverkad i Finland.<\/p>\n","protected":false},"featured_media":0,"template":"","meta":{"content-type":"","_monsterinsights_skip_tracking":false,"_monsterinsights_sitenote_active":false,"_monsterinsights_sitenote_note":"","_monsterinsights_sitenote_category":0},"product_brand":[],"product_cat":[2305],"product_tag":[],"brand":[{"id":2317,"name":"Plasto","slug":"plasto-5"}],"target-group":[],"discontinued":[],"class_list":{"0":"post-1369751","1":"product","2":"type-product","3":"status-publish","5":"product_cat-plasto","6":"brand-plasto-5","8":"first","9":"instock","10":"taxable","11":"shipping-taxable","12":"product-type-simple"},"aioseo_notices":[],"_links":{"self":[{"href":"https:\/\/games.tactic.net\/sv\/wp-json\/wp\/v2\/product\/1369751","targetHints":{"allow":["GET"]}}],"collection":[{"href":"https:\/\/games.tactic.net\/sv\/wp-json\/wp\/v2\/product"}],"about":[{"href":"https:\/\/games.tactic.net\/sv\/wp-json\/wp\/v2\/types\/product"}],"wp:attachment":[{"href":"https:\/\/games.tactic.net\/sv\/wp-json\/wp\/v2\/media?parent=1369751"}],"wp:term":[{"taxonomy":"product_brand","embeddable":true,"href":"https:\/\/games.tactic.net\/sv\/wp-json\/wp\/v2\/product_brand?post=1369751"},{"taxonomy":"product_cat","embeddable":true,"href":"https:\/\/games.tactic.net\/sv\/wp-json\/wp\/v2\/product_cat?post=1369751"},{"taxonomy":"product_tag","embeddable":true,"href":"https:\/\/games.tactic.net\/sv\/wp-json\/wp\/v2\/product_tag?post=1369751"},{"taxonomy":"brand","embeddable":true,"href":"https:\/\/games.tactic.net\/sv\/wp-json\/wp\/v2\/brand?post=1369751"},{"taxonomy":"target-group","embeddable":true,"href":"https:\/\/games.tactic.net\/sv\/wp-json\/wp\/v2\/target-group?post=1369751"},{"taxonomy":"discontinued","embeddable":true,"href":"https:\/\/games.tactic.net\/sv\/wp-json\/wp\/v2\/discontinued?post=1369751"}],"curies":[{"name":"wp","href":"https:\/\/api.w.org\/{rel}","templated":true}]}}