{"id":1369736,"date":"2026-02-24T13:41:33","date_gmt":"2026-02-24T11:41:33","guid":{"rendered":"https:\/\/games.tactic.net\/tuote\/deutz-fahr-8280-ttv-warrior\/"},"modified":"2026-02-24T13:41:33","modified_gmt":"2026-02-24T11:41:33","slug":"deutz-fahr-8280-ttv-warrior","status":"publish","type":"product","link":"https:\/\/games.tactic.net\/sv\/tuote\/deutz-fahr-8280-ttv-warrior\/","title":{"rendered":"DEUTZ-FAHR 8280 TTV Warrior"},"content":{"rendered":"<p>DEUTZ-FAHR 8280 TTV: N\u00e4r kraft m\u00f6ter precision.<\/p>\n<p>8280 TTV \u00e4r en p\u00e5litlig och kraftfull arbetsmaskin med den perfekta teknologiska kombinationen f\u00f6r professionella b\u00f6nder. Med imponerande 287 hk klarar denna traktor alla utmaningar.<\/p>\n<p>Den exklusiva svarta varianten av denna traktor, Warrior, \u00e4r s\u00e4rskilt imponerande n\u00e4r det g\u00e4ller design. N\u00e4r det g\u00e4ller funktionalitet och kvalitet motsvarar den nya BRUDER-modellen i skala 1:16 f\u00f6retagets motto: \u201cjust like the real thing\u201d.<\/p>\n<p>Hytten \u00e4r helt inglasad och har l\u00e4tt\u00f6ppnade d\u00f6rrar.<\/p>\n<p>Det vikbara motorhuven ger en titt p\u00e5 motorn.<\/p>\n<p>L\u00e4tt man\u00f6vrering uppn\u00e5s tack vare den installerade sv\u00e4ngaxeln samt styrf\u00f6rl\u00e4ngningen som kan s\u00e4ttas in genom det skjutbara taket.<\/p>\n<p>En p\u00e5h\u00e4ngbar frontlastare (artikelnummer 03333) kan monteras f\u00f6r att ut\u00f6ka modellen. De avtagbara hjulen \u00f6kar leken ytterligare.<\/p>\n<p>F\u00f6rh\u00f6j v\u00e4rdet p\u00e5 denna fantastiska traktor ytterligare genom att l\u00e4gga till Verkstadsfigursetet (artikelnummer 62100). Sj\u00e4lvklart \u00e4r alla BRUDER jordbrukstrailers och utrustning kompatibla med denna lilla svarta p\u00e4rla.<\/p>\n","protected":false},"excerpt":{"rendered":"<p>DEUTZ-FAHR 8280 TTV: N\u00e4r kraft m\u00f6ter precision.<\/p>\n","protected":false},"featured_media":0,"template":"","meta":{"content-type":"","_monsterinsights_skip_tracking":false,"_monsterinsights_sitenote_active":false,"_monsterinsights_sitenote_note":"","_monsterinsights_sitenote_category":0},"product_brand":[],"product_cat":[823],"product_tag":[],"brand":[],"target-group":[],"discontinued":[],"class_list":{"0":"post-1369736","1":"product","2":"type-product","3":"status-publish","5":"product_cat-bruder","7":"first","8":"instock","9":"taxable","10":"shipping-taxable","11":"product-type-simple"},"aioseo_notices":[],"_links":{"self":[{"href":"https:\/\/games.tactic.net\/sv\/wp-json\/wp\/v2\/product\/1369736","targetHints":{"allow":["GET"]}}],"collection":[{"href":"https:\/\/games.tactic.net\/sv\/wp-json\/wp\/v2\/product"}],"about":[{"href":"https:\/\/games.tactic.net\/sv\/wp-json\/wp\/v2\/types\/product"}],"wp:attachment":[{"href":"https:\/\/games.tactic.net\/sv\/wp-json\/wp\/v2\/media?parent=1369736"}],"wp:term":[{"taxonomy":"product_brand","embeddable":true,"href":"https:\/\/games.tactic.net\/sv\/wp-json\/wp\/v2\/product_brand?post=1369736"},{"taxonomy":"product_cat","embeddable":true,"href":"https:\/\/games.tactic.net\/sv\/wp-json\/wp\/v2\/product_cat?post=1369736"},{"taxonomy":"product_tag","embeddable":true,"href":"https:\/\/games.tactic.net\/sv\/wp-json\/wp\/v2\/product_tag?post=1369736"},{"taxonomy":"brand","embeddable":true,"href":"https:\/\/games.tactic.net\/sv\/wp-json\/wp\/v2\/brand?post=1369736"},{"taxonomy":"target-group","embeddable":true,"href":"https:\/\/games.tactic.net\/sv\/wp-json\/wp\/v2\/target-group?post=1369736"},{"taxonomy":"discontinued","embeddable":true,"href":"https:\/\/games.tactic.net\/sv\/wp-json\/wp\/v2\/discontinued?post=1369736"}],"curies":[{"name":"wp","href":"https:\/\/api.w.org\/{rel}","templated":true}]}}