{"id":1369735,"date":"2026-02-24T13:41:26","date_gmt":"2026-02-24T11:41:26","guid":{"rendered":"https:\/\/games.tactic.net\/tuote\/man-tga-skip-container-truck\/"},"modified":"2026-02-24T13:41:26","modified_gmt":"2026-02-24T11:41:26","slug":"man-tga-skip-container-truck","status":"publish","type":"product","link":"https:\/\/games.tactic.net\/sv\/tuote\/man-tga-skip-container-truck\/","title":{"rendered":"MAN TGA Skip container truck"},"content":{"rendered":"<p>Skip kan hittas p\u00e5 n\u00e4stan varje byggarbetsplats. De g\u00f6r det m\u00f6jligt att lasta rivningsmaterial, jord och andra material utan att hela lastbilen beh\u00f6ver v\u00e4nta.<\/p>\n<p>F\u00f6r v\u00e5ra sm\u00e5 byggarbetare finns MAN TGA skiplastare tillg\u00e4nglig i moderna f\u00e4rger som ytterligare ett fordon i temav\u00e4rlden f\u00f6r nyttofordon.<\/p>\n<p>Skipen kan lastas och lossas med ett enkelt handgrepp.<\/p>\n<p>N\u00e4r kedjorna tas bort kan skipen st\u00e5 kvar p\u00e5 plats och lastbilen \u00e4r fri f\u00f6r andra turer.<\/p>\n<p>St\u00f6den p\u00e5 lastbilen kan f\u00e4llas ut f\u00f6r b\u00e4ttre stabilitet vid lastning och lossning.<\/p>\n<p>Den v\u00e4lk\u00e4nda MAN TGA-cabinen kan tiltas och ger en vy \u00f6ver motorblocket.<\/p>\n","protected":false},"excerpt":{"rendered":"<p>Skip kan hittas p\u00e5 n\u00e4stan varje byggarbetsplats. De g\u00f6r det m\u00f6jligt att lasta rivningsmaterial, jord och andra material utan att hela lastbilen beh\u00f6ver v\u00e4nta.<\/p>\n","protected":false},"featured_media":0,"template":"","meta":{"content-type":"","_monsterinsights_skip_tracking":false,"_monsterinsights_sitenote_active":false,"_monsterinsights_sitenote_note":"","_monsterinsights_sitenote_category":0},"product_brand":[],"product_cat":[823],"product_tag":[],"brand":[],"target-group":[],"discontinued":[],"class_list":{"0":"post-1369735","1":"product","2":"type-product","3":"status-publish","5":"product_cat-bruder","7":"first","8":"instock","9":"taxable","10":"shipping-taxable","11":"product-type-simple"},"aioseo_notices":[],"_links":{"self":[{"href":"https:\/\/games.tactic.net\/sv\/wp-json\/wp\/v2\/product\/1369735","targetHints":{"allow":["GET"]}}],"collection":[{"href":"https:\/\/games.tactic.net\/sv\/wp-json\/wp\/v2\/product"}],"about":[{"href":"https:\/\/games.tactic.net\/sv\/wp-json\/wp\/v2\/types\/product"}],"wp:attachment":[{"href":"https:\/\/games.tactic.net\/sv\/wp-json\/wp\/v2\/media?parent=1369735"}],"wp:term":[{"taxonomy":"product_brand","embeddable":true,"href":"https:\/\/games.tactic.net\/sv\/wp-json\/wp\/v2\/product_brand?post=1369735"},{"taxonomy":"product_cat","embeddable":true,"href":"https:\/\/games.tactic.net\/sv\/wp-json\/wp\/v2\/product_cat?post=1369735"},{"taxonomy":"product_tag","embeddable":true,"href":"https:\/\/games.tactic.net\/sv\/wp-json\/wp\/v2\/product_tag?post=1369735"},{"taxonomy":"brand","embeddable":true,"href":"https:\/\/games.tactic.net\/sv\/wp-json\/wp\/v2\/brand?post=1369735"},{"taxonomy":"target-group","embeddable":true,"href":"https:\/\/games.tactic.net\/sv\/wp-json\/wp\/v2\/target-group?post=1369735"},{"taxonomy":"discontinued","embeddable":true,"href":"https:\/\/games.tactic.net\/sv\/wp-json\/wp\/v2\/discontinued?post=1369735"}],"curies":[{"name":"wp","href":"https:\/\/api.w.org\/{rel}","templated":true}]}}