{"id":1369734,"date":"2026-02-24T13:41:19","date_gmt":"2026-02-24T11:41:19","guid":{"rendered":"https:\/\/games.tactic.net\/tuote\/self-loading-bale-trailer\/"},"modified":"2026-02-24T13:41:19","modified_gmt":"2026-02-24T11:41:19","slug":"self-loading-bale-trailer","status":"publish","type":"product","link":"https:\/\/games.tactic.net\/sv\/tuote\/self-loading-bale-trailer\/","title":{"rendered":"Self loading bale trailer"},"content":{"rendered":"<p>I modern jordbruk \u00e4r effektivitet en avg\u00f6rande faktor. BRUDER rundbalsinsamlaren l\u00e5ter unga b\u00f6nder uppleva dessa f\u00f6rdelar genom lek.<\/p>\n<p>Sl\u00e4pvagnen kan kopplas bakom en traktor fr\u00e5n 1000- till 3000-serien, eller direkt bakom en rundbalspress med BRUDER dragkrok.<\/p>\n<p>Tack vare dragkrokens sidof\u00f6rskjutning kan rundbalarna placeras direkt p\u00e5 uppsamlingsmekanismen och sedan enkelt lyftas upp p\u00e5 lastytan.<\/p>\n<p>F\u00f6r att lossa, \u00f6ppna bara l\u00e5sen och tippa lastytan.<\/p>\n<p>Det omfattande BRUDER-sortimentet inom jordbrukskategorin inkluderar m\u00e5nga traktorer fr\u00e5n 1000- till 3000-serien samt balpressar med den typiska BRUDER-dragkroken.<\/p>\n","protected":false},"excerpt":{"rendered":"<p>I modern jordbruk \u00e4r effektivitet en avg\u00f6rande faktor. BRUDER rundbalsinsamlaren l\u00e5ter unga b\u00f6nder uppleva dessa f\u00f6rdelar genom lek.<\/p>\n","protected":false},"featured_media":0,"template":"","meta":{"content-type":"","_monsterinsights_skip_tracking":false,"_monsterinsights_sitenote_active":false,"_monsterinsights_sitenote_note":"","_monsterinsights_sitenote_category":0},"product_brand":[],"product_cat":[823],"product_tag":[],"brand":[],"target-group":[],"discontinued":[],"class_list":{"0":"post-1369734","1":"product","2":"type-product","3":"status-publish","5":"product_cat-bruder","7":"first","8":"instock","9":"taxable","10":"shipping-taxable","11":"product-type-simple"},"aioseo_notices":[],"_links":{"self":[{"href":"https:\/\/games.tactic.net\/sv\/wp-json\/wp\/v2\/product\/1369734","targetHints":{"allow":["GET"]}}],"collection":[{"href":"https:\/\/games.tactic.net\/sv\/wp-json\/wp\/v2\/product"}],"about":[{"href":"https:\/\/games.tactic.net\/sv\/wp-json\/wp\/v2\/types\/product"}],"wp:attachment":[{"href":"https:\/\/games.tactic.net\/sv\/wp-json\/wp\/v2\/media?parent=1369734"}],"wp:term":[{"taxonomy":"product_brand","embeddable":true,"href":"https:\/\/games.tactic.net\/sv\/wp-json\/wp\/v2\/product_brand?post=1369734"},{"taxonomy":"product_cat","embeddable":true,"href":"https:\/\/games.tactic.net\/sv\/wp-json\/wp\/v2\/product_cat?post=1369734"},{"taxonomy":"product_tag","embeddable":true,"href":"https:\/\/games.tactic.net\/sv\/wp-json\/wp\/v2\/product_tag?post=1369734"},{"taxonomy":"brand","embeddable":true,"href":"https:\/\/games.tactic.net\/sv\/wp-json\/wp\/v2\/brand?post=1369734"},{"taxonomy":"target-group","embeddable":true,"href":"https:\/\/games.tactic.net\/sv\/wp-json\/wp\/v2\/target-group?post=1369734"},{"taxonomy":"discontinued","embeddable":true,"href":"https:\/\/games.tactic.net\/sv\/wp-json\/wp\/v2\/discontinued?post=1369734"}],"curies":[{"name":"wp","href":"https:\/\/api.w.org\/{rel}","templated":true}]}}